{"id":943,"date":"2023-03-22T21:50:16","date_gmt":"2023-03-22T20:50:16","guid":{"rendered":"https:\/\/www.cfos-emobility.de\/network\/?page_id=943"},"modified":"2024-07-01T09:59:33","modified_gmt":"2024-07-01T07:59:33","slug":"cfos-power-brain-wallbox-nachruestkit-solar","status":"publish","type":"page","link":"https:\/\/www.cfos-emobility.de\/network\/cfos-power-brain-wallbox-nachruestkit-solar\/","title":{"rendered":"cFos Power Brain Wallbox &#8211; Nachr\u00fcstkit Solar"},"content":{"rendered":"<div class=\"wpb-content-wrapper\"><p>[vc_row][vc_column]<div class=\"porto-sicon-box  wpb_custom_71cccc44389bed8188b26790dffe73e2 style_1 default-icon\"><div class=\"porto-sicon-default\"><div class=\"porto-just-icon-wrapper porto-icon none\" data-appear-animation=\"pulse\" style=\"color:#dd3333;font-size:32px;\"><i class=\"fas fa-exclamation\"><\/i><\/div><\/div><div class=\"porto-sicon-header\"><h3 class=\"porto-sicon-title\" style=\"color:#dd3333;\">nur noch bis 30.06.2024 erh\u00e4ltlich.<\/h3><\/div> <!-- header --><\/div><!-- porto-sicon-box -->[vc_column_text]<\/p>\n<h3>Willkommen!<\/h3>\n<p>Um Ihnen ein Nachr\u00fcstkit f\u00fcr den Umbau Ihrer <strong>cFos Power Brain Wallbox<\/strong> zu einer<br \/>\n<strong>cFos Power Brain Wallbox Solar<\/strong> anbieten zu k\u00f6nnen, ben\u00f6tigen wir Detail-Informationen zu Ihrer Wallbox.<\/p>\n<p>Mit dem Nachr\u00fcst-Kit k\u00f6nnen Sie eine <strong>cFos Power Brain Wallbox<\/strong> in eine <strong>cFos Power Brain Wallbox Solar<\/strong> umbauen lassen.<\/p>\n<p>Das <strong>Nachr\u00fcstkit Solar<\/strong> gibt es in 2 Varianten. Welche Variante f\u00fcr den Umbau in Frage kommt ist im Wesentlichen abh\u00e4ngig von dem <a href=\"https:\/\/www.cfos-emobility.de\/network\/antworten\/gibt-es-verschiedene-cfos-power-brain-controller\/\" target=\"_blank\" rel=\"noopener\">cFos Power Brain Controller<\/a>, der in Ihrer Wallbox verbaut wurde. Wie die unterschiedlichen Controller aussehen, sehen Sie <a href=\"https:\/\/www.cfos-emobility.de\/network\/antworten\/gibt-es-verschiedene-cfos-power-brain-controller\/\" target=\"_blank\" rel=\"noopener\">hier<\/a>.<\/p>\n<h3>Wichtiger Hinweis<\/h3>\n<p>Der Umbau darf nur von einem Elektriker vorgenommen werden. Die Kosten daf\u00fcr \u00fcbernehmen wir nicht.<br \/>\nDie Fachkraft muss alle weiteren, ben\u00f6tigten Bauteile, wie Anschlussklemmen, Dr\u00e4hte oder Kabels\u00e4tze selbst bereitstellen.[\/vc_column_text][\/vc_column][\/vc_row][vc_row][vc_column width=&#8220;1\/2&#8243;][vc_column_text]<\/p>\n<h4><strong>Nachr\u00fcstkit &#8222;Nur Sch\u00fctz&#8220;<\/strong><\/h4>\n<p>kommt f\u00fcr cFos Power Brain Wallboxen in Frage, die den aktuellen &#8222;Rev F&#8220;-Controller verbaut haben.<br \/>\n<strong>Preis: 49,- EUR Brutto<br \/>\n<\/strong><\/p>\n<p>Lieferumfang:<\/p>\n<ul>\n<li>Lovato 32 A Sch\u00fctz , 1-phasig<\/li>\n<li>passender Stromlaufplan<\/li>\n<\/ul>\n<p>[\/vc_column_text][\/vc_column][vc_column width=&#8220;1\/2&#8243;][vc_column_text]<\/p>\n<h4><strong>Nachr\u00fcstkit &#8222;Sch\u00fctz + Controller Rev F&#8220;<\/strong><\/h4>\n<p>f\u00fcr cFos Power Brain Wallboxen, die mit dem &#8222;Rev B&#8220;-oder &#8222;Rev C&#8220;-Controller ausgestattet sind.<br \/>\n<strong>Preis: 129,-EUR\u00a0 Brutto + 50 EUR Pfand f\u00fcr den alten Controller<br \/>\n<\/strong>(Wenn sie uns den alten Controller zur\u00fcckschicken, erhalten Sie 50 EUR Pfand erstattet, sobald dieser bei uns eingegangen ist und gepr\u00fcft wurde)<\/p>\n<p>&nbsp;<\/p>\n<p>Lieferumfang:<\/p>\n<ul>\n<li>Lovato 32 A Sch\u00fctz , 1-phasig<\/li>\n<li>cFos Power Brain Controller\u00a0 (Rev. F)<\/li>\n<li>passender Stromlaufplan<\/li>\n<li>Retourenschein DHL f\u00fcr Ihren alten Controller<\/li>\n<\/ul>\n<p>[\/vc_column_text][\/vc_column][\/vc_row][vc_row disable_element=&#8220;yes&#8220; conditional_render=&#8220;%5B%7B%22value_role%22%3A%22administrator%22%7D%5D&#8220;][vc_column][vc_column_text]<\/p>\n<h4>Weitere Details zu den Nachr\u00fcstkits erhalten Sie nach Ausf\u00fcllen des folgenden Formulars per Email:<\/h4>\n<p>[\/vc_column_text][vc_separator]<div class=\"porto-sicon-box  wpb_custom_71cccc44389bed8188b26790dffe73e2 style_1 default-icon\"><div class=\"porto-sicon-default\"><div class=\"porto-just-icon-wrapper porto-icon none\" data-appear-animation=\"pulse\" style=\"color:#dd3333;font-size:32px;\"><i class=\"fas fa-exclamation\"><\/i><\/div><\/div><div class=\"porto-sicon-header\"><h3 class=\"porto-sicon-title\" style=\"color:#dd3333;\">nur noch bis 30.06.2024 erh\u00e4ltlich.<\/h3><\/div> <!-- header --><\/div><!-- porto-sicon-box -->[vc_column_text]<form  class=\"kaliforms-form-container bootstrap-wrapper  \" data-form-id=\"834\" style=\"opacity:0\"><h3>Formular: Nachr\u00fcstkit Solar<\/h3><div id=\"kaliforms-global-error-message-834\" class=\"global-error-message\">Etwas ist schiefgelaufen, bitte versuchen Sie Ihren letzten Schritt erneut.<\/div><div class=\"row kali-form-field-row\"><div class=\"col-12 col-md-12 \"><label  for=\"name\">Name \/ Firma<\/label><input  data-internal-id=\"textbox18\" type=\"text\" id=\"name\" name=\"name\" data-properties.type=\"text\" ><\/div><\/div><div class=\"row kali-form-field-row\"><div class=\"col-12\"><hr \/><\/div><\/div><div class=\"row kali-form-field-row\"><div class=\"col-12 col-md-12 \"><label  for=\"email1\">Ihre E-Mail-Adresse <span class=\"kali-required-mark\"><\/span><\/label><input  data-internal-id=\"email1\" type=\"email\" id=\"email1\" name=\"email\"required  class=\"input\"><\/div><\/div><div class=\"row kali-form-field-row\"><div class=\"col-12\"><hr \/><\/div><\/div><div class=\"row kali-form-field-row\"><div class=\"col-12 col-md-12 \"><label class=\"checkbox-label\" style=\"margin-bottom:15px;display:inline-block\">Welcher Controller ist in Ihrer Wallbox verbaut? <span class=\"kali-required-mark\"><\/span><\/label><label class=\"checkbox-label\"><input  data-internal-id=\"checkbox6\" type=\"checkbox\" id=\"controller0\" name=\"controller\" data-flow=\"vertical\" required  class=\"input\"  value=\"rev_c\">Alter Controller (Rev C, mit Geh\u00e4usedeckel, 4TEs breit)<\/label><label class=\"checkbox-label\"><input  data-internal-id=\"checkbox6\" type=\"checkbox\" id=\"controller1\" name=\"controller\" data-flow=\"vertical\" required  class=\"input\"  value=\"rev_f\">Neuer Controller (Rev F, ohne Geh\u00e4usedeckel, 5 TEs breit))<\/label><\/div><\/div><div class=\"row kali-form-field-row\"><div class=\"col-12\"><hr \/><\/div><\/div><div class=\"row kali-form-field-row\"><div class=\"col-12 col-md-12 \"><label class=\"radio-label\" style=\"margin-bottom:15px;display:inline-block\">Welches Geh\u00e4use hat Ihre cFos Power Brain Wallbox? <span class=\"kali-required-mark\"><\/span><\/label><label class=\"radio-label\"><input  data-internal-id=\"radio12\" type=\"radio\" id=\"housing0\" name=\"housing\" data-flow=\"vertical\" required  class=\"input\"  value=\"classic\">Classic (graues Geh\u00e4use)<\/label><label class=\"radio-label\"><input  data-internal-id=\"radio12\" type=\"radio\" id=\"housing1\" name=\"housing\" data-flow=\"vertical\" required  class=\"input\"  value=\"ng\">Next Generation (schwarzes Geh\u00e4use)<\/label><\/div><\/div><div class=\"row kali-form-field-row\"><div class=\"col-12\"><hr \/><\/div><\/div><div class=\"row kali-form-field-row\"><div class=\"col-12 col-md-12 \"><label class=\"radio-label\" style=\"margin-bottom:15px;display:inline-block\">Welche Leistung hat ihre cFos Power Brain Wallbox? <span class=\"kali-required-mark\"><\/span><\/label><label class=\"radio-label\"><input  data-internal-id=\"radio11\" type=\"radio\" id=\"power0\" name=\"power\" data-flow=\"vertical\" required  class=\"input\"  value=\"11kw\">11 kW<\/label><label class=\"radio-label\"><input  data-internal-id=\"radio11\" type=\"radio\" id=\"power1\" name=\"power\" data-flow=\"vertical\" required  class=\"input\"  value=\"22kW\">22 kW<\/label><label class=\"radio-label\"><input  data-internal-id=\"radio11\" type=\"radio\" id=\"power2\" name=\"power\" data-flow=\"vertical\" required  class=\"input\"  value=\"22 kW, gedrosselt\">22 kW, gedrosselt<\/label><\/div><\/div><div class=\"row kali-form-field-row\"><div class=\"col-12\"><hr \/><\/div><\/div><div class=\"row kali-form-field-row\"><div class=\"col-12 col-md-12 \"><label  for=\"serial\">Welche Seriennummer hat Ihre Wallbox? <span class=\"kali-required-mark\"><\/span><\/label><input  data-internal-id=\"textbox10\" type=\"text\" id=\"serial\" name=\"serial\" data-properties.type=\"text\"  placeholder=\"z.B. W00-0123\"required ><small>Hinweis: Die Seriennummer finden Sie auf dem Controller selbst oder im Charging Manager unter &quot;Konfiguration\/Hardware&quot;.<\/small><\/div><\/div><div class=\"row kali-form-field-row\"><div class=\"col-12 col-md-12 \"><input  data-internal-id=\"submitbutton9\" type=\"submit\" id=\"submitButton9\" data-style=\"default\"  name=\"submitButton9\" class=\"input\" value=\"Absenden\" ><\/div><\/div><label class=\"khpfield\" for=\"kf-name-field\"><input class=\"khpfield\" id=\"kf-name-field\" name=\"kf-name-field\" autocomplete=\"off\" type=\"textbox\" \/><\/label><label class=\"khpfield\" for=\"kf-email-field\"><input class=\"khpfield\" id=\"kf-email-field\" name=\"kf-email-field\" autocomplete=\"off\" type=\"textbox\" \/><\/label><!-- This form was built using Kali Forms --><\/form>[\/vc_column_text][vc_separator][\/vc_column][\/vc_row]<\/p>\n<\/div>","protected":false},"excerpt":{"rendered":"<p>[vc_row][vc_column][vc_column_text] Willkommen! Um Ihnen ein Nachr\u00fcstkit f\u00fcr den Umbau Ihrer cFos Power Brain Wallbox zu einer cFos Power Brain Wallbox Solar anbieten zu k\u00f6nnen, ben\u00f6tigen wir Detail-Informationen zu Ihrer Wallbox. Mit dem Nachr\u00fcst-Kit k\u00f6nnen Sie eine cFos Power Brain Wallbox in eine cFos Power Brain Wallbox Solar umbauen lassen. Das Nachr\u00fcstkit Solar gibt es in [&hellip;]<\/p>\n","protected":false},"author":1,"featured_media":0,"parent":0,"menu_order":0,"comment_status":"closed","ping_status":"closed","template":"","meta":{"footnotes":""},"categories":[],"tags":[],"class_list":["post-943","page","type-page","status-publish","hentry"],"yoast_head":"<!-- This site is optimized with the Yoast SEO plugin v27.5 - https:\/\/yoast.com\/product\/yoast-seo-wordpress\/ -->\n<title>cFos Power Brain Wallbox - Nachr\u00fcstkit Solar - cFos eMobility Network<\/title>\n<meta name=\"robots\" content=\"index, follow, max-snippet:-1, max-image-preview:large, max-video-preview:-1\" \/>\n<link rel=\"canonical\" href=\"https:\/\/www.cfos-emobility.de\/network\/cfos-power-brain-wallbox-nachruestkit-solar\/\" \/>\n<meta property=\"og:locale\" content=\"de_DE\" \/>\n<meta property=\"og:type\" content=\"article\" \/>\n<meta property=\"og:title\" content=\"cFos Power Brain Wallbox - Nachr\u00fcstkit Solar - cFos eMobility Network\" \/>\n<meta property=\"og:description\" content=\"[vc_row][vc_column][vc_column_text] Willkommen! Um Ihnen ein Nachr\u00fcstkit f\u00fcr den Umbau Ihrer cFos Power Brain Wallbox zu einer cFos Power Brain Wallbox Solar anbieten zu k\u00f6nnen, ben\u00f6tigen wir Detail-Informationen zu Ihrer Wallbox. Mit dem Nachr\u00fcst-Kit k\u00f6nnen Sie eine cFos Power Brain Wallbox in eine cFos Power Brain Wallbox Solar umbauen lassen. Das Nachr\u00fcstkit Solar gibt es in [&hellip;]\" \/>\n<meta property=\"og:url\" content=\"https:\/\/www.cfos-emobility.de\/network\/cfos-power-brain-wallbox-nachruestkit-solar\/\" \/>\n<meta property=\"og:site_name\" content=\"cFos eMobility Network\" \/>\n<meta property=\"article:modified_time\" content=\"2024-07-01T07:59:33+00:00\" \/>\n<meta name=\"twitter:card\" content=\"summary_large_image\" \/>\n<meta name=\"twitter:site\" content=\"@cFosEmobility\" \/>\n<meta name=\"twitter:label1\" content=\"Gesch\u00e4tzte Lesezeit\" \/>\n\t<meta name=\"twitter:data1\" content=\"2\u00a0Minuten\" \/>\n<script type=\"application\/ld+json\" class=\"yoast-schema-graph\">{\"@context\":\"https:\\\/\\\/schema.org\",\"@graph\":[{\"@type\":\"WebPage\",\"@id\":\"https:\\\/\\\/www.cfos-emobility.de\\\/network\\\/cfos-power-brain-wallbox-nachruestkit-solar\\\/\",\"url\":\"https:\\\/\\\/www.cfos-emobility.de\\\/network\\\/cfos-power-brain-wallbox-nachruestkit-solar\\\/\",\"name\":\"cFos Power Brain Wallbox - Nachr\u00fcstkit Solar - cFos eMobility Network\",\"isPartOf\":{\"@id\":\"https:\\\/\\\/www.cfos-emobility.de\\\/network\\\/#website\"},\"datePublished\":\"2023-03-22T20:50:16+00:00\",\"dateModified\":\"2024-07-01T07:59:33+00:00\",\"breadcrumb\":{\"@id\":\"https:\\\/\\\/www.cfos-emobility.de\\\/network\\\/cfos-power-brain-wallbox-nachruestkit-solar\\\/#breadcrumb\"},\"inLanguage\":\"de\",\"potentialAction\":[{\"@type\":\"ReadAction\",\"target\":[\"https:\\\/\\\/www.cfos-emobility.de\\\/network\\\/cfos-power-brain-wallbox-nachruestkit-solar\\\/\"]}]},{\"@type\":\"BreadcrumbList\",\"@id\":\"https:\\\/\\\/www.cfos-emobility.de\\\/network\\\/cfos-power-brain-wallbox-nachruestkit-solar\\\/#breadcrumb\",\"itemListElement\":[{\"@type\":\"ListItem\",\"position\":1,\"name\":\"Startseite\",\"item\":\"https:\\\/\\\/www.cfos-emobility.de\\\/network\\\/\"},{\"@type\":\"ListItem\",\"position\":2,\"name\":\"cFos Power Brain Wallbox &#8211; Nachr\u00fcstkit Solar\"}]},{\"@type\":\"WebSite\",\"@id\":\"https:\\\/\\\/www.cfos-emobility.de\\\/network\\\/#website\",\"url\":\"https:\\\/\\\/www.cfos-emobility.de\\\/network\\\/\",\"name\":\"cFos eMobility Network\",\"description\":\"Das cFos Power Brain Community Portal\",\"publisher\":{\"@id\":\"https:\\\/\\\/www.cfos-emobility.de\\\/network\\\/#organization\"},\"potentialAction\":[{\"@type\":\"SearchAction\",\"target\":{\"@type\":\"EntryPoint\",\"urlTemplate\":\"https:\\\/\\\/www.cfos-emobility.de\\\/network\\\/?s={search_term_string}\"},\"query-input\":{\"@type\":\"PropertyValueSpecification\",\"valueRequired\":true,\"valueName\":\"search_term_string\"}}],\"inLanguage\":\"de\"},{\"@type\":\"Organization\",\"@id\":\"https:\\\/\\\/www.cfos-emobility.de\\\/network\\\/#organization\",\"name\":\"cFos eMobility GmbH\",\"url\":\"https:\\\/\\\/www.cfos-emobility.de\\\/network\\\/\",\"logo\":{\"@type\":\"ImageObject\",\"inLanguage\":\"de\",\"@id\":\"https:\\\/\\\/www.cfos-emobility.de\\\/network\\\/#\\\/schema\\\/logo\\\/image\\\/\",\"url\":\"https:\\\/\\\/www.cfos-emobility.de\\\/network\\\/wp-content\\\/uploads\\\/2021\\\/12\\\/cfos-emobility-logo.jpg\",\"contentUrl\":\"https:\\\/\\\/www.cfos-emobility.de\\\/network\\\/wp-content\\\/uploads\\\/2021\\\/12\\\/cfos-emobility-logo.jpg\",\"width\":221,\"height\":80,\"caption\":\"cFos eMobility GmbH\"},\"image\":{\"@id\":\"https:\\\/\\\/www.cfos-emobility.de\\\/network\\\/#\\\/schema\\\/logo\\\/image\\\/\"},\"sameAs\":[\"https:\\\/\\\/x.com\\\/cFosEmobility\"]}]}<\/script>\n<!-- \/ Yoast SEO plugin. -->","yoast_head_json":{"title":"cFos Power Brain Wallbox - Nachr\u00fcstkit Solar - cFos eMobility Network","robots":{"index":"index","follow":"follow","max-snippet":"max-snippet:-1","max-image-preview":"max-image-preview:large","max-video-preview":"max-video-preview:-1"},"canonical":"https:\/\/www.cfos-emobility.de\/network\/cfos-power-brain-wallbox-nachruestkit-solar\/","og_locale":"de_DE","og_type":"article","og_title":"cFos Power Brain Wallbox - Nachr\u00fcstkit Solar - cFos eMobility Network","og_description":"[vc_row][vc_column][vc_column_text] Willkommen! Um Ihnen ein Nachr\u00fcstkit f\u00fcr den Umbau Ihrer cFos Power Brain Wallbox zu einer cFos Power Brain Wallbox Solar anbieten zu k\u00f6nnen, ben\u00f6tigen wir Detail-Informationen zu Ihrer Wallbox. Mit dem Nachr\u00fcst-Kit k\u00f6nnen Sie eine cFos Power Brain Wallbox in eine cFos Power Brain Wallbox Solar umbauen lassen. Das Nachr\u00fcstkit Solar gibt es in [&hellip;]","og_url":"https:\/\/www.cfos-emobility.de\/network\/cfos-power-brain-wallbox-nachruestkit-solar\/","og_site_name":"cFos eMobility Network","article_modified_time":"2024-07-01T07:59:33+00:00","twitter_card":"summary_large_image","twitter_site":"@cFosEmobility","twitter_misc":{"Gesch\u00e4tzte Lesezeit":"2\u00a0Minuten"},"schema":{"@context":"https:\/\/schema.org","@graph":[{"@type":"WebPage","@id":"https:\/\/www.cfos-emobility.de\/network\/cfos-power-brain-wallbox-nachruestkit-solar\/","url":"https:\/\/www.cfos-emobility.de\/network\/cfos-power-brain-wallbox-nachruestkit-solar\/","name":"cFos Power Brain Wallbox - Nachr\u00fcstkit Solar - cFos eMobility Network","isPartOf":{"@id":"https:\/\/www.cfos-emobility.de\/network\/#website"},"datePublished":"2023-03-22T20:50:16+00:00","dateModified":"2024-07-01T07:59:33+00:00","breadcrumb":{"@id":"https:\/\/www.cfos-emobility.de\/network\/cfos-power-brain-wallbox-nachruestkit-solar\/#breadcrumb"},"inLanguage":"de","potentialAction":[{"@type":"ReadAction","target":["https:\/\/www.cfos-emobility.de\/network\/cfos-power-brain-wallbox-nachruestkit-solar\/"]}]},{"@type":"BreadcrumbList","@id":"https:\/\/www.cfos-emobility.de\/network\/cfos-power-brain-wallbox-nachruestkit-solar\/#breadcrumb","itemListElement":[{"@type":"ListItem","position":1,"name":"Startseite","item":"https:\/\/www.cfos-emobility.de\/network\/"},{"@type":"ListItem","position":2,"name":"cFos Power Brain Wallbox &#8211; Nachr\u00fcstkit Solar"}]},{"@type":"WebSite","@id":"https:\/\/www.cfos-emobility.de\/network\/#website","url":"https:\/\/www.cfos-emobility.de\/network\/","name":"cFos eMobility Network","description":"Das cFos Power Brain Community Portal","publisher":{"@id":"https:\/\/www.cfos-emobility.de\/network\/#organization"},"potentialAction":[{"@type":"SearchAction","target":{"@type":"EntryPoint","urlTemplate":"https:\/\/www.cfos-emobility.de\/network\/?s={search_term_string}"},"query-input":{"@type":"PropertyValueSpecification","valueRequired":true,"valueName":"search_term_string"}}],"inLanguage":"de"},{"@type":"Organization","@id":"https:\/\/www.cfos-emobility.de\/network\/#organization","name":"cFos eMobility GmbH","url":"https:\/\/www.cfos-emobility.de\/network\/","logo":{"@type":"ImageObject","inLanguage":"de","@id":"https:\/\/www.cfos-emobility.de\/network\/#\/schema\/logo\/image\/","url":"https:\/\/www.cfos-emobility.de\/network\/wp-content\/uploads\/2021\/12\/cfos-emobility-logo.jpg","contentUrl":"https:\/\/www.cfos-emobility.de\/network\/wp-content\/uploads\/2021\/12\/cfos-emobility-logo.jpg","width":221,"height":80,"caption":"cFos eMobility GmbH"},"image":{"@id":"https:\/\/www.cfos-emobility.de\/network\/#\/schema\/logo\/image\/"},"sameAs":["https:\/\/x.com\/cFosEmobility"]}]}},"_links":{"self":[{"href":"https:\/\/www.cfos-emobility.de\/network\/wp-json\/wp\/v2\/pages\/943","targetHints":{"allow":["GET"]}}],"collection":[{"href":"https:\/\/www.cfos-emobility.de\/network\/wp-json\/wp\/v2\/pages"}],"about":[{"href":"https:\/\/www.cfos-emobility.de\/network\/wp-json\/wp\/v2\/types\/page"}],"author":[{"embeddable":true,"href":"https:\/\/www.cfos-emobility.de\/network\/wp-json\/wp\/v2\/users\/1"}],"replies":[{"embeddable":true,"href":"https:\/\/www.cfos-emobility.de\/network\/wp-json\/wp\/v2\/comments?post=943"}],"version-history":[{"count":0,"href":"https:\/\/www.cfos-emobility.de\/network\/wp-json\/wp\/v2\/pages\/943\/revisions"}],"wp:attachment":[{"href":"https:\/\/www.cfos-emobility.de\/network\/wp-json\/wp\/v2\/media?parent=943"}],"wp:term":[{"taxonomy":"category","embeddable":true,"href":"https:\/\/www.cfos-emobility.de\/network\/wp-json\/wp\/v2\/categories?post=943"},{"taxonomy":"post_tag","embeddable":true,"href":"https:\/\/www.cfos-emobility.de\/network\/wp-json\/wp\/v2\/tags?post=943"}],"curies":[{"name":"wp","href":"https:\/\/api.w.org\/{rel}","templated":true}]}}