{"id":4937,"date":"2025-01-10T09:39:03","date_gmt":"2025-01-10T08:39:03","guid":{"rendered":"https:\/\/www.cfos-emobility.de\/network\/?page_id=4937"},"modified":"2025-03-28T09:38:59","modified_gmt":"2025-03-28T08:38:59","slug":"laderegelsaetze","status":"publish","type":"page","link":"https:\/\/www.cfos-emobility.de\/network\/service\/anleitungen\/laderegelsaetze\/","title":{"rendered":"Laderegels\u00e4tze"},"content":{"rendered":"<div class=\"wpb-content-wrapper\"><p>[vc_row][vc_column][vc_column_text css=&#8220;&#8220; css_params=&#8220;&#8220;]<\/p>\n<h2>\u00dcbersicht der cFos Charging Manager Laderegels\u00e4tze<\/h2>\n<p>[\/vc_column_text][vc_column_text css=&#8220;&#8220; css_params=&#8220;&#8220;]<\/p>\n<p data-pos=\"32\"><strong data-pos=\"34\">Charge at most X kWh<\/strong><br data-pos=\"56\" \/>(Lade h\u00f6chstens X kWh)<br \/>\nWenn man wei\u00df, wieviel kWh pro Tag n\u00f6tig ist, kann man diese Laderegel verwenden. Es werden dann immer nur so viele kWh geladen, bis das eingestellte Limit erreicht ist.<\/p>\n<p data-pos=\"81\"><strong data-pos=\"83\">Charge when price level &#8218;cheap&#8216;<\/strong><br data-pos=\"116\" \/>(Lade, wenn der Preis niedrig ist)<br \/>\nDiese Regel bietet sich an, wenn man einen Energieanbieter mit variablen Stromtarifen hat. Es wird nur geladen, wenn die Kosten einen bestimmtes, niedriges Preislevel erreicht haben.<\/p>\n<p data-pos=\"153\"><a href=\"https:\/\/www.cfos-emobility.de\/network\/portfolio\/laderegelsatz-01\/\"><strong data-pos=\"155\">PV surplus<\/strong><\/a><br data-pos=\"167\" \/>(<strong>PV-\u00dcberschussladen<\/strong>)<br \/>\nDer Klassiker, mit dem das Auto mit andernfalls eingespeisten Strom der PV-Anlage geladen wird. Es wird immer nur soviel geladen, wie gerade an \u00dcberschuss zur Verf\u00fcgung steht. Sie k\u00f6nnen als Parameter in dem Regelsatz einstellen, ab welchem \u00dcberschuss das Laden starten soll.<\/p>\n<p data-pos=\"185\"><a href=\"https:\/\/www.cfos-emobility.de\/network\/portfolio\/laderegelsatz-02\/\"><strong data-pos=\"187\">Charge surplus; after X:00 o&#8217;clock, charge to Y kWh total<\/strong><\/a><br data-pos=\"246\" \/>(<strong>PV-\u00dcberschussladen, aber ab einer bestimmten Uhrzeit maximal x kWh<\/strong>)<br \/>\nSie wissen, dass sie t\u00e4glich eine bestimmte Anzahl Kilometer fahren und daher x kWh Energie in die Batterie laden m\u00fcssen. Sollte tags\u00fcber, z.B. durch schlechtes Wetter, die gew\u00fcnschte Menge an kWh nicht als PV-\u00dcberschuss geladen werden, wird ab einer bestimmten Uhrzeit die fehlende Menge durch Netzbezug nachgeholt.<\/p>\n<p data-pos=\"311\"><strong data-pos=\"313\">PV surplus; after X:00 o&#8217;clock charge when cheap<\/strong><br data-pos=\"363\" \/>(PV-\u00dcberschuss; nach X:00 Uhr laden, wenn der Preis niedrig ist)<br \/>\nDies kombiniert PV-\u00dcberschussladen und Energieanbieter mit variablen Stromtarifen. Es wird zun\u00e4chst versucht, PV-\u00dcberschuss zu laden. Ab einer bestimmten Uhrzeit (wenn die Solaranlage nicht mehr genug Strom liefert), schaut der Charging Manager auf den Strompreis und l\u00e4dt, wenn dieser niedrig ist.<\/p>\n<p data-pos=\"430\"><strong data-pos=\"432\">PV surplus, but with at least X mA<\/strong><br data-pos=\"468\" \/>(PV-\u00dcberschuss, aber mit mindestens X mA)<br \/>\nPV-\u00dcberschussladen f\u00fcr kleine Solaranlagen bzw. hohen Bedarf an t\u00e4glichen kWh. Es wird mindestens ein eingestellter Strom geladen, aber mehr, wenn die Solaranlage mehr liefert. Damit hat man unabh\u00e4ngig von der Sonneneinstrahlung immer eine bestimmte Mindestmenge geladen.<\/p>\n<p data-pos=\"430\"><strong>When PV-surplus, then at least X mA<\/strong><br \/>\n(Wenn PV-\u00dcberschuss, dann mindestens X mA)<br \/>\nPV-\u00dcberschussladen f\u00fcr Zeiten hoher Sonneneinstrahlung. Die Ladung erfolgt nur, wenn gen\u00fcgend PV-\u00dcberschuss vorhanden ist, aber dann immer mit mindestens einem eingestellten Strom. Diese Regel garantiert eine effiziente Nutzung der Solarleistung, indem sie das Laden auf Zeiten beschr\u00e4nkt, in denen ausreichend \u00dcberschussenergie verf\u00fcgbar ist.<\/p>\n<h3 data-pos=\"430\"><strong> Schaltsteckdose bei niedrigem Preis schalten:<\/strong><\/h3>\n<p data-pos=\"512\"><strong data-pos=\"514\">Relay: set output of relay if price cheap<\/strong><br data-pos=\"557\" \/>(Relais: Ausgang setzen, wenn der Preis niedrig ist)<br \/>\n<strong data-pos=\"614\">Trigger relay output when price cheap<\/strong><br data-pos=\"653\" \/>(Relaisausgang ausl\u00f6sen, wenn der Preis niedrig ist)<br \/>\nWenn Sie einen Energieanbieter mit variablen Stromtarifen haben, k\u00f6nnen Sie eine Schaltsteckdose dann schalten, wenn der Preis gerade niedrig ist. Die Regel <strong>&#8222;Relay: set output of relay if price cheap&#8220;<\/strong> schaltet die Steckdose an, sobald der Preis eine bestimmte Schwelle unterschritten hat \u2013 und wieder aus, wenn der Strom wieder teurer geworden ist. Die Regel <strong>&#8222;Trigger relay output when price cheap&#8220;<\/strong> schaltet die Steckdose f\u00fcr eine konfigurierbare Dauer an, sobald der Preis eine bestimmte Schwelle unterschritten hat. Die Steckdose bleibt dann f\u00fcr die konfigurierte Dauer an, auch wenn der Preis wieder gestiegen ist. Dies ist z.B. f\u00fcr Ger\u00e4te, die ein bestimmtes Programm abarbeiten m\u00fcssen sinnvoll, wie z.B. eine Waschmaschine oder ein Geschirrsp\u00fcler.<\/p>\n<p>&nbsp;[\/vc_column_text][\/vc_column][\/vc_row][vc_row][vc_column width=&#8220;1\/2&#8243;][vc_cta h2=&#8220;Wallbox Im Einsatz&#8220; h4=&#8220;Zeigen Sie uns Ihren Laderegelsatz.&#8220; txt_align=&#8220;center&#8220; add_button=&#8220;bottom&#8220; btn_title=&#8220;Weiter&#8220; btn_shape=&#8220;rounded&#8220; btn_color=&#8220;success&#8220; btn_size=&#8220;xl&#8220; btn_align=&#8220;center&#8220; btn_i_icon_fontawesome=&#8220;fas fa-question-circle&#8220; css=&#8220;&#8220; btn_add_icon=&#8220;true&#8220; btn_link=&#8220;url:https%3A%2F%2Fwww.cfos-emobility.de%2Fnetwork%2Fservice%2Fcfos-wallbox-im-einsatz%2F|title:cFos%20Power%20Brain%20Wallbox%20im%20Einsatz|target:_blank&#8220;][\/vc_cta][\/vc_column][vc_column width=&#8220;1\/2&#8243;][vc_cta h2=&#8220;Laderregeln&#8220; txt_align=&#8220;center&#8220; shape=&#8220;square&#8220; add_icon=&#8220;top&#8220; i_icon_fontawesome=&#8220;fas fa-cogs&#8220; i_color=&#8220;custom&#8220; i_size=&#8220;xl&#8220; i_css_animation=&#8220;zoomIn&#8220; css=&#8220;&#8220; i_link=&#8220;url:https%3A%2F%2Fwww.cfos-emobility.de%2Fde%2Fcfos-charging-manager%2Fdocumentation%2Fcharging-rules.htm|target:_blank&#8220; i_custom_color=&#8220;#008f5e&#8220;]<a href=\"https:\/\/www.cfos-emobility.de\/de\/cfos-charging-manager\/documentation\/charging-rules.htm\" target=\"_blank\" rel=\"noopener\">cFos Charging Manager &#8211; Dokumentationsseite<\/a>[\/vc_cta][\/vc_column][\/vc_row]<\/p>\n<\/div>","protected":false},"excerpt":{"rendered":"<p>[vc_row][vc_column][vc_column_text css=&#8220;&#8220; css_params=&#8220;&#8220;] \u00dcbersicht der cFos Charging Manager Laderegels\u00e4tze [\/vc_column_text][vc_column_text css=&#8220;&#8220; css_params=&#8220;&#8220;] Charge at most X kWh(Lade h\u00f6chstens X kWh) Wenn man wei\u00df, wieviel kWh pro Tag n\u00f6tig ist, kann man diese Laderegel verwenden. Es werden dann immer nur so viele kWh geladen, bis das eingestellte Limit erreicht ist. Charge when price level &#8218;cheap&#8216;(Lade, wenn [&hellip;]<\/p>\n","protected":false},"author":1,"featured_media":0,"parent":1337,"menu_order":0,"comment_status":"closed","ping_status":"closed","template":"","meta":{"footnotes":""},"categories":[],"tags":[],"class_list":["post-4937","page","type-page","status-publish","hentry"],"yoast_head":"<!-- This site is optimized with the Yoast SEO plugin v27.4 - https:\/\/yoast.com\/product\/yoast-seo-wordpress\/ -->\n<title>Laderegels\u00e4tze - cFos eMobility Network<\/title>\n<meta name=\"robots\" content=\"index, follow, max-snippet:-1, max-image-preview:large, max-video-preview:-1\" \/>\n<link rel=\"canonical\" href=\"https:\/\/www.cfos-emobility.de\/network\/service\/anleitungen\/laderegelsaetze\/\" \/>\n<meta property=\"og:locale\" content=\"de_DE\" \/>\n<meta property=\"og:type\" content=\"article\" \/>\n<meta property=\"og:title\" content=\"Laderegels\u00e4tze - cFos eMobility Network\" \/>\n<meta property=\"og:description\" content=\"[vc_row][vc_column][vc_column_text css=&#8220;&#8220; css_params=&#8220;&#8220;] \u00dcbersicht der cFos Charging Manager Laderegels\u00e4tze [\/vc_column_text][vc_column_text css=&#8220;&#8220; css_params=&#8220;&#8220;] Charge at most X kWh(Lade h\u00f6chstens X kWh) Wenn man wei\u00df, wieviel kWh pro Tag n\u00f6tig ist, kann man diese Laderegel verwenden. Es werden dann immer nur so viele kWh geladen, bis das eingestellte Limit erreicht ist. Charge when price level &#8218;cheap&#8216;(Lade, wenn [&hellip;]\" \/>\n<meta property=\"og:url\" content=\"https:\/\/www.cfos-emobility.de\/network\/service\/anleitungen\/laderegelsaetze\/\" \/>\n<meta property=\"og:site_name\" content=\"cFos eMobility Network\" \/>\n<meta property=\"article:modified_time\" content=\"2025-03-28T08:38:59+00:00\" \/>\n<meta name=\"twitter:card\" content=\"summary_large_image\" \/>\n<meta name=\"twitter:site\" content=\"@cFosEmobility\" \/>\n<meta name=\"twitter:label1\" content=\"Gesch\u00e4tzte Lesezeit\" \/>\n\t<meta name=\"twitter:data1\" content=\"4\u00a0Minuten\" \/>\n<script type=\"application\/ld+json\" class=\"yoast-schema-graph\">{\"@context\":\"https:\\\/\\\/schema.org\",\"@graph\":[{\"@type\":\"WebPage\",\"@id\":\"https:\\\/\\\/www.cfos-emobility.de\\\/network\\\/service\\\/anleitungen\\\/laderegelsaetze\\\/\",\"url\":\"https:\\\/\\\/www.cfos-emobility.de\\\/network\\\/service\\\/anleitungen\\\/laderegelsaetze\\\/\",\"name\":\"Laderegels\u00e4tze - cFos eMobility Network\",\"isPartOf\":{\"@id\":\"https:\\\/\\\/www.cfos-emobility.de\\\/network\\\/#website\"},\"datePublished\":\"2025-01-10T08:39:03+00:00\",\"dateModified\":\"2025-03-28T08:38:59+00:00\",\"breadcrumb\":{\"@id\":\"https:\\\/\\\/www.cfos-emobility.de\\\/network\\\/service\\\/anleitungen\\\/laderegelsaetze\\\/#breadcrumb\"},\"inLanguage\":\"de\",\"potentialAction\":[{\"@type\":\"ReadAction\",\"target\":[\"https:\\\/\\\/www.cfos-emobility.de\\\/network\\\/service\\\/anleitungen\\\/laderegelsaetze\\\/\"]}]},{\"@type\":\"BreadcrumbList\",\"@id\":\"https:\\\/\\\/www.cfos-emobility.de\\\/network\\\/service\\\/anleitungen\\\/laderegelsaetze\\\/#breadcrumb\",\"itemListElement\":[{\"@type\":\"ListItem\",\"position\":1,\"name\":\"Startseite\",\"item\":\"https:\\\/\\\/www.cfos-emobility.de\\\/network\\\/\"},{\"@type\":\"ListItem\",\"position\":2,\"name\":\"Service\",\"item\":\"https:\\\/\\\/www.cfos-emobility.de\\\/network\\\/service\\\/\"},{\"@type\":\"ListItem\",\"position\":3,\"name\":\"Anleitungen\",\"item\":\"https:\\\/\\\/www.cfos-emobility.de\\\/network\\\/service\\\/anleitungen\\\/\"},{\"@type\":\"ListItem\",\"position\":4,\"name\":\"Laderegels\u00e4tze\"}]},{\"@type\":\"WebSite\",\"@id\":\"https:\\\/\\\/www.cfos-emobility.de\\\/network\\\/#website\",\"url\":\"https:\\\/\\\/www.cfos-emobility.de\\\/network\\\/\",\"name\":\"cFos eMobility Network\",\"description\":\"Das cFos Power Brain Community Portal\",\"publisher\":{\"@id\":\"https:\\\/\\\/www.cfos-emobility.de\\\/network\\\/#organization\"},\"potentialAction\":[{\"@type\":\"SearchAction\",\"target\":{\"@type\":\"EntryPoint\",\"urlTemplate\":\"https:\\\/\\\/www.cfos-emobility.de\\\/network\\\/?s={search_term_string}\"},\"query-input\":{\"@type\":\"PropertyValueSpecification\",\"valueRequired\":true,\"valueName\":\"search_term_string\"}}],\"inLanguage\":\"de\"},{\"@type\":\"Organization\",\"@id\":\"https:\\\/\\\/www.cfos-emobility.de\\\/network\\\/#organization\",\"name\":\"cFos eMobility GmbH\",\"url\":\"https:\\\/\\\/www.cfos-emobility.de\\\/network\\\/\",\"logo\":{\"@type\":\"ImageObject\",\"inLanguage\":\"de\",\"@id\":\"https:\\\/\\\/www.cfos-emobility.de\\\/network\\\/#\\\/schema\\\/logo\\\/image\\\/\",\"url\":\"https:\\\/\\\/www.cfos-emobility.de\\\/network\\\/wp-content\\\/uploads\\\/2021\\\/12\\\/cfos-emobility-logo.jpg\",\"contentUrl\":\"https:\\\/\\\/www.cfos-emobility.de\\\/network\\\/wp-content\\\/uploads\\\/2021\\\/12\\\/cfos-emobility-logo.jpg\",\"width\":221,\"height\":80,\"caption\":\"cFos eMobility GmbH\"},\"image\":{\"@id\":\"https:\\\/\\\/www.cfos-emobility.de\\\/network\\\/#\\\/schema\\\/logo\\\/image\\\/\"},\"sameAs\":[\"https:\\\/\\\/x.com\\\/cFosEmobility\"]}]}<\/script>\n<!-- \/ Yoast SEO plugin. -->","yoast_head_json":{"title":"Laderegels\u00e4tze - cFos eMobility Network","robots":{"index":"index","follow":"follow","max-snippet":"max-snippet:-1","max-image-preview":"max-image-preview:large","max-video-preview":"max-video-preview:-1"},"canonical":"https:\/\/www.cfos-emobility.de\/network\/service\/anleitungen\/laderegelsaetze\/","og_locale":"de_DE","og_type":"article","og_title":"Laderegels\u00e4tze - cFos eMobility Network","og_description":"[vc_row][vc_column][vc_column_text css=&#8220;&#8220; css_params=&#8220;&#8220;] \u00dcbersicht der cFos Charging Manager Laderegels\u00e4tze [\/vc_column_text][vc_column_text css=&#8220;&#8220; css_params=&#8220;&#8220;] Charge at most X kWh(Lade h\u00f6chstens X kWh) Wenn man wei\u00df, wieviel kWh pro Tag n\u00f6tig ist, kann man diese Laderegel verwenden. Es werden dann immer nur so viele kWh geladen, bis das eingestellte Limit erreicht ist. Charge when price level &#8218;cheap&#8216;(Lade, wenn [&hellip;]","og_url":"https:\/\/www.cfos-emobility.de\/network\/service\/anleitungen\/laderegelsaetze\/","og_site_name":"cFos eMobility Network","article_modified_time":"2025-03-28T08:38:59+00:00","twitter_card":"summary_large_image","twitter_site":"@cFosEmobility","twitter_misc":{"Gesch\u00e4tzte Lesezeit":"4\u00a0Minuten"},"schema":{"@context":"https:\/\/schema.org","@graph":[{"@type":"WebPage","@id":"https:\/\/www.cfos-emobility.de\/network\/service\/anleitungen\/laderegelsaetze\/","url":"https:\/\/www.cfos-emobility.de\/network\/service\/anleitungen\/laderegelsaetze\/","name":"Laderegels\u00e4tze - cFos eMobility Network","isPartOf":{"@id":"https:\/\/www.cfos-emobility.de\/network\/#website"},"datePublished":"2025-01-10T08:39:03+00:00","dateModified":"2025-03-28T08:38:59+00:00","breadcrumb":{"@id":"https:\/\/www.cfos-emobility.de\/network\/service\/anleitungen\/laderegelsaetze\/#breadcrumb"},"inLanguage":"de","potentialAction":[{"@type":"ReadAction","target":["https:\/\/www.cfos-emobility.de\/network\/service\/anleitungen\/laderegelsaetze\/"]}]},{"@type":"BreadcrumbList","@id":"https:\/\/www.cfos-emobility.de\/network\/service\/anleitungen\/laderegelsaetze\/#breadcrumb","itemListElement":[{"@type":"ListItem","position":1,"name":"Startseite","item":"https:\/\/www.cfos-emobility.de\/network\/"},{"@type":"ListItem","position":2,"name":"Service","item":"https:\/\/www.cfos-emobility.de\/network\/service\/"},{"@type":"ListItem","position":3,"name":"Anleitungen","item":"https:\/\/www.cfos-emobility.de\/network\/service\/anleitungen\/"},{"@type":"ListItem","position":4,"name":"Laderegels\u00e4tze"}]},{"@type":"WebSite","@id":"https:\/\/www.cfos-emobility.de\/network\/#website","url":"https:\/\/www.cfos-emobility.de\/network\/","name":"cFos eMobility Network","description":"Das cFos Power Brain Community Portal","publisher":{"@id":"https:\/\/www.cfos-emobility.de\/network\/#organization"},"potentialAction":[{"@type":"SearchAction","target":{"@type":"EntryPoint","urlTemplate":"https:\/\/www.cfos-emobility.de\/network\/?s={search_term_string}"},"query-input":{"@type":"PropertyValueSpecification","valueRequired":true,"valueName":"search_term_string"}}],"inLanguage":"de"},{"@type":"Organization","@id":"https:\/\/www.cfos-emobility.de\/network\/#organization","name":"cFos eMobility GmbH","url":"https:\/\/www.cfos-emobility.de\/network\/","logo":{"@type":"ImageObject","inLanguage":"de","@id":"https:\/\/www.cfos-emobility.de\/network\/#\/schema\/logo\/image\/","url":"https:\/\/www.cfos-emobility.de\/network\/wp-content\/uploads\/2021\/12\/cfos-emobility-logo.jpg","contentUrl":"https:\/\/www.cfos-emobility.de\/network\/wp-content\/uploads\/2021\/12\/cfos-emobility-logo.jpg","width":221,"height":80,"caption":"cFos eMobility GmbH"},"image":{"@id":"https:\/\/www.cfos-emobility.de\/network\/#\/schema\/logo\/image\/"},"sameAs":["https:\/\/x.com\/cFosEmobility"]}]}},"_links":{"self":[{"href":"https:\/\/www.cfos-emobility.de\/network\/wp-json\/wp\/v2\/pages\/4937","targetHints":{"allow":["GET"]}}],"collection":[{"href":"https:\/\/www.cfos-emobility.de\/network\/wp-json\/wp\/v2\/pages"}],"about":[{"href":"https:\/\/www.cfos-emobility.de\/network\/wp-json\/wp\/v2\/types\/page"}],"author":[{"embeddable":true,"href":"https:\/\/www.cfos-emobility.de\/network\/wp-json\/wp\/v2\/users\/1"}],"replies":[{"embeddable":true,"href":"https:\/\/www.cfos-emobility.de\/network\/wp-json\/wp\/v2\/comments?post=4937"}],"version-history":[{"count":0,"href":"https:\/\/www.cfos-emobility.de\/network\/wp-json\/wp\/v2\/pages\/4937\/revisions"}],"up":[{"embeddable":true,"href":"https:\/\/www.cfos-emobility.de\/network\/wp-json\/wp\/v2\/pages\/1337"}],"wp:attachment":[{"href":"https:\/\/www.cfos-emobility.de\/network\/wp-json\/wp\/v2\/media?parent=4937"}],"wp:term":[{"taxonomy":"category","embeddable":true,"href":"https:\/\/www.cfos-emobility.de\/network\/wp-json\/wp\/v2\/categories?post=4937"},{"taxonomy":"post_tag","embeddable":true,"href":"https:\/\/www.cfos-emobility.de\/network\/wp-json\/wp\/v2\/tags?post=4937"}],"curies":[{"name":"wp","href":"https:\/\/api.w.org\/{rel}","templated":true}]}}