{"id":3918,"date":"2024-09-04T14:21:15","date_gmt":"2024-09-04T12:21:15","guid":{"rendered":"https:\/\/www.cfos-emobility.de\/network\/?page_id=3918"},"modified":"2024-09-04T17:53:19","modified_gmt":"2024-09-04T15:53:19","slug":"pv-ueberschussladen","status":"publish","type":"page","link":"https:\/\/www.cfos-emobility.de\/network\/service\/support\/pv-ueberschussladen\/","title":{"rendered":"Top-Thema: PV \u00dcberschussladen"},"content":{"rendered":"<div class=\"wpb-content-wrapper\"><p>[vc_row][vc_column][vc_icon icon_fontawesome=&#8220;fas fa-sun&#8220; color=&#8220;custom&#8220; size=&#8220;xl&#8220; align=&#8220;center&#8220; css=&#8220;&#8220; custom_color=&#8220;var(&#8211;porto-tertiary-color)&#8220;][vc_column_text css=&#8220;&#8220;]<\/p>\n<h3>Hilfen und Links rund um das Thema PV \u00dcberschuss und solares Laden:<\/h3>\n<ul>\n<li><a href=\"https:\/\/www.cfos-emobility.de\/de\/cfos-charging-manager\/documentation\/grundlagen-solares-ueberschussladen.htm\" target=\"_blank\" rel=\"noopener\">Grundlagen zu PV \u00dcberschuss<\/a><\/li>\n<li><a href=\"https:\/\/www.cfos-emobility.de\/de\/cfos-charging-manager\/documentation\/surplus-charging.htm\" target=\"_blank\" rel=\"noopener\">\u00dcberschussladen mit der cFos Power Brain Wallbox<\/a><\/li>\n<li><a href=\"https:\/\/www.cfos-emobility.de\/de\/cfos-charging-manager\/documentation\/surplus-charging.htm\" target=\"_blank\" rel=\"noopener\">Anleitung: Solares \u00dcberschussladen mit dem cFos Charging Manager<\/a><\/li>\n<li><a href=\"https:\/\/www.cfos-emobility.de\/network\/?s=%C3%BCberschuss\" target=\"_blank\" rel=\"noopener\">Top-Thema PV \u00dcberschuss<\/a><\/li>\n<li><a href=\"https:\/\/www.cfos-emobility.de\/network\/solarteure-willkommen\/\" target=\"_blank\" rel=\"noopener\">Hinweise f\u00fcr Solarteure<\/a><\/li>\n<li><a href=\"https:\/\/www.cfos-emobility.de\/de\/cfos-charging-manager\/documentation\/charging-rules.htm#surplus_vs_normal\">Kombination aus PV-\u00dcberschuss und normalen Laderegeln<\/a><\/li>\n<\/ul>\n<p>[\/vc_column_text][vc_empty_space height=&#8220;64px&#8220;][\/vc_column][\/vc_row][vc_row][vc_column width=&#8220;1\/3&#8243;][vc_cta h2=&#8220;Fragen &amp; Antworten&#8220; txt_align=&#8220;center&#8220; shape=&#8220;square&#8220; add_icon=&#8220;top&#8220; i_icon_fontawesome=&#8220;fas fa-comments&#8220; i_color=&#8220;custom&#8220; i_size=&#8220;xl&#8220; css=&#8220;&#8220; i_link=&#8220;url:https%3A%2F%2Fwww.cfos-emobility.de%2Fnetwork%2Ffragen-und-antworten%2F&#8220; i_custom_color=&#8220;#008f5e&#8220;][\/vc_cta][\/vc_column][vc_column width=&#8220;1\/3&#8243;][vc_cta h2=&#8220;Webseiten FAQ&#8220; txt_align=&#8220;center&#8220; shape=&#8220;square&#8220; add_icon=&#8220;top&#8220; i_icon_fontawesome=&#8220;fas fa-question-circle&#8220; i_color=&#8220;custom&#8220; i_size=&#8220;xl&#8220; i_link=&#8220;url:https%3A%2F%2Fwww.cfos-emobility.de%2Fde%2Fcfos-charging-manager%2Ffrequently-asked-questions.htm|target:_blank&#8220; i_custom_color=&#8220;#008f5e&#8220;][\/vc_cta][\/vc_column][vc_column width=&#8220;1\/3&#8243;][vc_cta h2=&#8220;Support Formular&#8220; txt_align=&#8220;center&#8220; shape=&#8220;square&#8220; add_icon=&#8220;top&#8220; i_icon_fontawesome=&#8220;fas fa-life-ring&#8220; i_color=&#8220;custom&#8220; i_size=&#8220;xl&#8220; i_link=&#8220;url:https%3A%2F%2Fwww.cfos-emobility.de%2Fnetwork%2Fservice%2Fsupport-formular%2F|title:Technisches%20Support%20Formular&#8220; i_custom_color=&#8220;#008f5e&#8220;][\/vc_cta][\/vc_column][\/vc_row]<\/p>\n<\/div>","protected":false},"excerpt":{"rendered":"<p>[vc_row][vc_column][vc_icon icon_fontawesome=&#8220;fas fa-sun&#8220; color=&#8220;custom&#8220; size=&#8220;xl&#8220; align=&#8220;center&#8220; css=&#8220;&#8220; custom_color=&#8220;var(&#8211;porto-tertiary-color)&#8220;][vc_column_text css=&#8220;&#8220;] Hilfen und Links rund um das Thema PV \u00dcberschuss und solares Laden: Grundlagen zu PV \u00dcberschuss \u00dcberschussladen mit der cFos Power Brain Wallbox Anleitung: Solares \u00dcberschussladen mit dem cFos Charging Manager Top-Thema PV \u00dcberschuss Hinweise f\u00fcr Solarteure Kombination aus PV-\u00dcberschuss und normalen Laderegeln [\/vc_column_text][vc_empty_space height=&#8220;64px&#8220;][\/vc_column][\/vc_row][vc_row][vc_column width=&#8220;1\/3&#8243;][vc_cta [&hellip;]<\/p>\n","protected":false},"author":1,"featured_media":0,"parent":635,"menu_order":0,"comment_status":"closed","ping_status":"closed","template":"","meta":{"footnotes":""},"categories":[340],"tags":[],"class_list":["post-3918","page","type-page","status-publish","hentry","category-support"],"yoast_head":"<!-- This site is optimized with the Yoast SEO plugin v27.5 - https:\/\/yoast.com\/product\/yoast-seo-wordpress\/ -->\n<title>Top-Thema: PV \u00dcberschussladen - cFos eMobility Network<\/title>\n<meta name=\"robots\" content=\"index, follow, max-snippet:-1, max-image-preview:large, max-video-preview:-1\" \/>\n<link rel=\"canonical\" href=\"https:\/\/www.cfos-emobility.de\/network\/service\/support\/pv-ueberschussladen\/\" \/>\n<meta property=\"og:locale\" content=\"de_DE\" \/>\n<meta property=\"og:type\" content=\"article\" \/>\n<meta property=\"og:title\" content=\"Top-Thema: PV \u00dcberschussladen - cFos eMobility Network\" \/>\n<meta property=\"og:description\" content=\"[vc_row][vc_column][vc_icon icon_fontawesome=&#8220;fas fa-sun&#8220; color=&#8220;custom&#8220; size=&#8220;xl&#8220; align=&#8220;center&#8220; css=&#8220;&#8220; custom_color=&#8220;var(&#8211;porto-tertiary-color)&#8220;][vc_column_text css=&#8220;&#8220;] Hilfen und Links rund um das Thema PV \u00dcberschuss und solares Laden: Grundlagen zu PV \u00dcberschuss \u00dcberschussladen mit der cFos Power Brain Wallbox Anleitung: Solares \u00dcberschussladen mit dem cFos Charging Manager Top-Thema PV \u00dcberschuss Hinweise f\u00fcr Solarteure Kombination aus PV-\u00dcberschuss und normalen Laderegeln [\/vc_column_text][vc_empty_space height=&#8220;64px&#8220;][\/vc_column][\/vc_row][vc_row][vc_column width=&#8220;1\/3&#8243;][vc_cta [&hellip;]\" \/>\n<meta property=\"og:url\" content=\"https:\/\/www.cfos-emobility.de\/network\/service\/support\/pv-ueberschussladen\/\" \/>\n<meta property=\"og:site_name\" content=\"cFos eMobility Network\" \/>\n<meta property=\"article:modified_time\" content=\"2024-09-04T15:53:19+00:00\" \/>\n<meta name=\"twitter:card\" content=\"summary_large_image\" \/>\n<meta name=\"twitter:site\" content=\"@cFosEmobility\" \/>\n<meta name=\"twitter:label1\" content=\"Gesch\u00e4tzte Lesezeit\" \/>\n\t<meta name=\"twitter:data1\" content=\"1\u00a0Minute\" \/>\n<script type=\"application\/ld+json\" class=\"yoast-schema-graph\">{\"@context\":\"https:\\\/\\\/schema.org\",\"@graph\":[{\"@type\":\"WebPage\",\"@id\":\"https:\\\/\\\/www.cfos-emobility.de\\\/network\\\/service\\\/support\\\/pv-ueberschussladen\\\/\",\"url\":\"https:\\\/\\\/www.cfos-emobility.de\\\/network\\\/service\\\/support\\\/pv-ueberschussladen\\\/\",\"name\":\"Top-Thema: PV \u00dcberschussladen - cFos eMobility Network\",\"isPartOf\":{\"@id\":\"https:\\\/\\\/www.cfos-emobility.de\\\/network\\\/#website\"},\"datePublished\":\"2024-09-04T12:21:15+00:00\",\"dateModified\":\"2024-09-04T15:53:19+00:00\",\"breadcrumb\":{\"@id\":\"https:\\\/\\\/www.cfos-emobility.de\\\/network\\\/service\\\/support\\\/pv-ueberschussladen\\\/#breadcrumb\"},\"inLanguage\":\"de\",\"potentialAction\":[{\"@type\":\"ReadAction\",\"target\":[\"https:\\\/\\\/www.cfos-emobility.de\\\/network\\\/service\\\/support\\\/pv-ueberschussladen\\\/\"]}]},{\"@type\":\"BreadcrumbList\",\"@id\":\"https:\\\/\\\/www.cfos-emobility.de\\\/network\\\/service\\\/support\\\/pv-ueberschussladen\\\/#breadcrumb\",\"itemListElement\":[{\"@type\":\"ListItem\",\"position\":1,\"name\":\"Startseite\",\"item\":\"https:\\\/\\\/www.cfos-emobility.de\\\/network\\\/\"},{\"@type\":\"ListItem\",\"position\":2,\"name\":\"Service\",\"item\":\"https:\\\/\\\/www.cfos-emobility.de\\\/network\\\/service\\\/\"},{\"@type\":\"ListItem\",\"position\":3,\"name\":\"Support\",\"item\":\"https:\\\/\\\/www.cfos-emobility.de\\\/network\\\/service\\\/support\\\/\"},{\"@type\":\"ListItem\",\"position\":4,\"name\":\"Top-Thema: PV \u00dcberschussladen\"}]},{\"@type\":\"WebSite\",\"@id\":\"https:\\\/\\\/www.cfos-emobility.de\\\/network\\\/#website\",\"url\":\"https:\\\/\\\/www.cfos-emobility.de\\\/network\\\/\",\"name\":\"cFos eMobility Network\",\"description\":\"Das cFos Power Brain Community Portal\",\"publisher\":{\"@id\":\"https:\\\/\\\/www.cfos-emobility.de\\\/network\\\/#organization\"},\"potentialAction\":[{\"@type\":\"SearchAction\",\"target\":{\"@type\":\"EntryPoint\",\"urlTemplate\":\"https:\\\/\\\/www.cfos-emobility.de\\\/network\\\/?s={search_term_string}\"},\"query-input\":{\"@type\":\"PropertyValueSpecification\",\"valueRequired\":true,\"valueName\":\"search_term_string\"}}],\"inLanguage\":\"de\"},{\"@type\":\"Organization\",\"@id\":\"https:\\\/\\\/www.cfos-emobility.de\\\/network\\\/#organization\",\"name\":\"cFos eMobility GmbH\",\"url\":\"https:\\\/\\\/www.cfos-emobility.de\\\/network\\\/\",\"logo\":{\"@type\":\"ImageObject\",\"inLanguage\":\"de\",\"@id\":\"https:\\\/\\\/www.cfos-emobility.de\\\/network\\\/#\\\/schema\\\/logo\\\/image\\\/\",\"url\":\"https:\\\/\\\/www.cfos-emobility.de\\\/network\\\/wp-content\\\/uploads\\\/2021\\\/12\\\/cfos-emobility-logo.jpg\",\"contentUrl\":\"https:\\\/\\\/www.cfos-emobility.de\\\/network\\\/wp-content\\\/uploads\\\/2021\\\/12\\\/cfos-emobility-logo.jpg\",\"width\":221,\"height\":80,\"caption\":\"cFos eMobility GmbH\"},\"image\":{\"@id\":\"https:\\\/\\\/www.cfos-emobility.de\\\/network\\\/#\\\/schema\\\/logo\\\/image\\\/\"},\"sameAs\":[\"https:\\\/\\\/x.com\\\/cFosEmobility\"]}]}<\/script>\n<!-- \/ Yoast SEO plugin. -->","yoast_head_json":{"title":"Top-Thema: PV \u00dcberschussladen - cFos eMobility Network","robots":{"index":"index","follow":"follow","max-snippet":"max-snippet:-1","max-image-preview":"max-image-preview:large","max-video-preview":"max-video-preview:-1"},"canonical":"https:\/\/www.cfos-emobility.de\/network\/service\/support\/pv-ueberschussladen\/","og_locale":"de_DE","og_type":"article","og_title":"Top-Thema: PV \u00dcberschussladen - cFos eMobility Network","og_description":"[vc_row][vc_column][vc_icon icon_fontawesome=&#8220;fas fa-sun&#8220; color=&#8220;custom&#8220; size=&#8220;xl&#8220; align=&#8220;center&#8220; css=&#8220;&#8220; custom_color=&#8220;var(&#8211;porto-tertiary-color)&#8220;][vc_column_text css=&#8220;&#8220;] Hilfen und Links rund um das Thema PV \u00dcberschuss und solares Laden: Grundlagen zu PV \u00dcberschuss \u00dcberschussladen mit der cFos Power Brain Wallbox Anleitung: Solares \u00dcberschussladen mit dem cFos Charging Manager Top-Thema PV \u00dcberschuss Hinweise f\u00fcr Solarteure Kombination aus PV-\u00dcberschuss und normalen Laderegeln [\/vc_column_text][vc_empty_space height=&#8220;64px&#8220;][\/vc_column][\/vc_row][vc_row][vc_column width=&#8220;1\/3&#8243;][vc_cta [&hellip;]","og_url":"https:\/\/www.cfos-emobility.de\/network\/service\/support\/pv-ueberschussladen\/","og_site_name":"cFos eMobility Network","article_modified_time":"2024-09-04T15:53:19+00:00","twitter_card":"summary_large_image","twitter_site":"@cFosEmobility","twitter_misc":{"Gesch\u00e4tzte Lesezeit":"1\u00a0Minute"},"schema":{"@context":"https:\/\/schema.org","@graph":[{"@type":"WebPage","@id":"https:\/\/www.cfos-emobility.de\/network\/service\/support\/pv-ueberschussladen\/","url":"https:\/\/www.cfos-emobility.de\/network\/service\/support\/pv-ueberschussladen\/","name":"Top-Thema: PV \u00dcberschussladen - cFos eMobility Network","isPartOf":{"@id":"https:\/\/www.cfos-emobility.de\/network\/#website"},"datePublished":"2024-09-04T12:21:15+00:00","dateModified":"2024-09-04T15:53:19+00:00","breadcrumb":{"@id":"https:\/\/www.cfos-emobility.de\/network\/service\/support\/pv-ueberschussladen\/#breadcrumb"},"inLanguage":"de","potentialAction":[{"@type":"ReadAction","target":["https:\/\/www.cfos-emobility.de\/network\/service\/support\/pv-ueberschussladen\/"]}]},{"@type":"BreadcrumbList","@id":"https:\/\/www.cfos-emobility.de\/network\/service\/support\/pv-ueberschussladen\/#breadcrumb","itemListElement":[{"@type":"ListItem","position":1,"name":"Startseite","item":"https:\/\/www.cfos-emobility.de\/network\/"},{"@type":"ListItem","position":2,"name":"Service","item":"https:\/\/www.cfos-emobility.de\/network\/service\/"},{"@type":"ListItem","position":3,"name":"Support","item":"https:\/\/www.cfos-emobility.de\/network\/service\/support\/"},{"@type":"ListItem","position":4,"name":"Top-Thema: PV \u00dcberschussladen"}]},{"@type":"WebSite","@id":"https:\/\/www.cfos-emobility.de\/network\/#website","url":"https:\/\/www.cfos-emobility.de\/network\/","name":"cFos eMobility Network","description":"Das cFos Power Brain Community Portal","publisher":{"@id":"https:\/\/www.cfos-emobility.de\/network\/#organization"},"potentialAction":[{"@type":"SearchAction","target":{"@type":"EntryPoint","urlTemplate":"https:\/\/www.cfos-emobility.de\/network\/?s={search_term_string}"},"query-input":{"@type":"PropertyValueSpecification","valueRequired":true,"valueName":"search_term_string"}}],"inLanguage":"de"},{"@type":"Organization","@id":"https:\/\/www.cfos-emobility.de\/network\/#organization","name":"cFos eMobility GmbH","url":"https:\/\/www.cfos-emobility.de\/network\/","logo":{"@type":"ImageObject","inLanguage":"de","@id":"https:\/\/www.cfos-emobility.de\/network\/#\/schema\/logo\/image\/","url":"https:\/\/www.cfos-emobility.de\/network\/wp-content\/uploads\/2021\/12\/cfos-emobility-logo.jpg","contentUrl":"https:\/\/www.cfos-emobility.de\/network\/wp-content\/uploads\/2021\/12\/cfos-emobility-logo.jpg","width":221,"height":80,"caption":"cFos eMobility GmbH"},"image":{"@id":"https:\/\/www.cfos-emobility.de\/network\/#\/schema\/logo\/image\/"},"sameAs":["https:\/\/x.com\/cFosEmobility"]}]}},"_links":{"self":[{"href":"https:\/\/www.cfos-emobility.de\/network\/wp-json\/wp\/v2\/pages\/3918","targetHints":{"allow":["GET"]}}],"collection":[{"href":"https:\/\/www.cfos-emobility.de\/network\/wp-json\/wp\/v2\/pages"}],"about":[{"href":"https:\/\/www.cfos-emobility.de\/network\/wp-json\/wp\/v2\/types\/page"}],"author":[{"embeddable":true,"href":"https:\/\/www.cfos-emobility.de\/network\/wp-json\/wp\/v2\/users\/1"}],"replies":[{"embeddable":true,"href":"https:\/\/www.cfos-emobility.de\/network\/wp-json\/wp\/v2\/comments?post=3918"}],"version-history":[{"count":0,"href":"https:\/\/www.cfos-emobility.de\/network\/wp-json\/wp\/v2\/pages\/3918\/revisions"}],"up":[{"embeddable":true,"href":"https:\/\/www.cfos-emobility.de\/network\/wp-json\/wp\/v2\/pages\/635"}],"wp:attachment":[{"href":"https:\/\/www.cfos-emobility.de\/network\/wp-json\/wp\/v2\/media?parent=3918"}],"wp:term":[{"taxonomy":"category","embeddable":true,"href":"https:\/\/www.cfos-emobility.de\/network\/wp-json\/wp\/v2\/categories?post=3918"},{"taxonomy":"post_tag","embeddable":true,"href":"https:\/\/www.cfos-emobility.de\/network\/wp-json\/wp\/v2\/tags?post=3918"}],"curies":[{"name":"wp","href":"https:\/\/api.w.org\/{rel}","templated":true}]}}