{"id":3667,"date":"2024-08-09T09:19:26","date_gmt":"2024-08-09T07:19:26","guid":{"rendered":"https:\/\/www.cfos-emobility.de\/network\/?page_id=3667"},"modified":"2024-08-12T14:51:08","modified_gmt":"2024-08-12T12:51:08","slug":"cfos-mesh-in-der-praxis-screenshot-strecke","status":"publish","type":"page","link":"https:\/\/www.cfos-emobility.de\/network\/service\/anleitungen\/cfos-mesh-in-der-praxis-screenshot-strecke\/","title":{"rendered":"cFos Mesh in der Praxis &#8211; Screenshot Strecke"},"content":{"rendered":"<div class=\"wpb-content-wrapper\"><p>[vc_row][vc_column][vc_column_text css=&#8220;&#8220;]<\/p>\n<h2>In 3 Schritten zum cFos Mesh<\/h2>\n<p><strong>cFos Mesh<\/strong> ist vor Allem dann n\u00fctzlich, wenn mehrere cFos Ger\u00e4te zum Einsatz kommen und eine Anlage mit Lastmanagement betrieben wird.<\/p>\n<p>Die Standardeinrichtung ist sehr einfach und kann auf diese 3 Schritte zusammengefasst werden.<\/p>\n<ol>\n<li><strong>Ein Ger\u00e4t (Hauptger\u00e4t) ins WLAN einbuchen<\/strong><\/li>\n<li><strong>cFos Mesh auf dem Hauptger\u00e4t, danach auf allen anderen Ger\u00e4ten aktivieren<\/strong><\/li>\n<li><strong>Ger\u00e4te zum cFos Mesh hinzuf\u00fcgen<\/strong><\/li>\n<\/ol>\n<p>Wir haben versucht unseren Praxistest in einer Screenshot Strecke aufzubereiten:[\/vc_column_text][\/vc_column][\/vc_row][vc_row][vc_column][vc_separator css=&#8220;&#8220;][\/vc_column][\/vc_row][vc_row][vc_column width=&#8220;1\/2&#8243;][vc_column_text css=&#8220;&#8220;]<\/p>\n<h3>Vorbereitung<\/h3>\n<p>Bei unserem cFos Praxistest setzen wir diese Ger\u00e4te ein:<\/p>\n<ul>\n<li><strong>1x cFos Charging Manager KIT ESP,<\/strong><br \/>\ndieses Ger\u00e4t \u00fcbernimmt das Lastmanagement<\/li>\n<li><strong>4x cFos Power Brain Wallbox<\/strong><\/li>\n<\/ul>\n<p>Alle Ger\u00e4te haben die <a href=\"https:\/\/www.cfos-emobility.de\/network\/cfos-charging-manager-2-2-firmware-release\/\">aktuelle Firmware<\/a> installiert, sind nicht in einem WLAN eingebucht.<br \/>\nMit dem WLAN Analyse Tool inSSIDer schauen wir uns den Zustand an.<\/p>\n<p>In Windows werden die Ger\u00e4te entsprechen angezeigt. Siehe Screenshot 2.<\/p>\n<p>[\/vc_column_text][\/vc_column][vc_column width=&#8220;1\/2&#8243;][vc_single_image image=&#8220;3668&#8243; img_size=&#8220;full&#8220; onclick=&#8220;link_image&#8220; css=&#8220;&#8220;][vc_single_image image=&#8220;3669&#8243; onclick=&#8220;link_image&#8220; css=&#8220;&#8220;][\/vc_column][\/vc_row][vc_row][vc_column][vc_separator css=&#8220;&#8220;][\/vc_column][\/vc_row][vc_row][vc_column width=&#8220;1\/2&#8243;][vc_column_text css=&#8220;&#8220;]<\/p>\n<h3>cFos Mesh aktivieren<\/h3>\n<p>Das Hauptger\u00e4t f\u00fcr das Lastmanagement (cFos Charging Manager KIT ESP) buchen wir zun\u00e4chst in das Lokale WLAN ein.<br \/>\nDanach aktivieren wir cFos Mesh, wobei die default-Einstellungen unangetastet bleiben. (Hinweis: die manuelle Einstellung des cFos Mesh Ger\u00e4te-Typs wird nur f\u00fcr Experten empfohlen. Am besten einfach auf &#8222;auto&#8220; eingestellt lassen.)<br \/>\nNach der cFos Mesh Aktvierung erscheint das Ger\u00e4t mit neuer cFos Mesh SSID im WLAN.[\/vc_column_text][\/vc_column][vc_column width=&#8220;1\/2&#8243;][vc_single_image image=&#8220;3678&#8243; img_size=&#8220;full&#8220; onclick=&#8220;link_image&#8220; css=&#8220;&#8220;][vc_row_inner][vc_column_inner width=&#8220;1\/2&#8243;][vc_single_image image=&#8220;3680&#8243; onclick=&#8220;link_image&#8220; css=&#8220;&#8220;][\/vc_column_inner][vc_column_inner width=&#8220;1\/2&#8243;][vc_single_image image=&#8220;3681&#8243; onclick=&#8220;link_image&#8220; css=&#8220;&#8220;][\/vc_column_inner][\/vc_row_inner][\/vc_column][\/vc_row][vc_row][vc_column][vc_separator css=&#8220;&#8220;][\/vc_column][\/vc_row][vc_row][vc_column width=&#8220;1\/2&#8243;][vc_column_text css=&#8220;&#8220;]<\/p>\n<h3>cFos Mesh Ger\u00e4t im Netzwerk finden und verwalten<\/h3>\n<p>\u00dcber den Abschnitt &#8222;Ger\u00e4te im Netzwerk&#8220; auf der Konfigurationsseite, k\u00f6nnen nun cFos Mesh Ger\u00e4te verwaltet werden.<br \/>\nDas testen wird gleich f\u00fcr das erste Ger\u00e4t. Dort aktivieren wir &#8222;Mesh Info&#8220;, es startet die Suche nach Ger\u00e4ten &#8222;Status: discovering&#8220;.<br \/>\nDas Ger\u00e4t wird gefunden und angezeigt.[\/vc_column_text][\/vc_column][vc_column width=&#8220;1\/2&#8243;][vc_single_image image=&#8220;3683&#8243; img_size=&#8220;&#8220; onclick=&#8220;link_image&#8220; css=&#8220;&#8220;][vc_single_image image=&#8220;3685&#8243; img_size=&#8220;&#8220; onclick=&#8220;link_image&#8220; css=&#8220;&#8220;][\/vc_column][\/vc_row][vc_row][vc_column][vc_separator css=&#8220;&#8220;][\/vc_column][\/vc_row][vc_row][vc_column width=&#8220;1\/2&#8243;][vc_column_text css=&#8220;&#8220;]<\/p>\n<h3>Alle Ger\u00e4te ins cFos Mesh einbinden<\/h3>\n<p>F\u00fcr jedes weitere Ger\u00e4t, dass zum cFos Mesh hinzugef\u00fcgt werden soll, muss nun im cFos Charging Manager cFos Mesh manuell aktiviert werden. (Theoretisch gibt es die M\u00f6glichkeit eine RFID Karte zu konfigurieren, die diesen Konfiguration setzt).<\/p>\n<p>Sobald cFos Mesh bei allen Ger\u00e4ten aktiviert ist, gehen wir in die Ger\u00e4teverwaltung und klicken auf den Button &#8222;Aktualisieren&#8220;. Nach einer Zeit erscheinen alle Ger\u00e4te in der Liste und k\u00f6nnen zur Anlage hinzugef\u00fcgt werden.[\/vc_column_text][\/vc_column][vc_column width=&#8220;1\/2&#8243;][vc_single_image image=&#8220;3688&#8243; img_size=&#8220;&#8220; onclick=&#8220;link_image&#8220; css=&#8220;&#8220;][vc_single_image image=&#8220;3689&#8243; img_size=&#8220;full&#8220; onclick=&#8220;link_image&#8220; css=&#8220;&#8220;][vc_single_image image=&#8220;3690&#8243; img_size=&#8220;full&#8220; onclick=&#8220;link_image&#8220; css=&#8220;&#8220;][vc_single_image image=&#8220;3692&#8243; img_size=&#8220;full&#8220; onclick=&#8220;link_image&#8220; css=&#8220;&#8220;][\/vc_column][\/vc_row][vc_row][vc_column][vc_separator css=&#8220;&#8220;][\/vc_column][\/vc_row][vc_row][vc_column][vc_column_text css=&#8220;&#8220;]<\/p>\n<h3>Fertige Konfiguration<\/h3>\n<p>Nach Abschluss der Konfiguration und Umbenennung der Wallboxen sieht das Ergebnis so aus:[\/vc_column_text][vc_single_image image=&#8220;3696&#8243; img_size=&#8220;full&#8220; onclick=&#8220;link_image&#8220; css=&#8220;&#8220;][\/vc_column][\/vc_row][vc_row][vc_column][vc_separator css=&#8220;&#8220;][\/vc_column][\/vc_row][vc_row][vc_column][vc_separator css=&#8220;&#8220;][vc_column_text css=&#8220;&#8220;]<\/p>\n<h3 class=\"mt-3\"><a href=\"https:\/\/www.cfos-emobility.de\/de\/cfos-charging-manager\/documentation\/mesh.htm\" target=\"_blank\" rel=\"noopener\">zur cFos Dokumentation: cFos Power Brain Wallboxen mit Mesh verbinden<\/a><\/h3>\n<p>[\/vc_column_text][\/vc_column][\/vc_row]<\/p>\n<\/div>","protected":false},"excerpt":{"rendered":"<p>[vc_row][vc_column][vc_column_text css=&#8220;&#8220;] In 3 Schritten zum cFos Mesh cFos Mesh ist vor Allem dann n\u00fctzlich, wenn mehrere cFos Ger\u00e4te zum Einsatz kommen und eine Anlage mit Lastmanagement betrieben wird. Die Standardeinrichtung ist sehr einfach und kann auf diese 3 Schritte zusammengefasst werden. Ein Ger\u00e4t (Hauptger\u00e4t) ins WLAN einbuchen cFos Mesh auf dem Hauptger\u00e4t, danach auf [&hellip;]<\/p>\n","protected":false},"author":1,"featured_media":0,"parent":1337,"menu_order":0,"comment_status":"closed","ping_status":"closed","template":"","meta":{"footnotes":""},"categories":[],"tags":[],"class_list":["post-3667","page","type-page","status-publish","hentry"],"yoast_head":"<!-- This site is optimized with the Yoast SEO plugin v27.4 - https:\/\/yoast.com\/product\/yoast-seo-wordpress\/ -->\n<title>cFos Mesh in der Praxis - Screenshot Strecke - cFos eMobility Network<\/title>\n<meta name=\"robots\" content=\"index, follow, max-snippet:-1, max-image-preview:large, max-video-preview:-1\" \/>\n<link rel=\"canonical\" href=\"https:\/\/www.cfos-emobility.de\/network\/service\/anleitungen\/cfos-mesh-in-der-praxis-screenshot-strecke\/\" \/>\n<meta property=\"og:locale\" content=\"de_DE\" \/>\n<meta property=\"og:type\" content=\"article\" \/>\n<meta property=\"og:title\" content=\"cFos Mesh in der Praxis - Screenshot Strecke - cFos eMobility Network\" \/>\n<meta property=\"og:description\" content=\"[vc_row][vc_column][vc_column_text css=&#8220;&#8220;] In 3 Schritten zum cFos Mesh cFos Mesh ist vor Allem dann n\u00fctzlich, wenn mehrere cFos Ger\u00e4te zum Einsatz kommen und eine Anlage mit Lastmanagement betrieben wird. Die Standardeinrichtung ist sehr einfach und kann auf diese 3 Schritte zusammengefasst werden. Ein Ger\u00e4t (Hauptger\u00e4t) ins WLAN einbuchen cFos Mesh auf dem Hauptger\u00e4t, danach auf [&hellip;]\" \/>\n<meta property=\"og:url\" content=\"https:\/\/www.cfos-emobility.de\/network\/service\/anleitungen\/cfos-mesh-in-der-praxis-screenshot-strecke\/\" \/>\n<meta property=\"og:site_name\" content=\"cFos eMobility Network\" \/>\n<meta property=\"article:modified_time\" content=\"2024-08-12T12:51:08+00:00\" \/>\n<meta name=\"twitter:card\" content=\"summary_large_image\" \/>\n<meta name=\"twitter:site\" content=\"@cFosEmobility\" \/>\n<meta name=\"twitter:label1\" content=\"Gesch\u00e4tzte Lesezeit\" \/>\n\t<meta name=\"twitter:data1\" content=\"5\u00a0Minuten\" \/>\n<script type=\"application\/ld+json\" class=\"yoast-schema-graph\">{\"@context\":\"https:\\\/\\\/schema.org\",\"@graph\":[{\"@type\":\"WebPage\",\"@id\":\"https:\\\/\\\/www.cfos-emobility.de\\\/network\\\/service\\\/anleitungen\\\/cfos-mesh-in-der-praxis-screenshot-strecke\\\/\",\"url\":\"https:\\\/\\\/www.cfos-emobility.de\\\/network\\\/service\\\/anleitungen\\\/cfos-mesh-in-der-praxis-screenshot-strecke\\\/\",\"name\":\"cFos Mesh in der Praxis - Screenshot Strecke - cFos eMobility Network\",\"isPartOf\":{\"@id\":\"https:\\\/\\\/www.cfos-emobility.de\\\/network\\\/#website\"},\"datePublished\":\"2024-08-09T07:19:26+00:00\",\"dateModified\":\"2024-08-12T12:51:08+00:00\",\"breadcrumb\":{\"@id\":\"https:\\\/\\\/www.cfos-emobility.de\\\/network\\\/service\\\/anleitungen\\\/cfos-mesh-in-der-praxis-screenshot-strecke\\\/#breadcrumb\"},\"inLanguage\":\"de\",\"potentialAction\":[{\"@type\":\"ReadAction\",\"target\":[\"https:\\\/\\\/www.cfos-emobility.de\\\/network\\\/service\\\/anleitungen\\\/cfos-mesh-in-der-praxis-screenshot-strecke\\\/\"]}]},{\"@type\":\"BreadcrumbList\",\"@id\":\"https:\\\/\\\/www.cfos-emobility.de\\\/network\\\/service\\\/anleitungen\\\/cfos-mesh-in-der-praxis-screenshot-strecke\\\/#breadcrumb\",\"itemListElement\":[{\"@type\":\"ListItem\",\"position\":1,\"name\":\"Startseite\",\"item\":\"https:\\\/\\\/www.cfos-emobility.de\\\/network\\\/\"},{\"@type\":\"ListItem\",\"position\":2,\"name\":\"Service\",\"item\":\"https:\\\/\\\/www.cfos-emobility.de\\\/network\\\/service\\\/\"},{\"@type\":\"ListItem\",\"position\":3,\"name\":\"Anleitungen\",\"item\":\"https:\\\/\\\/www.cfos-emobility.de\\\/network\\\/service\\\/anleitungen\\\/\"},{\"@type\":\"ListItem\",\"position\":4,\"name\":\"cFos Mesh in der Praxis &#8211; Screenshot Strecke\"}]},{\"@type\":\"WebSite\",\"@id\":\"https:\\\/\\\/www.cfos-emobility.de\\\/network\\\/#website\",\"url\":\"https:\\\/\\\/www.cfos-emobility.de\\\/network\\\/\",\"name\":\"cFos eMobility Network\",\"description\":\"Das cFos Power Brain Community Portal\",\"publisher\":{\"@id\":\"https:\\\/\\\/www.cfos-emobility.de\\\/network\\\/#organization\"},\"potentialAction\":[{\"@type\":\"SearchAction\",\"target\":{\"@type\":\"EntryPoint\",\"urlTemplate\":\"https:\\\/\\\/www.cfos-emobility.de\\\/network\\\/?s={search_term_string}\"},\"query-input\":{\"@type\":\"PropertyValueSpecification\",\"valueRequired\":true,\"valueName\":\"search_term_string\"}}],\"inLanguage\":\"de\"},{\"@type\":\"Organization\",\"@id\":\"https:\\\/\\\/www.cfos-emobility.de\\\/network\\\/#organization\",\"name\":\"cFos eMobility GmbH\",\"url\":\"https:\\\/\\\/www.cfos-emobility.de\\\/network\\\/\",\"logo\":{\"@type\":\"ImageObject\",\"inLanguage\":\"de\",\"@id\":\"https:\\\/\\\/www.cfos-emobility.de\\\/network\\\/#\\\/schema\\\/logo\\\/image\\\/\",\"url\":\"https:\\\/\\\/www.cfos-emobility.de\\\/network\\\/wp-content\\\/uploads\\\/2021\\\/12\\\/cfos-emobility-logo.jpg\",\"contentUrl\":\"https:\\\/\\\/www.cfos-emobility.de\\\/network\\\/wp-content\\\/uploads\\\/2021\\\/12\\\/cfos-emobility-logo.jpg\",\"width\":221,\"height\":80,\"caption\":\"cFos eMobility GmbH\"},\"image\":{\"@id\":\"https:\\\/\\\/www.cfos-emobility.de\\\/network\\\/#\\\/schema\\\/logo\\\/image\\\/\"},\"sameAs\":[\"https:\\\/\\\/x.com\\\/cFosEmobility\"]}]}<\/script>\n<!-- \/ Yoast SEO plugin. -->","yoast_head_json":{"title":"cFos Mesh in der Praxis - Screenshot Strecke - cFos eMobility Network","robots":{"index":"index","follow":"follow","max-snippet":"max-snippet:-1","max-image-preview":"max-image-preview:large","max-video-preview":"max-video-preview:-1"},"canonical":"https:\/\/www.cfos-emobility.de\/network\/service\/anleitungen\/cfos-mesh-in-der-praxis-screenshot-strecke\/","og_locale":"de_DE","og_type":"article","og_title":"cFos Mesh in der Praxis - Screenshot Strecke - cFos eMobility Network","og_description":"[vc_row][vc_column][vc_column_text css=&#8220;&#8220;] In 3 Schritten zum cFos Mesh cFos Mesh ist vor Allem dann n\u00fctzlich, wenn mehrere cFos Ger\u00e4te zum Einsatz kommen und eine Anlage mit Lastmanagement betrieben wird. Die Standardeinrichtung ist sehr einfach und kann auf diese 3 Schritte zusammengefasst werden. Ein Ger\u00e4t (Hauptger\u00e4t) ins WLAN einbuchen cFos Mesh auf dem Hauptger\u00e4t, danach auf [&hellip;]","og_url":"https:\/\/www.cfos-emobility.de\/network\/service\/anleitungen\/cfos-mesh-in-der-praxis-screenshot-strecke\/","og_site_name":"cFos eMobility Network","article_modified_time":"2024-08-12T12:51:08+00:00","twitter_card":"summary_large_image","twitter_site":"@cFosEmobility","twitter_misc":{"Gesch\u00e4tzte Lesezeit":"5\u00a0Minuten"},"schema":{"@context":"https:\/\/schema.org","@graph":[{"@type":"WebPage","@id":"https:\/\/www.cfos-emobility.de\/network\/service\/anleitungen\/cfos-mesh-in-der-praxis-screenshot-strecke\/","url":"https:\/\/www.cfos-emobility.de\/network\/service\/anleitungen\/cfos-mesh-in-der-praxis-screenshot-strecke\/","name":"cFos Mesh in der Praxis - Screenshot Strecke - cFos eMobility Network","isPartOf":{"@id":"https:\/\/www.cfos-emobility.de\/network\/#website"},"datePublished":"2024-08-09T07:19:26+00:00","dateModified":"2024-08-12T12:51:08+00:00","breadcrumb":{"@id":"https:\/\/www.cfos-emobility.de\/network\/service\/anleitungen\/cfos-mesh-in-der-praxis-screenshot-strecke\/#breadcrumb"},"inLanguage":"de","potentialAction":[{"@type":"ReadAction","target":["https:\/\/www.cfos-emobility.de\/network\/service\/anleitungen\/cfos-mesh-in-der-praxis-screenshot-strecke\/"]}]},{"@type":"BreadcrumbList","@id":"https:\/\/www.cfos-emobility.de\/network\/service\/anleitungen\/cfos-mesh-in-der-praxis-screenshot-strecke\/#breadcrumb","itemListElement":[{"@type":"ListItem","position":1,"name":"Startseite","item":"https:\/\/www.cfos-emobility.de\/network\/"},{"@type":"ListItem","position":2,"name":"Service","item":"https:\/\/www.cfos-emobility.de\/network\/service\/"},{"@type":"ListItem","position":3,"name":"Anleitungen","item":"https:\/\/www.cfos-emobility.de\/network\/service\/anleitungen\/"},{"@type":"ListItem","position":4,"name":"cFos Mesh in der Praxis &#8211; Screenshot Strecke"}]},{"@type":"WebSite","@id":"https:\/\/www.cfos-emobility.de\/network\/#website","url":"https:\/\/www.cfos-emobility.de\/network\/","name":"cFos eMobility Network","description":"Das cFos Power Brain Community Portal","publisher":{"@id":"https:\/\/www.cfos-emobility.de\/network\/#organization"},"potentialAction":[{"@type":"SearchAction","target":{"@type":"EntryPoint","urlTemplate":"https:\/\/www.cfos-emobility.de\/network\/?s={search_term_string}"},"query-input":{"@type":"PropertyValueSpecification","valueRequired":true,"valueName":"search_term_string"}}],"inLanguage":"de"},{"@type":"Organization","@id":"https:\/\/www.cfos-emobility.de\/network\/#organization","name":"cFos eMobility GmbH","url":"https:\/\/www.cfos-emobility.de\/network\/","logo":{"@type":"ImageObject","inLanguage":"de","@id":"https:\/\/www.cfos-emobility.de\/network\/#\/schema\/logo\/image\/","url":"https:\/\/www.cfos-emobility.de\/network\/wp-content\/uploads\/2021\/12\/cfos-emobility-logo.jpg","contentUrl":"https:\/\/www.cfos-emobility.de\/network\/wp-content\/uploads\/2021\/12\/cfos-emobility-logo.jpg","width":221,"height":80,"caption":"cFos eMobility GmbH"},"image":{"@id":"https:\/\/www.cfos-emobility.de\/network\/#\/schema\/logo\/image\/"},"sameAs":["https:\/\/x.com\/cFosEmobility"]}]}},"_links":{"self":[{"href":"https:\/\/www.cfos-emobility.de\/network\/wp-json\/wp\/v2\/pages\/3667","targetHints":{"allow":["GET"]}}],"collection":[{"href":"https:\/\/www.cfos-emobility.de\/network\/wp-json\/wp\/v2\/pages"}],"about":[{"href":"https:\/\/www.cfos-emobility.de\/network\/wp-json\/wp\/v2\/types\/page"}],"author":[{"embeddable":true,"href":"https:\/\/www.cfos-emobility.de\/network\/wp-json\/wp\/v2\/users\/1"}],"replies":[{"embeddable":true,"href":"https:\/\/www.cfos-emobility.de\/network\/wp-json\/wp\/v2\/comments?post=3667"}],"version-history":[{"count":0,"href":"https:\/\/www.cfos-emobility.de\/network\/wp-json\/wp\/v2\/pages\/3667\/revisions"}],"up":[{"embeddable":true,"href":"https:\/\/www.cfos-emobility.de\/network\/wp-json\/wp\/v2\/pages\/1337"}],"wp:attachment":[{"href":"https:\/\/www.cfos-emobility.de\/network\/wp-json\/wp\/v2\/media?parent=3667"}],"wp:term":[{"taxonomy":"category","embeddable":true,"href":"https:\/\/www.cfos-emobility.de\/network\/wp-json\/wp\/v2\/categories?post=3667"},{"taxonomy":"post_tag","embeddable":true,"href":"https:\/\/www.cfos-emobility.de\/network\/wp-json\/wp\/v2\/tags?post=3667"}],"curies":[{"name":"wp","href":"https:\/\/api.w.org\/{rel}","templated":true}]}}