{"id":329,"date":"2022-02-16T09:49:02","date_gmt":"2022-02-16T08:49:02","guid":{"rendered":"https:\/\/www.cfos-emobility.de\/network\/?page_id=329"},"modified":"2024-10-10T09:41:09","modified_gmt":"2024-10-10T07:41:09","slug":"how-to-anleitung","status":"publish","type":"page","link":"https:\/\/www.cfos-emobility.de\/network\/fragen-und-antworten\/how-to-anleitung\/","title":{"rendered":"\u00dcber das Network"},"content":{"rendered":"<div class=\"wpb-content-wrapper\"><p>[vc_row][vc_column][vc_column_text]<\/p>\n<h2><strong>Liebe Community,<\/strong><\/h2>\n<p>das cFos eMobility Network ist ein Ort zum Austauschen, Fragen stellen und der gegenseitigen Hilfe rund um die Produkte der <a href=\"https:\/\/www.cfos-emobility.de\" target=\"_blank\" rel=\"noopener\">cFos eMobility GmbH<\/a>. Hier k\u00f6nnen Sie:[\/vc_column_text]<div class=\"porto-sicon-box  wpb_custom_1efe903570d178ff0a9b7bfa5febd3a4 style_1 default-icon\"><div class=\"porto-sicon-default\"><div class=\"porto-just-icon-wrapper porto-icon none\" style=\"color:#15396c;font-size:32px;\"><i class=\"fas fa-comments\"><\/i><\/div><\/div><div class=\"porto-sicon-header\"><h3 class=\"porto-sicon-title\" style=\"\">Allgemeine Fragen zur cFos Power Brain Wallbox stellen<\/h3><p>Verkabelung, Installation, etc.<\/p><\/div> <!-- header --><\/div><!-- porto-sicon-box --><div class=\"porto-sicon-box  wpb_custom_1efe903570d178ff0a9b7bfa5febd3a4 style_1 default-icon\"><div class=\"porto-sicon-default\"><div class=\"porto-just-icon-wrapper porto-icon none\" style=\"color:#15396c;font-size:32px;\"><i class=\"fas fa-comments\"><\/i><\/div><\/div><div class=\"porto-sicon-header\"><h3 class=\"porto-sicon-title\" style=\"\">Laderegeln &amp; Konfigurationen austauschen<\/h3><p>PV-\u00dcberschuss, Master-Slave-Betrieb, Netzwerkeinstellungen u.v.m.<\/p><\/div> <!-- header --><\/div><!-- porto-sicon-box --><div class=\"porto-sicon-box  wpb_custom_1efe903570d178ff0a9b7bfa5febd3a4 style_1 default-icon\"><div class=\"porto-sicon-default\"><div class=\"porto-just-icon-wrapper porto-icon none\" style=\"color:#15396c;font-size:32px;\"><i class=\"fas fa-comments\"><\/i><\/div><\/div><div class=\"porto-sicon-header\"><h3 class=\"porto-sicon-title\" style=\"\">Als erstes von Neuigkeiten von cFos eMobility erfahren<\/h3><p>Besuchen Sie unseren Newsblog &amp; abonnieren Sie unseren Newsletter!<\/p><\/div> <!-- header --><\/div><!-- porto-sicon-box -->[vc_column_text css=&#8220;&#8220;]Bitte beachten Sie, dass Sie einen Account brauchen, um Fragen zu stellen oder beantworten zu k\u00f6nnen. Ansonsten ist die gesamte Website uneingeschr\u00e4nkt nutzbar und wir freuen uns \u00fcber Ihr Feedback![\/vc_column_text][vc_custom_heading text=&#8220;Funktionen &amp; Bedienung der Community&#8220; use_theme_fonts=&#8220;yes&#8220;]<div class=\"porto-sicon-box  wpb_custom_1efe903570d178ff0a9b7bfa5febd3a4 style_1 default-icon\"><div class=\"porto-sicon-default\"><div class=\"porto-just-icon-wrapper porto-icon none\" style=\"color:#15396c;font-size:32px;\"><i class=\"fas fa-arrow-right\"><\/i><\/div><\/div><div class=\"porto-sicon-header\"><h4 class=\"porto-sicon-title\" style=\"\">Fragen stellen<\/h4><p>Sie formulieren Ihre Frage in der \u00dcberschrift Ihres Beitrages. Danach formulieren Sie Ihr konkretes Anliegen im Textfeld darunter. Das Textfeld darf nicht leer sein!<\/p><\/div> <!-- header --><\/div><!-- porto-sicon-box --><div class=\"porto-sicon-box  wpb_custom_1efe903570d178ff0a9b7bfa5febd3a4 style_1 default-icon\"><div class=\"porto-sicon-default\"><div class=\"porto-just-icon-wrapper porto-icon none\" style=\"color:#15396c;font-size:32px;\"><i class=\"fas fa-arrow-right\"><\/i><\/div><\/div><div class=\"porto-sicon-header\"><h4 class=\"porto-sicon-title\" style=\"\">Anh\u00e4nge<\/h4><p>Wenn Sie eine Frage stellen, haben Sie die M\u00f6glichkeit Bilddateien oder .txt-Dateien bis zu einer Gr\u00f6\u00dfe von 2MB anzuh\u00e4ngen.<\/p><\/div> <!-- header --><\/div><!-- porto-sicon-box --><div class=\"porto-sicon-box  wpb_custom_1efe903570d178ff0a9b7bfa5febd3a4 style_1 default-icon\"><div class=\"porto-sicon-default\"><div class=\"porto-just-icon-wrapper porto-icon none\" style=\"color:#15396c;font-size:32px;\"><i class=\"fas fa-arrow-right\"><\/i><\/div><\/div><div class=\"porto-sicon-header\"><h4 class=\"porto-sicon-title\" style=\"\">Schlagw\u00f6rter<\/h4><p>Um Ihre Frage zu kategorisieren, m\u00fcssen Sie dieser ein Schlagwort (tag) zuweisen. Beispiele daf\u00fcr finden Sie im Widget rechtsseitig.<\/p><\/div> <!-- header --><\/div><!-- porto-sicon-box --><div class=\"porto-sicon-box  wpb_custom_0f5be8351d23a8921da0295788c0eb01 style_1 default-icon\"><div class=\"porto-sicon-default\"><div class=\"porto-just-icon-wrapper porto-icon none\" style=\"color:#15396c;font-size:32px;\"><i class=\"fas fa-arrow-right\"><\/i><\/div><\/div><div class=\"porto-sicon-header\"><h4 class=\"porto-sicon-title\" style=\"\">Nutzen Sie die Suchfunktion<\/h4><p>M\u00f6glicherweise wurde Ihre Frage bereits gestellt und\/oder beantwortet<\/p><\/div> <!-- header --><\/div><!-- porto-sicon-box -->[vc_column_text]Bitte beachten Sie beim Austausch mit der Community:[\/vc_column_text]<div class=\"porto-sicon-box  wpb_custom_3514e9e6927f7bb9493e75cd3e4679d7 style_1 default-icon\"><div class=\"porto-sicon-default\"><div class=\"porto-just-icon-wrapper porto-icon none\" style=\"color:#5c9e07;font-size:32px;\"><i class=\"fas fa-thumbs-up\"><\/i><\/div><\/div><div class=\"porto-sicon-header\"><h4 class=\"porto-sicon-title\" style=\"\">Ein respektvoller &amp; freundlicher Umgang<\/h4><\/div> <!-- header --><\/div><!-- porto-sicon-box --><div class=\"porto-sicon-box  wpb_custom_1efe903570d178ff0a9b7bfa5febd3a4 style_1 default-icon\"><div class=\"porto-sicon-default\"><div class=\"porto-just-icon-wrapper porto-icon none\" style=\"color:#dd3d37;font-size:32px;\"><i class=\"fas fa-thumbs-down\"><\/i><\/div><\/div><div class=\"porto-sicon-header\"><h4 class=\"porto-sicon-title\" style=\"\">Kein Spam oder unerlaubte Werbung<\/h4><\/div> <!-- header --><\/div><!-- porto-sicon-box --><div class=\"porto-sicon-box  wpb_custom_1efe903570d178ff0a9b7bfa5febd3a4 style_1 default-icon\"><div class=\"porto-sicon-default\"><div class=\"porto-just-icon-wrapper porto-icon none\" style=\"color:#dd3d37;font-size:32px;\"><i class=\"fas fa-thumbs-down\"><\/i><\/div><\/div><div class=\"porto-sicon-header\"><h4 class=\"porto-sicon-title\" style=\"\">Keine Beleidigungen und keine Hassrede<\/h4><\/div> <!-- header --><\/div><!-- porto-sicon-box -->[vc_empty_space][\/vc_column][\/vc_row][vc_row][vc_column][vc_btn title=&#8220;Hier gehts zum Network!&#8220; color=&#8220;green&#8220; size=&#8220;lg&#8220; align=&#8220;center&#8220; i_icon_fontawesome=&#8220;fas fa-comments&#8220; button_block=&#8220;true&#8220; add_icon=&#8220;true&#8220; link=&#8220;url:https%3A%2F%2Fwww.cfos-emobility.de%2Fnetwork%2Ffragen-und-antworten%2F&#8220;][\/vc_column][\/vc_row]<\/p>\n<\/div>","protected":false},"excerpt":{"rendered":"<p>[vc_row][vc_column][vc_column_text] Liebe Community, das cFos eMobility Network ist ein Ort zum Austauschen, Fragen stellen und der gegenseitigen Hilfe rund um die Produkte der cFos eMobility GmbH. Hier k\u00f6nnen Sie:[\/vc_column_text][vc_column_text css=&#8220;&#8220;]Bitte beachten Sie, dass Sie einen Account brauchen, um Fragen zu stellen oder beantworten zu k\u00f6nnen. Ansonsten ist die gesamte Website uneingeschr\u00e4nkt nutzbar und wir freuen [&hellip;]<\/p>\n","protected":false},"author":1,"featured_media":0,"parent":19,"menu_order":0,"comment_status":"closed","ping_status":"closed","template":"","meta":{"footnotes":""},"categories":[],"tags":[],"class_list":["post-329","page","type-page","status-publish","hentry"],"yoast_head":"<!-- This site is optimized with the Yoast SEO plugin v27.5 - https:\/\/yoast.com\/product\/yoast-seo-wordpress\/ -->\n<title>\u00dcber das Network - cFos eMobility Network<\/title>\n<meta name=\"robots\" content=\"index, follow, max-snippet:-1, max-image-preview:large, max-video-preview:-1\" \/>\n<link rel=\"canonical\" href=\"https:\/\/www.cfos-emobility.de\/network\/ueber-das-cfos-network\" \/>\n<meta property=\"og:locale\" content=\"de_DE\" \/>\n<meta property=\"og:type\" content=\"article\" \/>\n<meta property=\"og:title\" content=\"\u00dcber das Network - cFos eMobility Network\" \/>\n<meta property=\"og:description\" content=\"[vc_row][vc_column][vc_column_text] Liebe Community, das cFos eMobility Network ist ein Ort zum Austauschen, Fragen stellen und der gegenseitigen Hilfe rund um die Produkte der cFos eMobility GmbH. Hier k\u00f6nnen Sie:[\/vc_column_text][vc_column_text css=&#8220;&#8220;]Bitte beachten Sie, dass Sie einen Account brauchen, um Fragen zu stellen oder beantworten zu k\u00f6nnen. Ansonsten ist die gesamte Website uneingeschr\u00e4nkt nutzbar und wir freuen [&hellip;]\" \/>\n<meta property=\"og:url\" content=\"https:\/\/www.cfos-emobility.de\/network\/ueber-das-cfos-network\" \/>\n<meta property=\"og:site_name\" content=\"cFos eMobility Network\" \/>\n<meta property=\"article:modified_time\" content=\"2024-10-10T07:41:09+00:00\" \/>\n<meta name=\"twitter:card\" content=\"summary_large_image\" \/>\n<meta name=\"twitter:site\" content=\"@cFosEmobility\" \/>\n<meta name=\"twitter:label1\" content=\"Gesch\u00e4tzte Lesezeit\" \/>\n\t<meta name=\"twitter:data1\" content=\"2\u00a0Minuten\" \/>\n<script type=\"application\/ld+json\" class=\"yoast-schema-graph\">{\"@context\":\"https:\\\/\\\/schema.org\",\"@graph\":[{\"@type\":\"WebPage\",\"@id\":\"https:\\\/\\\/www.cfos-emobility.de\\\/network\\\/fragen-und-antworten\\\/how-to-anleitung\\\/\",\"url\":\"https:\\\/\\\/www.cfos-emobility.de\\\/network\\\/ueber-das-cfos-network\",\"name\":\"\u00dcber das Network - cFos eMobility Network\",\"isPartOf\":{\"@id\":\"https:\\\/\\\/www.cfos-emobility.de\\\/network\\\/#website\"},\"datePublished\":\"2022-02-16T08:49:02+00:00\",\"dateModified\":\"2024-10-10T07:41:09+00:00\",\"breadcrumb\":{\"@id\":\"https:\\\/\\\/www.cfos-emobility.de\\\/network\\\/ueber-das-cfos-network#breadcrumb\"},\"inLanguage\":\"de\",\"potentialAction\":[{\"@type\":\"ReadAction\",\"target\":[\"https:\\\/\\\/www.cfos-emobility.de\\\/network\\\/ueber-das-cfos-network\"]}]},{\"@type\":\"BreadcrumbList\",\"@id\":\"https:\\\/\\\/www.cfos-emobility.de\\\/network\\\/ueber-das-cfos-network#breadcrumb\",\"itemListElement\":[{\"@type\":\"ListItem\",\"position\":1,\"name\":\"Startseite\",\"item\":\"https:\\\/\\\/www.cfos-emobility.de\\\/network\\\/\"},{\"@type\":\"ListItem\",\"position\":2,\"name\":\"Fragen und Antworten\",\"item\":\"https:\\\/\\\/www.cfos-emobility.de\\\/network\\\/fragen-und-antworten\\\/\"},{\"@type\":\"ListItem\",\"position\":3,\"name\":\"\u00dcber das Network\"}]},{\"@type\":\"WebSite\",\"@id\":\"https:\\\/\\\/www.cfos-emobility.de\\\/network\\\/#website\",\"url\":\"https:\\\/\\\/www.cfos-emobility.de\\\/network\\\/\",\"name\":\"cFos eMobility Network\",\"description\":\"Das cFos Power Brain Community Portal\",\"publisher\":{\"@id\":\"https:\\\/\\\/www.cfos-emobility.de\\\/network\\\/#organization\"},\"potentialAction\":[{\"@type\":\"SearchAction\",\"target\":{\"@type\":\"EntryPoint\",\"urlTemplate\":\"https:\\\/\\\/www.cfos-emobility.de\\\/network\\\/?s={search_term_string}\"},\"query-input\":{\"@type\":\"PropertyValueSpecification\",\"valueRequired\":true,\"valueName\":\"search_term_string\"}}],\"inLanguage\":\"de\"},{\"@type\":\"Organization\",\"@id\":\"https:\\\/\\\/www.cfos-emobility.de\\\/network\\\/#organization\",\"name\":\"cFos eMobility GmbH\",\"url\":\"https:\\\/\\\/www.cfos-emobility.de\\\/network\\\/\",\"logo\":{\"@type\":\"ImageObject\",\"inLanguage\":\"de\",\"@id\":\"https:\\\/\\\/www.cfos-emobility.de\\\/network\\\/#\\\/schema\\\/logo\\\/image\\\/\",\"url\":\"https:\\\/\\\/www.cfos-emobility.de\\\/network\\\/wp-content\\\/uploads\\\/2021\\\/12\\\/cfos-emobility-logo.jpg\",\"contentUrl\":\"https:\\\/\\\/www.cfos-emobility.de\\\/network\\\/wp-content\\\/uploads\\\/2021\\\/12\\\/cfos-emobility-logo.jpg\",\"width\":221,\"height\":80,\"caption\":\"cFos eMobility GmbH\"},\"image\":{\"@id\":\"https:\\\/\\\/www.cfos-emobility.de\\\/network\\\/#\\\/schema\\\/logo\\\/image\\\/\"},\"sameAs\":[\"https:\\\/\\\/x.com\\\/cFosEmobility\"]}]}<\/script>\n<!-- \/ Yoast SEO plugin. -->","yoast_head_json":{"title":"\u00dcber das Network - cFos eMobility Network","robots":{"index":"index","follow":"follow","max-snippet":"max-snippet:-1","max-image-preview":"max-image-preview:large","max-video-preview":"max-video-preview:-1"},"canonical":"https:\/\/www.cfos-emobility.de\/network\/ueber-das-cfos-network","og_locale":"de_DE","og_type":"article","og_title":"\u00dcber das Network - cFos eMobility Network","og_description":"[vc_row][vc_column][vc_column_text] Liebe Community, das cFos eMobility Network ist ein Ort zum Austauschen, Fragen stellen und der gegenseitigen Hilfe rund um die Produkte der cFos eMobility GmbH. Hier k\u00f6nnen Sie:[\/vc_column_text][vc_column_text css=&#8220;&#8220;]Bitte beachten Sie, dass Sie einen Account brauchen, um Fragen zu stellen oder beantworten zu k\u00f6nnen. Ansonsten ist die gesamte Website uneingeschr\u00e4nkt nutzbar und wir freuen [&hellip;]","og_url":"https:\/\/www.cfos-emobility.de\/network\/ueber-das-cfos-network","og_site_name":"cFos eMobility Network","article_modified_time":"2024-10-10T07:41:09+00:00","twitter_card":"summary_large_image","twitter_site":"@cFosEmobility","twitter_misc":{"Gesch\u00e4tzte Lesezeit":"2\u00a0Minuten"},"schema":{"@context":"https:\/\/schema.org","@graph":[{"@type":"WebPage","@id":"https:\/\/www.cfos-emobility.de\/network\/fragen-und-antworten\/how-to-anleitung\/","url":"https:\/\/www.cfos-emobility.de\/network\/ueber-das-cfos-network","name":"\u00dcber das Network - cFos eMobility Network","isPartOf":{"@id":"https:\/\/www.cfos-emobility.de\/network\/#website"},"datePublished":"2022-02-16T08:49:02+00:00","dateModified":"2024-10-10T07:41:09+00:00","breadcrumb":{"@id":"https:\/\/www.cfos-emobility.de\/network\/ueber-das-cfos-network#breadcrumb"},"inLanguage":"de","potentialAction":[{"@type":"ReadAction","target":["https:\/\/www.cfos-emobility.de\/network\/ueber-das-cfos-network"]}]},{"@type":"BreadcrumbList","@id":"https:\/\/www.cfos-emobility.de\/network\/ueber-das-cfos-network#breadcrumb","itemListElement":[{"@type":"ListItem","position":1,"name":"Startseite","item":"https:\/\/www.cfos-emobility.de\/network\/"},{"@type":"ListItem","position":2,"name":"Fragen und Antworten","item":"https:\/\/www.cfos-emobility.de\/network\/fragen-und-antworten\/"},{"@type":"ListItem","position":3,"name":"\u00dcber das Network"}]},{"@type":"WebSite","@id":"https:\/\/www.cfos-emobility.de\/network\/#website","url":"https:\/\/www.cfos-emobility.de\/network\/","name":"cFos eMobility Network","description":"Das cFos Power Brain Community Portal","publisher":{"@id":"https:\/\/www.cfos-emobility.de\/network\/#organization"},"potentialAction":[{"@type":"SearchAction","target":{"@type":"EntryPoint","urlTemplate":"https:\/\/www.cfos-emobility.de\/network\/?s={search_term_string}"},"query-input":{"@type":"PropertyValueSpecification","valueRequired":true,"valueName":"search_term_string"}}],"inLanguage":"de"},{"@type":"Organization","@id":"https:\/\/www.cfos-emobility.de\/network\/#organization","name":"cFos eMobility GmbH","url":"https:\/\/www.cfos-emobility.de\/network\/","logo":{"@type":"ImageObject","inLanguage":"de","@id":"https:\/\/www.cfos-emobility.de\/network\/#\/schema\/logo\/image\/","url":"https:\/\/www.cfos-emobility.de\/network\/wp-content\/uploads\/2021\/12\/cfos-emobility-logo.jpg","contentUrl":"https:\/\/www.cfos-emobility.de\/network\/wp-content\/uploads\/2021\/12\/cfos-emobility-logo.jpg","width":221,"height":80,"caption":"cFos eMobility GmbH"},"image":{"@id":"https:\/\/www.cfos-emobility.de\/network\/#\/schema\/logo\/image\/"},"sameAs":["https:\/\/x.com\/cFosEmobility"]}]}},"_links":{"self":[{"href":"https:\/\/www.cfos-emobility.de\/network\/wp-json\/wp\/v2\/pages\/329","targetHints":{"allow":["GET"]}}],"collection":[{"href":"https:\/\/www.cfos-emobility.de\/network\/wp-json\/wp\/v2\/pages"}],"about":[{"href":"https:\/\/www.cfos-emobility.de\/network\/wp-json\/wp\/v2\/types\/page"}],"author":[{"embeddable":true,"href":"https:\/\/www.cfos-emobility.de\/network\/wp-json\/wp\/v2\/users\/1"}],"replies":[{"embeddable":true,"href":"https:\/\/www.cfos-emobility.de\/network\/wp-json\/wp\/v2\/comments?post=329"}],"version-history":[{"count":0,"href":"https:\/\/www.cfos-emobility.de\/network\/wp-json\/wp\/v2\/pages\/329\/revisions"}],"up":[{"embeddable":true,"href":"https:\/\/www.cfos-emobility.de\/network\/wp-json\/wp\/v2\/pages\/19"}],"wp:attachment":[{"href":"https:\/\/www.cfos-emobility.de\/network\/wp-json\/wp\/v2\/media?parent=329"}],"wp:term":[{"taxonomy":"category","embeddable":true,"href":"https:\/\/www.cfos-emobility.de\/network\/wp-json\/wp\/v2\/categories?post=329"},{"taxonomy":"post_tag","embeddable":true,"href":"https:\/\/www.cfos-emobility.de\/network\/wp-json\/wp\/v2\/tags?post=329"}],"curies":[{"name":"wp","href":"https:\/\/api.w.org\/{rel}","templated":true}]}}