{"id":2959,"date":"2024-04-24T11:20:30","date_gmt":"2024-04-24T09:20:30","guid":{"rendered":"https:\/\/www.cfos-emobility.de\/network\/?page_id=2959"},"modified":"2024-05-17T14:16:31","modified_gmt":"2024-05-17T12:16:31","slug":"solarteure-willkommen","status":"publish","type":"page","link":"https:\/\/www.cfos-emobility.de\/network\/solarteure-willkommen\/","title":{"rendered":"Solarteure willkommen!"},"content":{"rendered":"<div class=\"wpb-content-wrapper\"><p>[vc_row][vc_column][vc_column_text css=&#8220;&#8220;]<\/p>\n<h1>Solarteure willkommen!<\/h1>\n<p>Alle unsere <strong>Wallbox Modelle k\u00f6nnen die Wechselrichter, Batteriespeicher und Smartmeter der Solaranlage direkt auslesen<\/strong> und zur <strong>Steuerung der Ladung des Elektroautos nutzen<\/strong>. Kein zus\u00e4tzliches EMS o.\u00c4. n\u00f6tig.<\/p>\n<p><strong>Sie binden die Wechselrichter, Batteriespeicher und Smartmeter (Netzbezugsz\u00e4hler) in unserem System ein,<\/strong> indem Sie typischerweise 3 Ger\u00e4te hinzuf\u00fcgen:<\/p>\n<ul>\n<li>Eine Kachel f\u00fcr den <strong>bidirektionalen Netzbezugsz\u00e4hler<\/strong> (Smartmeter),<\/li>\n<li>eine Kachel f\u00fcr den <strong>Batteriespeicher<\/strong> und<\/li>\n<li>eine Kachel f\u00fcr den <strong>Wechselrichter<\/strong>.<\/li>\n<\/ul>\n<p>Als <strong>Z\u00e4hlertyp<\/strong> verwenden Sie <a href=\"https:\/\/www.cfos-emobility.de\/de\/cfos-charging-manager\/documentation\/wallbox-instructions.htm#card_16\" target=\"_blank\" rel=\"noopener\">&#8222;SunSpec Solar Inverter \/ Meter&#8220;<\/a> bei europ\u00e4ischen Herstellern, wie Fronius, Kostal, SMA, Solaredge, etc. Bei anderen, z.B. chinesischen Herstellern stellen wir typischerweise drei Z\u00e4hlerdefinitionen (Netzbezugsz\u00e4hler, Batteriespeicher und Wechselrichter) bereit. Diese sind entweder mitgeliefert und \u00fcber unser Setup ausw\u00e4hlbar oder Sie laden sich diese <a href=\"https:\/\/www.cfos-emobility.de\/de\/cfos-charging-manager\/list-of-supported-devices.htm#meter-definitions\" target=\"_blank\" rel=\"noopener\">Z\u00e4hlerdefinitionen<\/a> (u.a. Deye, Sofar, &#8230;) herunter\u00a0 und spielen diese unter &#8222;Konfiguration&#8220; ein.<\/p>\n<p><strong>Sie ermitteln die Verkabelungsoptionen Ihrer Ger\u00e4te<\/strong>.<br \/>\nWerden die Ger\u00e4te Ihres Wechselrichterherstellers per Modbus TCP angebunden? Dann m\u00fcssen Sie die IP Adressen im Hausnetz des Kunden ermmitteln.<br \/>\nWerden die Ger\u00e4te per Zweidraht angebunden (Modbus RTU, RS 485)? Dann m\u00fcssen Sie eine gedrillte Zweidraht-Leitung zwischen Wallbox und diesen Ger\u00e4ten verlegen (siehe auch <a href=\"https:\/\/www.cfos-emobility.de\/files\/modbus-verkabelung.pdf\" target=\"_blank\" rel=\"noopener\">Anleitung zur Modbus Verkabelung<\/a>).<br \/>\nPr\u00fcfen Sie, ob in den Ger\u00e4ten noch Modbus freigeschaltet werden muss.<br \/>\nBei Zweidraht-Verbindungen pr\u00fcfen Sie zus\u00e4tzlich in Ihren Ger\u00e4ten die Kommunikationsparameter und \u00fcbernehmen diese im Setup unserer Wallbox.<\/p>\n<p><strong>Wir unterst\u00fctzen sehr <a href=\"https:\/\/www.cfos-emobility.de\/de\/cfos-charging-manager\/list-of-supported-devices.htm\" target=\"_blank\" rel=\"noopener\">viele Ger\u00e4te<\/a><\/strong>. Auf unserer Webseite finden Sie auch\u00a0 <a href=\"https:\/\/www.cfos-emobility.de\/de\/cfos-charging-manager\/documentation\/wallbox-instructions.htm\" target=\"_blank\" rel=\"noopener\">Anleitungen f\u00fcr einige Wallboxen, Z\u00e4hler und Wechselrichter<\/a>. Wir erg\u00e4nzen hier gerne auf Ihren Wunsch.<\/p>\n<p>Sie k\u00f6nnen die <strong>Grund-Konfiguration f\u00fcr Ihr System<\/strong> speichern und bei der n\u00e4chste Anlage <strong>einfach wieder einspielen.<\/strong><br \/>\nBei gr\u00f6\u00dferen St\u00fcckzahlen k\u00f6nnen wir <strong>vorkonfigurierte Wallboxen<\/strong> ausliefern.[\/vc_column_text][\/vc_column][\/vc_row]<\/p>\n<\/div>","protected":false},"excerpt":{"rendered":"<p>[vc_row][vc_column][vc_column_text css=&#8220;&#8220;] Solarteure willkommen! Alle unsere Wallbox Modelle k\u00f6nnen die Wechselrichter, Batteriespeicher und Smartmeter der Solaranlage direkt auslesen und zur Steuerung der Ladung des Elektroautos nutzen. Kein zus\u00e4tzliches EMS o.\u00c4. n\u00f6tig. Sie binden die Wechselrichter, Batteriespeicher und Smartmeter (Netzbezugsz\u00e4hler) in unserem System ein, indem Sie typischerweise 3 Ger\u00e4te hinzuf\u00fcgen: Eine Kachel f\u00fcr den bidirektionalen Netzbezugsz\u00e4hler [&hellip;]<\/p>\n","protected":false},"author":1,"featured_media":2961,"parent":0,"menu_order":0,"comment_status":"closed","ping_status":"closed","template":"","meta":{"footnotes":""},"categories":[],"tags":[186,275,274],"class_list":["post-2959","page","type-page","status-publish","has-post-thumbnail","hentry","tag-solar","tag-solaranlage","tag-solarteur"],"yoast_head":"<!-- This site is optimized with the Yoast SEO plugin v27.3 - https:\/\/yoast.com\/product\/yoast-seo-wordpress\/ -->\n<title>Solarteure willkommen! - cFos eMobility Network<\/title>\n<meta name=\"robots\" content=\"index, follow, max-snippet:-1, max-image-preview:large, max-video-preview:-1\" \/>\n<link rel=\"canonical\" href=\"https:\/\/www.cfos-emobility.de\/network\/solarteure-willkommen\/\" \/>\n<meta property=\"og:locale\" content=\"de_DE\" \/>\n<meta property=\"og:type\" content=\"article\" \/>\n<meta property=\"og:title\" content=\"Solarteure willkommen! - cFos eMobility Network\" \/>\n<meta property=\"og:description\" content=\"[vc_row][vc_column][vc_column_text css=&#8220;&#8220;] Solarteure willkommen! Alle unsere Wallbox Modelle k\u00f6nnen die Wechselrichter, Batteriespeicher und Smartmeter der Solaranlage direkt auslesen und zur Steuerung der Ladung des Elektroautos nutzen. Kein zus\u00e4tzliches EMS o.\u00c4. n\u00f6tig. Sie binden die Wechselrichter, Batteriespeicher und Smartmeter (Netzbezugsz\u00e4hler) in unserem System ein, indem Sie typischerweise 3 Ger\u00e4te hinzuf\u00fcgen: Eine Kachel f\u00fcr den bidirektionalen Netzbezugsz\u00e4hler [&hellip;]\" \/>\n<meta property=\"og:url\" content=\"https:\/\/www.cfos-emobility.de\/network\/solarteure-willkommen\/\" \/>\n<meta property=\"og:site_name\" content=\"cFos eMobility Network\" \/>\n<meta property=\"article:modified_time\" content=\"2024-05-17T12:16:31+00:00\" \/>\n<meta property=\"og:image\" content=\"https:\/\/www.cfos-emobility.de\/network\/wp-content\/uploads\/2024\/04\/solar-system-2939551_1920-ulleo.jpg\" \/>\n\t<meta property=\"og:image:width\" content=\"1920\" \/>\n\t<meta property=\"og:image:height\" content=\"1181\" \/>\n\t<meta property=\"og:image:type\" content=\"image\/jpeg\" \/>\n<meta name=\"twitter:card\" content=\"summary_large_image\" \/>\n<meta name=\"twitter:site\" content=\"@cFosEmobility\" \/>\n<meta name=\"twitter:label1\" content=\"Gesch\u00e4tzte Lesezeit\" \/>\n\t<meta name=\"twitter:data1\" content=\"2\u00a0Minuten\" \/>\n<script type=\"application\/ld+json\" class=\"yoast-schema-graph\">{\"@context\":\"https:\\\/\\\/schema.org\",\"@graph\":[{\"@type\":\"WebPage\",\"@id\":\"https:\\\/\\\/www.cfos-emobility.de\\\/network\\\/solarteure-willkommen\\\/\",\"url\":\"https:\\\/\\\/www.cfos-emobility.de\\\/network\\\/solarteure-willkommen\\\/\",\"name\":\"Solarteure willkommen! - cFos eMobility Network\",\"isPartOf\":{\"@id\":\"https:\\\/\\\/www.cfos-emobility.de\\\/network\\\/#website\"},\"primaryImageOfPage\":{\"@id\":\"https:\\\/\\\/www.cfos-emobility.de\\\/network\\\/solarteure-willkommen\\\/#primaryimage\"},\"image\":{\"@id\":\"https:\\\/\\\/www.cfos-emobility.de\\\/network\\\/solarteure-willkommen\\\/#primaryimage\"},\"thumbnailUrl\":\"https:\\\/\\\/www.cfos-emobility.de\\\/network\\\/wp-content\\\/uploads\\\/2024\\\/04\\\/solar-system-2939551_1920-ulleo.jpg\",\"datePublished\":\"2024-04-24T09:20:30+00:00\",\"dateModified\":\"2024-05-17T12:16:31+00:00\",\"breadcrumb\":{\"@id\":\"https:\\\/\\\/www.cfos-emobility.de\\\/network\\\/solarteure-willkommen\\\/#breadcrumb\"},\"inLanguage\":\"de\",\"potentialAction\":[{\"@type\":\"ReadAction\",\"target\":[\"https:\\\/\\\/www.cfos-emobility.de\\\/network\\\/solarteure-willkommen\\\/\"]}]},{\"@type\":\"ImageObject\",\"inLanguage\":\"de\",\"@id\":\"https:\\\/\\\/www.cfos-emobility.de\\\/network\\\/solarteure-willkommen\\\/#primaryimage\",\"url\":\"https:\\\/\\\/www.cfos-emobility.de\\\/network\\\/wp-content\\\/uploads\\\/2024\\\/04\\\/solar-system-2939551_1920-ulleo.jpg\",\"contentUrl\":\"https:\\\/\\\/www.cfos-emobility.de\\\/network\\\/wp-content\\\/uploads\\\/2024\\\/04\\\/solar-system-2939551_1920-ulleo.jpg\",\"width\":1920,\"height\":1181,\"caption\":\"Foto by ulleo\"},{\"@type\":\"BreadcrumbList\",\"@id\":\"https:\\\/\\\/www.cfos-emobility.de\\\/network\\\/solarteure-willkommen\\\/#breadcrumb\",\"itemListElement\":[{\"@type\":\"ListItem\",\"position\":1,\"name\":\"Startseite\",\"item\":\"https:\\\/\\\/www.cfos-emobility.de\\\/network\\\/\"},{\"@type\":\"ListItem\",\"position\":2,\"name\":\"Solarteure willkommen!\"}]},{\"@type\":\"WebSite\",\"@id\":\"https:\\\/\\\/www.cfos-emobility.de\\\/network\\\/#website\",\"url\":\"https:\\\/\\\/www.cfos-emobility.de\\\/network\\\/\",\"name\":\"cFos eMobility Network\",\"description\":\"Das cFos Power Brain Community Portal\",\"publisher\":{\"@id\":\"https:\\\/\\\/www.cfos-emobility.de\\\/network\\\/#organization\"},\"potentialAction\":[{\"@type\":\"SearchAction\",\"target\":{\"@type\":\"EntryPoint\",\"urlTemplate\":\"https:\\\/\\\/www.cfos-emobility.de\\\/network\\\/?s={search_term_string}\"},\"query-input\":{\"@type\":\"PropertyValueSpecification\",\"valueRequired\":true,\"valueName\":\"search_term_string\"}}],\"inLanguage\":\"de\"},{\"@type\":\"Organization\",\"@id\":\"https:\\\/\\\/www.cfos-emobility.de\\\/network\\\/#organization\",\"name\":\"cFos eMobility GmbH\",\"url\":\"https:\\\/\\\/www.cfos-emobility.de\\\/network\\\/\",\"logo\":{\"@type\":\"ImageObject\",\"inLanguage\":\"de\",\"@id\":\"https:\\\/\\\/www.cfos-emobility.de\\\/network\\\/#\\\/schema\\\/logo\\\/image\\\/\",\"url\":\"https:\\\/\\\/www.cfos-emobility.de\\\/network\\\/wp-content\\\/uploads\\\/2021\\\/12\\\/cfos-emobility-logo.jpg\",\"contentUrl\":\"https:\\\/\\\/www.cfos-emobility.de\\\/network\\\/wp-content\\\/uploads\\\/2021\\\/12\\\/cfos-emobility-logo.jpg\",\"width\":221,\"height\":80,\"caption\":\"cFos eMobility GmbH\"},\"image\":{\"@id\":\"https:\\\/\\\/www.cfos-emobility.de\\\/network\\\/#\\\/schema\\\/logo\\\/image\\\/\"},\"sameAs\":[\"https:\\\/\\\/x.com\\\/cFosEmobility\"]}]}<\/script>\n<!-- \/ Yoast SEO plugin. -->","yoast_head_json":{"title":"Solarteure willkommen! - cFos eMobility Network","robots":{"index":"index","follow":"follow","max-snippet":"max-snippet:-1","max-image-preview":"max-image-preview:large","max-video-preview":"max-video-preview:-1"},"canonical":"https:\/\/www.cfos-emobility.de\/network\/solarteure-willkommen\/","og_locale":"de_DE","og_type":"article","og_title":"Solarteure willkommen! - cFos eMobility Network","og_description":"[vc_row][vc_column][vc_column_text css=&#8220;&#8220;] Solarteure willkommen! Alle unsere Wallbox Modelle k\u00f6nnen die Wechselrichter, Batteriespeicher und Smartmeter der Solaranlage direkt auslesen und zur Steuerung der Ladung des Elektroautos nutzen. Kein zus\u00e4tzliches EMS o.\u00c4. n\u00f6tig. Sie binden die Wechselrichter, Batteriespeicher und Smartmeter (Netzbezugsz\u00e4hler) in unserem System ein, indem Sie typischerweise 3 Ger\u00e4te hinzuf\u00fcgen: Eine Kachel f\u00fcr den bidirektionalen Netzbezugsz\u00e4hler [&hellip;]","og_url":"https:\/\/www.cfos-emobility.de\/network\/solarteure-willkommen\/","og_site_name":"cFos eMobility Network","article_modified_time":"2024-05-17T12:16:31+00:00","og_image":[{"width":1920,"height":1181,"url":"https:\/\/www.cfos-emobility.de\/network\/wp-content\/uploads\/2024\/04\/solar-system-2939551_1920-ulleo.jpg","type":"image\/jpeg"}],"twitter_card":"summary_large_image","twitter_site":"@cFosEmobility","twitter_misc":{"Gesch\u00e4tzte Lesezeit":"2\u00a0Minuten"},"schema":{"@context":"https:\/\/schema.org","@graph":[{"@type":"WebPage","@id":"https:\/\/www.cfos-emobility.de\/network\/solarteure-willkommen\/","url":"https:\/\/www.cfos-emobility.de\/network\/solarteure-willkommen\/","name":"Solarteure willkommen! - cFos eMobility Network","isPartOf":{"@id":"https:\/\/www.cfos-emobility.de\/network\/#website"},"primaryImageOfPage":{"@id":"https:\/\/www.cfos-emobility.de\/network\/solarteure-willkommen\/#primaryimage"},"image":{"@id":"https:\/\/www.cfos-emobility.de\/network\/solarteure-willkommen\/#primaryimage"},"thumbnailUrl":"https:\/\/www.cfos-emobility.de\/network\/wp-content\/uploads\/2024\/04\/solar-system-2939551_1920-ulleo.jpg","datePublished":"2024-04-24T09:20:30+00:00","dateModified":"2024-05-17T12:16:31+00:00","breadcrumb":{"@id":"https:\/\/www.cfos-emobility.de\/network\/solarteure-willkommen\/#breadcrumb"},"inLanguage":"de","potentialAction":[{"@type":"ReadAction","target":["https:\/\/www.cfos-emobility.de\/network\/solarteure-willkommen\/"]}]},{"@type":"ImageObject","inLanguage":"de","@id":"https:\/\/www.cfos-emobility.de\/network\/solarteure-willkommen\/#primaryimage","url":"https:\/\/www.cfos-emobility.de\/network\/wp-content\/uploads\/2024\/04\/solar-system-2939551_1920-ulleo.jpg","contentUrl":"https:\/\/www.cfos-emobility.de\/network\/wp-content\/uploads\/2024\/04\/solar-system-2939551_1920-ulleo.jpg","width":1920,"height":1181,"caption":"Foto by ulleo"},{"@type":"BreadcrumbList","@id":"https:\/\/www.cfos-emobility.de\/network\/solarteure-willkommen\/#breadcrumb","itemListElement":[{"@type":"ListItem","position":1,"name":"Startseite","item":"https:\/\/www.cfos-emobility.de\/network\/"},{"@type":"ListItem","position":2,"name":"Solarteure willkommen!"}]},{"@type":"WebSite","@id":"https:\/\/www.cfos-emobility.de\/network\/#website","url":"https:\/\/www.cfos-emobility.de\/network\/","name":"cFos eMobility Network","description":"Das cFos Power Brain Community Portal","publisher":{"@id":"https:\/\/www.cfos-emobility.de\/network\/#organization"},"potentialAction":[{"@type":"SearchAction","target":{"@type":"EntryPoint","urlTemplate":"https:\/\/www.cfos-emobility.de\/network\/?s={search_term_string}"},"query-input":{"@type":"PropertyValueSpecification","valueRequired":true,"valueName":"search_term_string"}}],"inLanguage":"de"},{"@type":"Organization","@id":"https:\/\/www.cfos-emobility.de\/network\/#organization","name":"cFos eMobility GmbH","url":"https:\/\/www.cfos-emobility.de\/network\/","logo":{"@type":"ImageObject","inLanguage":"de","@id":"https:\/\/www.cfos-emobility.de\/network\/#\/schema\/logo\/image\/","url":"https:\/\/www.cfos-emobility.de\/network\/wp-content\/uploads\/2021\/12\/cfos-emobility-logo.jpg","contentUrl":"https:\/\/www.cfos-emobility.de\/network\/wp-content\/uploads\/2021\/12\/cfos-emobility-logo.jpg","width":221,"height":80,"caption":"cFos eMobility GmbH"},"image":{"@id":"https:\/\/www.cfos-emobility.de\/network\/#\/schema\/logo\/image\/"},"sameAs":["https:\/\/x.com\/cFosEmobility"]}]}},"_links":{"self":[{"href":"https:\/\/www.cfos-emobility.de\/network\/wp-json\/wp\/v2\/pages\/2959","targetHints":{"allow":["GET"]}}],"collection":[{"href":"https:\/\/www.cfos-emobility.de\/network\/wp-json\/wp\/v2\/pages"}],"about":[{"href":"https:\/\/www.cfos-emobility.de\/network\/wp-json\/wp\/v2\/types\/page"}],"author":[{"embeddable":true,"href":"https:\/\/www.cfos-emobility.de\/network\/wp-json\/wp\/v2\/users\/1"}],"replies":[{"embeddable":true,"href":"https:\/\/www.cfos-emobility.de\/network\/wp-json\/wp\/v2\/comments?post=2959"}],"version-history":[{"count":0,"href":"https:\/\/www.cfos-emobility.de\/network\/wp-json\/wp\/v2\/pages\/2959\/revisions"}],"wp:featuredmedia":[{"embeddable":true,"href":"https:\/\/www.cfos-emobility.de\/network\/wp-json\/wp\/v2\/media\/2961"}],"wp:attachment":[{"href":"https:\/\/www.cfos-emobility.de\/network\/wp-json\/wp\/v2\/media?parent=2959"}],"wp:term":[{"taxonomy":"category","embeddable":true,"href":"https:\/\/www.cfos-emobility.de\/network\/wp-json\/wp\/v2\/categories?post=2959"},{"taxonomy":"post_tag","embeddable":true,"href":"https:\/\/www.cfos-emobility.de\/network\/wp-json\/wp\/v2\/tags?post=2959"}],"curies":[{"name":"wp","href":"https:\/\/api.w.org\/{rel}","templated":true}]}}