{"id":2001,"date":"2023-10-05T15:01:08","date_gmt":"2023-10-05T13:01:08","guid":{"rendered":"https:\/\/www.cfos-emobility.de\/network\/?page_id=2001"},"modified":"2024-08-30T11:43:48","modified_gmt":"2024-08-30T09:43:48","slug":"was-tun-wenn-ich-mich-mit-dem-wlan-hotspot-der-wallbox-nicht-verbinden-kann","status":"publish","type":"page","link":"https:\/\/www.cfos-emobility.de\/network\/service\/anleitungen\/was-tun-wenn-ich-mich-mit-dem-wlan-hotspot-der-wallbox-nicht-verbinden-kann\/","title":{"rendered":"Was tun, wenn ich mich mit dem WLAN-Hotspot der Wallbox nicht verbinden kann?"},"content":{"rendered":"<div class=\"wpb-content-wrapper\"><p>[vc_row][vc_column][vc_column_text]<\/p>\n<h3><b>Testen, ob der Hotspot der Wallbox erreichbar ist<\/b><\/h3>\n<ol>\n<li aria-level=\"1\">Wallbox ausschalten, also vom Strom nehmen (z.B. \u00fcber den Sicherungskasten)<\/li>\n<li aria-level=\"1\">Strom f\u00fcr die Wallbox wieder anschalten<\/li>\n<li aria-level=\"1\">H\u00f6ren ob der Boot-Beep ert\u00f6nt<\/li>\n<li aria-level=\"1\">Nach ca. 20-30 Sekunden pr\u00fcfen, ob der WLAN-Hotspot\u00a0 zu sehen ist.<br \/>\nDie SSID der Wallbox sieht z.B. so aus <b>powerbrain-W00-1234<\/b><\/li>\n<li aria-level=\"1\">Pr\u00fcfen, ob eine WLAN Verbindung zum Hotspot m\u00f6glich ist.<\/li>\n<\/ol>\n<p>[\/vc_column_text][\/vc_column][\/vc_row][vc_row][vc_column][vc_column_text]<\/p>\n<h4>TIPP:<\/h4>\n<p>Um hier sicher zu pr\u00fcfen, ob das WLAN Funknetzwerk aufgespannt wird, empfehlen wir ein Analyse-Tool, welches die WLAN-Netzwerke in der Umgebung anzeigt, ohne dass man im WLAN eingeloggt sein muss. Damit k\u00f6nnen die WLAN Konfigurations-Dialoge von Endger\u00e4ten als Fehlerquelle ausgeschlossen werden. Weiterhin kann die Signalst\u00e4rke der einzelnen WLAN-Netzwerke in der Umgebung eingesehen werden.<\/p>\n<p>Wir empfehlen das Tool <b>inSSIDer<\/b>, da gibt es eine <a href=\"https:\/\/www.heise.de\/download\/product\/inssider-56215\">freeware Windows Version bei heise<\/a>. Auch eine <a href=\"https:\/\/www.chip.de\/downloads\/inSSIDer-fuer-Mac-OS_61259432.html\" target=\"_blank\" rel=\"noopener\">inSSIDer MAC OS Version<\/a> ist verf\u00fcgbar.[\/vc_column_text][\/vc_column][\/vc_row][vc_row][vc_column][vc_column_text]<\/p>\n<h4>Hinweis:<\/h4>\n<p>Sollte der WLAN-Hotspot der Wallbox nicht zu sehen sein, dann k\u00f6nnte der Controller defekt sein. Wenn die LED des DC-Sensors nicht leuchtet, ist das ein Hinweis darauf, dass der Controller keinen Strom erh\u00e4lt. Zus\u00e4tzlich kann gepr\u00fcft werden, ob die rote LED am RFID Modul leuchtet.[\/vc_column_text][vc_column_text]<\/p>\n<h4>Das hilft alles nichts!<\/h4>\n<p>Falls der Hotspot immer noch nicht zu sehen ist, pr\u00fcfen Sie, ob dies nach einem Reset der Wallbox auf Werkseinstellungen m\u00f6glich ist. Da gibt es 2 M\u00f6glichkeiten, die Sie nacheinander pr\u00fcfen k\u00f6nnen.<\/p>\n<ul>\n<li><a href=\"https:\/\/www.cfos-emobility.de\/network\/antworten\/kann-ich-die-cfos-power-brain-wallbox-werkseinstellungen-zuruecksetzen\/\" target=\"_blank\" rel=\"noopener\">Werkseinstellungen per Master RFID-Karte<\/a><\/li>\n<li><a href=\"https:\/\/www.cfos-emobility.de\/network\/antworten\/wie-kann-man-die-werkseintellungen-per-kabelbruecke-setzen\/\" target=\"_blank\" rel=\"noopener\">Werksteinstellungen per Kabelbr\u00fccke<\/a><\/li>\n<\/ul>\n<p>Gehen Sie nach dem Reset jeweils die o.g. Schritte durch.[\/vc_column_text][\/vc_column][\/vc_row][vc_row][vc_column][vc_column_text css=&#8220;&#8220; text_typography=&#8220;{&#8222;family&#8222;:&#8222;Default&#8222;,&#8222;variant&#8222;:&#8222;Default&#8222;,&#8222;font_size&#8222;:&#8222;&#8222;,&#8222;line_height&#8222;:&#8222;&#8222;,&#8222;letter_spacing&#8222;:&#8222;&#8222;,&#8222;text_transform&#8222;:&#8222;&#8222;}&#8220;]<\/p>\n<p style=\"text-align: left;\"><strong>Hier geht es zur\u00fcck zur \u00dcbersichtsseite Dokumentation:<\/strong><\/p>\n<p style=\"text-align: left;\"><a href=\"https:\/\/www.cfos-emobility.de\/de\/cfos-charging-manager\/documentation\/documentation-links.htm\">&gt;&gt; https:\/\/www.cfos-emobility.de\/de\/cfos-charging-manager\/documentation\/documentation-links.htm<\/a><\/p>\n<p>[\/vc_column_text][\/vc_column][\/vc_row]<\/p>\n<\/div>","protected":false},"excerpt":{"rendered":"<p>[vc_row][vc_column][vc_column_text] Testen, ob der Hotspot der Wallbox erreichbar ist Wallbox ausschalten, also vom Strom nehmen (z.B. \u00fcber den Sicherungskasten) Strom f\u00fcr die Wallbox wieder anschalten H\u00f6ren ob der Boot-Beep ert\u00f6nt Nach ca. 20-30 Sekunden pr\u00fcfen, ob der WLAN-Hotspot\u00a0 zu sehen ist. Die SSID der Wallbox sieht z.B. so aus powerbrain-W00-1234 Pr\u00fcfen, ob eine WLAN Verbindung [&hellip;]<\/p>\n","protected":false},"author":1,"featured_media":0,"parent":1337,"menu_order":0,"comment_status":"closed","ping_status":"closed","template":"","meta":{"footnotes":""},"categories":[123],"tags":[],"class_list":["post-2001","page","type-page","status-publish","hentry","category-anleitung"],"yoast_head":"<!-- This site is optimized with the Yoast SEO plugin v27.5 - https:\/\/yoast.com\/product\/yoast-seo-wordpress\/ -->\n<title>Was tun, wenn ich mich mit dem WLAN-Hotspot der Wallbox nicht verbinden kann? - cFos eMobility Network<\/title>\n<meta name=\"robots\" content=\"index, follow, max-snippet:-1, max-image-preview:large, max-video-preview:-1\" \/>\n<link rel=\"canonical\" href=\"https:\/\/www.cfos-emobility.de\/network\/service\/anleitungen\/was-tun-wenn-ich-mich-mit-dem-wlan-hotspot-der-wallbox-nicht-verbinden-kann\/\" \/>\n<meta property=\"og:locale\" content=\"de_DE\" \/>\n<meta property=\"og:type\" content=\"article\" \/>\n<meta property=\"og:title\" content=\"Was tun, wenn ich mich mit dem WLAN-Hotspot der Wallbox nicht verbinden kann? - cFos eMobility Network\" \/>\n<meta property=\"og:description\" content=\"[vc_row][vc_column][vc_column_text] Testen, ob der Hotspot der Wallbox erreichbar ist Wallbox ausschalten, also vom Strom nehmen (z.B. \u00fcber den Sicherungskasten) Strom f\u00fcr die Wallbox wieder anschalten H\u00f6ren ob der Boot-Beep ert\u00f6nt Nach ca. 20-30 Sekunden pr\u00fcfen, ob der WLAN-Hotspot\u00a0 zu sehen ist. Die SSID der Wallbox sieht z.B. so aus powerbrain-W00-1234 Pr\u00fcfen, ob eine WLAN Verbindung [&hellip;]\" \/>\n<meta property=\"og:url\" content=\"https:\/\/www.cfos-emobility.de\/network\/service\/anleitungen\/was-tun-wenn-ich-mich-mit-dem-wlan-hotspot-der-wallbox-nicht-verbinden-kann\/\" \/>\n<meta property=\"og:site_name\" content=\"cFos eMobility Network\" \/>\n<meta property=\"article:modified_time\" content=\"2024-08-30T09:43:48+00:00\" \/>\n<meta name=\"twitter:card\" content=\"summary_large_image\" \/>\n<meta name=\"twitter:site\" content=\"@cFosEmobility\" \/>\n<meta name=\"twitter:label1\" content=\"Gesch\u00e4tzte Lesezeit\" \/>\n\t<meta name=\"twitter:data1\" content=\"2\u00a0Minuten\" \/>\n<script type=\"application\/ld+json\" class=\"yoast-schema-graph\">{\"@context\":\"https:\\\/\\\/schema.org\",\"@graph\":[{\"@type\":\"WebPage\",\"@id\":\"https:\\\/\\\/www.cfos-emobility.de\\\/network\\\/service\\\/anleitungen\\\/was-tun-wenn-ich-mich-mit-dem-wlan-hotspot-der-wallbox-nicht-verbinden-kann\\\/\",\"url\":\"https:\\\/\\\/www.cfos-emobility.de\\\/network\\\/service\\\/anleitungen\\\/was-tun-wenn-ich-mich-mit-dem-wlan-hotspot-der-wallbox-nicht-verbinden-kann\\\/\",\"name\":\"Was tun, wenn ich mich mit dem WLAN-Hotspot der Wallbox nicht verbinden kann? - cFos eMobility Network\",\"isPartOf\":{\"@id\":\"https:\\\/\\\/www.cfos-emobility.de\\\/network\\\/#website\"},\"datePublished\":\"2023-10-05T13:01:08+00:00\",\"dateModified\":\"2024-08-30T09:43:48+00:00\",\"breadcrumb\":{\"@id\":\"https:\\\/\\\/www.cfos-emobility.de\\\/network\\\/service\\\/anleitungen\\\/was-tun-wenn-ich-mich-mit-dem-wlan-hotspot-der-wallbox-nicht-verbinden-kann\\\/#breadcrumb\"},\"inLanguage\":\"de\",\"potentialAction\":[{\"@type\":\"ReadAction\",\"target\":[\"https:\\\/\\\/www.cfos-emobility.de\\\/network\\\/service\\\/anleitungen\\\/was-tun-wenn-ich-mich-mit-dem-wlan-hotspot-der-wallbox-nicht-verbinden-kann\\\/\"]}]},{\"@type\":\"BreadcrumbList\",\"@id\":\"https:\\\/\\\/www.cfos-emobility.de\\\/network\\\/service\\\/anleitungen\\\/was-tun-wenn-ich-mich-mit-dem-wlan-hotspot-der-wallbox-nicht-verbinden-kann\\\/#breadcrumb\",\"itemListElement\":[{\"@type\":\"ListItem\",\"position\":1,\"name\":\"Startseite\",\"item\":\"https:\\\/\\\/www.cfos-emobility.de\\\/network\\\/\"},{\"@type\":\"ListItem\",\"position\":2,\"name\":\"Service\",\"item\":\"https:\\\/\\\/www.cfos-emobility.de\\\/network\\\/service\\\/\"},{\"@type\":\"ListItem\",\"position\":3,\"name\":\"Anleitungen\",\"item\":\"https:\\\/\\\/www.cfos-emobility.de\\\/network\\\/service\\\/anleitungen\\\/\"},{\"@type\":\"ListItem\",\"position\":4,\"name\":\"Was tun, wenn ich mich mit dem WLAN-Hotspot der Wallbox nicht verbinden kann?\"}]},{\"@type\":\"WebSite\",\"@id\":\"https:\\\/\\\/www.cfos-emobility.de\\\/network\\\/#website\",\"url\":\"https:\\\/\\\/www.cfos-emobility.de\\\/network\\\/\",\"name\":\"cFos eMobility Network\",\"description\":\"Das cFos Power Brain Community Portal\",\"publisher\":{\"@id\":\"https:\\\/\\\/www.cfos-emobility.de\\\/network\\\/#organization\"},\"potentialAction\":[{\"@type\":\"SearchAction\",\"target\":{\"@type\":\"EntryPoint\",\"urlTemplate\":\"https:\\\/\\\/www.cfos-emobility.de\\\/network\\\/?s={search_term_string}\"},\"query-input\":{\"@type\":\"PropertyValueSpecification\",\"valueRequired\":true,\"valueName\":\"search_term_string\"}}],\"inLanguage\":\"de\"},{\"@type\":\"Organization\",\"@id\":\"https:\\\/\\\/www.cfos-emobility.de\\\/network\\\/#organization\",\"name\":\"cFos eMobility GmbH\",\"url\":\"https:\\\/\\\/www.cfos-emobility.de\\\/network\\\/\",\"logo\":{\"@type\":\"ImageObject\",\"inLanguage\":\"de\",\"@id\":\"https:\\\/\\\/www.cfos-emobility.de\\\/network\\\/#\\\/schema\\\/logo\\\/image\\\/\",\"url\":\"https:\\\/\\\/www.cfos-emobility.de\\\/network\\\/wp-content\\\/uploads\\\/2021\\\/12\\\/cfos-emobility-logo.jpg\",\"contentUrl\":\"https:\\\/\\\/www.cfos-emobility.de\\\/network\\\/wp-content\\\/uploads\\\/2021\\\/12\\\/cfos-emobility-logo.jpg\",\"width\":221,\"height\":80,\"caption\":\"cFos eMobility GmbH\"},\"image\":{\"@id\":\"https:\\\/\\\/www.cfos-emobility.de\\\/network\\\/#\\\/schema\\\/logo\\\/image\\\/\"},\"sameAs\":[\"https:\\\/\\\/x.com\\\/cFosEmobility\"]}]}<\/script>\n<!-- \/ Yoast SEO plugin. -->","yoast_head_json":{"title":"Was tun, wenn ich mich mit dem WLAN-Hotspot der Wallbox nicht verbinden kann? - cFos eMobility Network","robots":{"index":"index","follow":"follow","max-snippet":"max-snippet:-1","max-image-preview":"max-image-preview:large","max-video-preview":"max-video-preview:-1"},"canonical":"https:\/\/www.cfos-emobility.de\/network\/service\/anleitungen\/was-tun-wenn-ich-mich-mit-dem-wlan-hotspot-der-wallbox-nicht-verbinden-kann\/","og_locale":"de_DE","og_type":"article","og_title":"Was tun, wenn ich mich mit dem WLAN-Hotspot der Wallbox nicht verbinden kann? - cFos eMobility Network","og_description":"[vc_row][vc_column][vc_column_text] Testen, ob der Hotspot der Wallbox erreichbar ist Wallbox ausschalten, also vom Strom nehmen (z.B. \u00fcber den Sicherungskasten) Strom f\u00fcr die Wallbox wieder anschalten H\u00f6ren ob der Boot-Beep ert\u00f6nt Nach ca. 20-30 Sekunden pr\u00fcfen, ob der WLAN-Hotspot\u00a0 zu sehen ist. Die SSID der Wallbox sieht z.B. so aus powerbrain-W00-1234 Pr\u00fcfen, ob eine WLAN Verbindung [&hellip;]","og_url":"https:\/\/www.cfos-emobility.de\/network\/service\/anleitungen\/was-tun-wenn-ich-mich-mit-dem-wlan-hotspot-der-wallbox-nicht-verbinden-kann\/","og_site_name":"cFos eMobility Network","article_modified_time":"2024-08-30T09:43:48+00:00","twitter_card":"summary_large_image","twitter_site":"@cFosEmobility","twitter_misc":{"Gesch\u00e4tzte Lesezeit":"2\u00a0Minuten"},"schema":{"@context":"https:\/\/schema.org","@graph":[{"@type":"WebPage","@id":"https:\/\/www.cfos-emobility.de\/network\/service\/anleitungen\/was-tun-wenn-ich-mich-mit-dem-wlan-hotspot-der-wallbox-nicht-verbinden-kann\/","url":"https:\/\/www.cfos-emobility.de\/network\/service\/anleitungen\/was-tun-wenn-ich-mich-mit-dem-wlan-hotspot-der-wallbox-nicht-verbinden-kann\/","name":"Was tun, wenn ich mich mit dem WLAN-Hotspot der Wallbox nicht verbinden kann? - cFos eMobility Network","isPartOf":{"@id":"https:\/\/www.cfos-emobility.de\/network\/#website"},"datePublished":"2023-10-05T13:01:08+00:00","dateModified":"2024-08-30T09:43:48+00:00","breadcrumb":{"@id":"https:\/\/www.cfos-emobility.de\/network\/service\/anleitungen\/was-tun-wenn-ich-mich-mit-dem-wlan-hotspot-der-wallbox-nicht-verbinden-kann\/#breadcrumb"},"inLanguage":"de","potentialAction":[{"@type":"ReadAction","target":["https:\/\/www.cfos-emobility.de\/network\/service\/anleitungen\/was-tun-wenn-ich-mich-mit-dem-wlan-hotspot-der-wallbox-nicht-verbinden-kann\/"]}]},{"@type":"BreadcrumbList","@id":"https:\/\/www.cfos-emobility.de\/network\/service\/anleitungen\/was-tun-wenn-ich-mich-mit-dem-wlan-hotspot-der-wallbox-nicht-verbinden-kann\/#breadcrumb","itemListElement":[{"@type":"ListItem","position":1,"name":"Startseite","item":"https:\/\/www.cfos-emobility.de\/network\/"},{"@type":"ListItem","position":2,"name":"Service","item":"https:\/\/www.cfos-emobility.de\/network\/service\/"},{"@type":"ListItem","position":3,"name":"Anleitungen","item":"https:\/\/www.cfos-emobility.de\/network\/service\/anleitungen\/"},{"@type":"ListItem","position":4,"name":"Was tun, wenn ich mich mit dem WLAN-Hotspot der Wallbox nicht verbinden kann?"}]},{"@type":"WebSite","@id":"https:\/\/www.cfos-emobility.de\/network\/#website","url":"https:\/\/www.cfos-emobility.de\/network\/","name":"cFos eMobility Network","description":"Das cFos Power Brain Community Portal","publisher":{"@id":"https:\/\/www.cfos-emobility.de\/network\/#organization"},"potentialAction":[{"@type":"SearchAction","target":{"@type":"EntryPoint","urlTemplate":"https:\/\/www.cfos-emobility.de\/network\/?s={search_term_string}"},"query-input":{"@type":"PropertyValueSpecification","valueRequired":true,"valueName":"search_term_string"}}],"inLanguage":"de"},{"@type":"Organization","@id":"https:\/\/www.cfos-emobility.de\/network\/#organization","name":"cFos eMobility GmbH","url":"https:\/\/www.cfos-emobility.de\/network\/","logo":{"@type":"ImageObject","inLanguage":"de","@id":"https:\/\/www.cfos-emobility.de\/network\/#\/schema\/logo\/image\/","url":"https:\/\/www.cfos-emobility.de\/network\/wp-content\/uploads\/2021\/12\/cfos-emobility-logo.jpg","contentUrl":"https:\/\/www.cfos-emobility.de\/network\/wp-content\/uploads\/2021\/12\/cfos-emobility-logo.jpg","width":221,"height":80,"caption":"cFos eMobility GmbH"},"image":{"@id":"https:\/\/www.cfos-emobility.de\/network\/#\/schema\/logo\/image\/"},"sameAs":["https:\/\/x.com\/cFosEmobility"]}]}},"_links":{"self":[{"href":"https:\/\/www.cfos-emobility.de\/network\/wp-json\/wp\/v2\/pages\/2001","targetHints":{"allow":["GET"]}}],"collection":[{"href":"https:\/\/www.cfos-emobility.de\/network\/wp-json\/wp\/v2\/pages"}],"about":[{"href":"https:\/\/www.cfos-emobility.de\/network\/wp-json\/wp\/v2\/types\/page"}],"author":[{"embeddable":true,"href":"https:\/\/www.cfos-emobility.de\/network\/wp-json\/wp\/v2\/users\/1"}],"replies":[{"embeddable":true,"href":"https:\/\/www.cfos-emobility.de\/network\/wp-json\/wp\/v2\/comments?post=2001"}],"version-history":[{"count":0,"href":"https:\/\/www.cfos-emobility.de\/network\/wp-json\/wp\/v2\/pages\/2001\/revisions"}],"up":[{"embeddable":true,"href":"https:\/\/www.cfos-emobility.de\/network\/wp-json\/wp\/v2\/pages\/1337"}],"wp:attachment":[{"href":"https:\/\/www.cfos-emobility.de\/network\/wp-json\/wp\/v2\/media?parent=2001"}],"wp:term":[{"taxonomy":"category","embeddable":true,"href":"https:\/\/www.cfos-emobility.de\/network\/wp-json\/wp\/v2\/categories?post=2001"},{"taxonomy":"post_tag","embeddable":true,"href":"https:\/\/www.cfos-emobility.de\/network\/wp-json\/wp\/v2\/tags?post=2001"}],"curies":[{"name":"wp","href":"https:\/\/api.w.org\/{rel}","templated":true}]}}