{"id":1488,"date":"2023-05-11T11:25:05","date_gmt":"2023-05-11T09:25:05","guid":{"rendered":"https:\/\/www.cfos-emobility.de\/network\/?page_id=1488"},"modified":"2023-06-22T17:08:56","modified_gmt":"2023-06-22T15:08:56","slug":"support-formular","status":"publish","type":"page","link":"https:\/\/www.cfos-emobility.de\/network\/service\/support-formular\/","title":{"rendered":"Technisches Support Formular"},"content":{"rendered":"<div class=\"wpb-content-wrapper\"><p>[vc_row][vc_column][vc_column_text]<form  class=\"kaliforms-form-container bootstrap-wrapper   kaliforms-hidden-during-load\" id=\"supportform\" data-form-id=\"1629\" style=\"opacity:0\"><h3>Technisches Support Formular<\/h3><div id=\"kaliforms-global-error-message-1629\" class=\"global-error-message\"><\/div><div class=\"row kali-form-field-row\"><div class=\"col-12 col-md-6 \"><label  for=\"name1\">Name<\/label><input  data-internal-id=\"textbox8\" type=\"text\" id=\"name1\" name=\"name\" data-properties.type=\"text\" ><\/div><div class=\"col-12 col-md-6 \"><label  for=\"email6\">E-Mail-Adresse <span class=\"kali-required-mark\">*<\/span><\/label><input  data-internal-id=\"email6\" type=\"email\" id=\"email6\" name=\"email\" placeholder=\"beispiel@email.de\"required  class=\"input\"><\/div><\/div><div class=\"row kali-form-field-row\"><div class=\"col-12\"><hr \/><\/div><\/div><div class=\"row kali-form-field-row\"><div class=\"col-12 col-md-12 \"><label class=\"radio-label\" style=\"margin-bottom:15px;display:inline-block\">Ich bin Bestandskunde <span class=\"kali-required-mark\">*<\/span><\/label><label class=\"radio-label\"><input  data-internal-id=\"radio26\" type=\"radio\" id=\"radio26260\" name=\"kunde\" data-flow=\"vertical\" required  class=\"input\"  value=\"ja\">ja<\/label><label class=\"radio-label\"><input  data-internal-id=\"radio26\" type=\"radio\" id=\"radio26261\" name=\"kunde\" data-flow=\"vertical\" required  class=\"input\"  value=\"nein\">nein<\/label><\/div><\/div><div class=\"row kali-form-field-row\"><div class=\"col-12 col-md-6 \"><label  for=\"serial\">Wie lautet Ihre Seriennummer<\/label><input  data-internal-id=\"textbox15\" type=\"text\" id=\"serial\" name=\"serial\" data-properties.type=\"text\"  placeholder=\"z.B. W00-1234\"><small>Hinweis: Unsere Seriennummern haben das Format W00-1234<\/small><\/div><div class=\"col-12 col-md-6 \"><label  for=\"ordernumber\">Wie lautet Ihre Bestellnummer?<\/label><input  data-internal-id=\"textbox17\" type=\"text\" id=\"ordernumber\" name=\"ordernumber\" data-properties.type=\"text\"  placeholder=\"z.B. #1234\"><small>Hinweis: Unsere Bestellnummern haben das Format #1234<\/small><\/div><\/div><div class=\"row kali-form-field-row\"><div class=\"col-12\"><hr \/><\/div><\/div><div class=\"row kali-form-field-row\"><div class=\"col-12 col-md-12 \"><span  data-internal-id=\"freetext38\" type=\"freeText\" id=\"freeText38\" name=\"freeText\"><b>Bitte installieren Sie immer die neuste Firmware Version, bevor Sie eine Support-Anfrage stellen.<\/b><\/span><\/div><\/div><div class=\"row kali-form-field-row\"><div class=\"col-12 col-md-6 \"><label  for=\"firmware\">Welche Firmware haben sie installiert?<\/label><input  data-internal-id=\"textbox35\" type=\"text\" id=\"firmware\" name=\"firmware\" data-properties.type=\"text\"  placeholder=\"z.B. 2.2.0\"><\/div><\/div><div class=\"row kali-form-field-row\"><div class=\"col-12\"><hr \/><\/div><\/div><div class=\"row kali-form-field-row\"><div class=\"col-12 col-md-12 \"><label class=\"radio-label\" style=\"margin-bottom:15px;display:inline-block\">W\u00e4hlen Sie ein Hauptthema f\u00fcr Ihr Anfrage aus: <span class=\"kali-required-mark\">*<\/span><\/label><label class=\"radio-label\"><input  data-internal-id=\"radio30\" type=\"radio\" id=\"radio300\" name=\"topic\" data-flow=\"vertical\" required  class=\"input\"  value=\"surplus_charging\">\u00dcberschussladen<\/label><label class=\"radio-label\"><input  data-internal-id=\"radio30\" type=\"radio\" id=\"radio301\" name=\"topic\" data-flow=\"vertical\" required  class=\"input\"  value=\"counter_setup\">Ger\u00e4te, Z\u00e4hler einrichten und Konfiguration<\/label><label class=\"radio-label\"><input  data-internal-id=\"radio30\" type=\"radio\" id=\"radio302\" name=\"topic\" data-flow=\"vertical\" required  class=\"input\"  value=\"phase_switching\">Phasenumschaltung<\/label><label class=\"radio-label\"><input  data-internal-id=\"radio30\" type=\"radio\" id=\"radio303\" name=\"topic\" data-flow=\"vertical\" required  class=\"input\"  value=\"modbus\">Modbus<\/label><label class=\"radio-label\"><input  data-internal-id=\"radio30\" type=\"radio\" id=\"radio304\" name=\"topic\" data-flow=\"vertical\" required  class=\"input\"  value=\"RFID\">RFID<\/label><label class=\"radio-label\"><input  data-internal-id=\"radio30\" type=\"radio\" id=\"radio305\" name=\"topic\" data-flow=\"vertical\" required  class=\"input\"  value=\"other\">Sonstiges<\/label><\/div><\/div><div class=\"row kali-form-field-row\"><div class=\"col-12 col-md-12 \"><span  data-internal-id=\"freetext31\" type=\"freeText\" id=\"ueberschussladen\" name=\"ueberschussladen2\"><br><br>\n<b>Haben Sie diese Seiten schon gelesen?<\/b>\nTop-Thema: PV \u00dcberschussladen\n<br><br>\n<h4><b>&gt;&gt;<\/b> <a href=\"https:\/\/www.cfos-emobility.de\/network\/service\/support\/pv-ueberschussladen\/\" target=\"_blank\">Top-Thema: PV \u00dcberschussladen<\/a><\/h4>\n<h4><b>&gt;&gt;<\/b> <a href=\"https:\/\/www.cfos-emobility.de\/de\/cfos-charging-manager\/documentation\/grundlagen-solares-ueberschussladen.htm\" target=\"_blank\">Grundlagen zu PV \u00dcberschuss<\/a><\/h4>\n<h4><b>&gt;&gt;<\/b> <a href=\"https:\/\/www.cfos-emobility.de\/de\/cfos-charging-manager\/documentation\/surplus-charging.htm\" target=\"_blank\">\u00dcberschussladen mit der cFos Power Brain Wallbox<\/a><\/h4>\n<h4><b>&gt;&gt;<\/b> <a href=\"https:\/\/www.cfos-emobility.de\/network\/service\/anleitungen\/solares-ueberschussladen-mit-dem-cfos-charging-manager\/\" target=\"_blank\">Anleitung: Solares \u00dcberschussladen mit dem cFos Charging Manager<\/a><\/h4>\n<h4><b>&gt;&gt;<\/b> <a href=\"https:\/\/www.cfos-emobility.de\/network\/?s=%C3%BCberschuss\" target=\"_blank\">\"PV \u00dcberschuss\" im cFos Network<\/a><\/h4>\n<br><br><\/span><\/div><\/div><div class=\"row kali-form-field-row\"><div class=\"col-12 col-md-12 \"><span  data-internal-id=\"freetext32\" type=\"freeText\" id=\"counter\" name=\"counter\"><br><br>\n<h4><b>&gt;&gt;<\/b> Lesen Sie mehr zum <a href=\"https:\/\/www.cfos-emobility.de\/network\/service\/support\/geraete-konfiguration\/\" target=\"_blank\">Top-Thema: Ger\u00e4te Konfiguration<\/a><\/h4><\/span><\/div><\/div><div class=\"row kali-form-field-row\"><div class=\"col-12 col-md-12 \"><span  data-internal-id=\"freetext37\" type=\"freeText\" id=\"freetext37\" name=\"freetext37\"><br><br>\n<h4><b>&gt;&gt;<\/b> Lesen Sie mehr zum <a href=\"https:\/\/www.cfos-emobility.de\/network\/service\/support\/phasenumschaltung\/\" target=\"_blank\">Top-Thema: Phasenumschaltung<\/a><\/h4><\/span><\/div><\/div><div class=\"row kali-form-field-row\"><div class=\"col-12 col-md-12 \"><span  data-internal-id=\"freetext34\" type=\"freeText\" id=\"freetext34\" name=\"freetext34\"><br><br><h4><b>&gt;&gt;<\/b> Lesen Sie mehr zum <a href=\"https:\/\/www.cfos-emobility.de\/network\/service\/support\/modbus\/\" target=\"_blank\">Top-Thema Modbus<\/a><\/h4><\/span><\/div><\/div><div class=\"row kali-form-field-row\"><div class=\"col-12 col-md-12 \"><span  data-internal-id=\"freetext33\" type=\"freeText\" id=\"freetext33\" name=\"freetext33\"><br><br>\n<a href=\"https:\/\/www.cfos-emobility.de\/network\/service\/anleitungen\/einen-benutzer-anlegen-und-diesem-eine-rfid-karte-zuweisen\/\" target=\"_blank\">Anleitung: Einen Benutzer anlegen und diesem eine RFID-Karte zuweisen<\/a><br><br>\n<a href=\"https:\/\/www.cfos-emobility.de\/network\/antworten\/wo-lege-ich-eigentlich-bei-der-wallbox-rfid-karten-auf\/\" target=\"_blank\">Wo lege ich eigentlich bei der Wallbox RFID Karten auf?<\/a><br><br>\n<h4><b>&gt;&gt;<\/b> Lesen Sie mehr zum <a href=\"https:\/\/www.cfos-emobility.de\/network\/?s=RFID\" target=\"_blank\">Top-Thema RFID<\/a><\/h4><\/span><\/div><\/div><div class=\"row kali-form-field-row\"><div class=\"col-12\"><hr \/><\/div><\/div><div class=\"row kali-form-field-row\"><div class=\"col-12 col-md-12 \"><label  for=\"textarea7\">Welches Support-Anliegen haben Sie? <span class=\"kali-required-mark\">*<\/span><\/label><textarea  data-internal-id=\"textarea7\" type=\"textarea\" id=\"textarea7\" name=\"textarea\" rows=\"5\"required  class=\"input\"><\/textarea><small>Bitte beschreiben Sie dieses so genau wie m\u00f6glich.<\/small><\/div><\/div><div class=\"row kali-form-field-row\"><div class=\"col-12\"><hr \/><\/div><\/div><div class=\"row kali-form-field-row\"><div class=\"col-12 col-md-12 \"><label  for=\"fileUpload20\">Upload<\/label><div data-internal-id=\"fileupload20\"><input  data-internal-id=\"fileupload20\" type=\"file\" id=\"fileUpload20\" name=\"fileUpload\"multiple  data-maxFiles=\"4\"  data-maxFileSize=\"10MB\"  data-acceptedExtensions=\"image\/jpeg,image\/pjpeg,image\/jpeg,image\/pjpeg,image\/png,application\/pdf,text\/plain,text\/csv\" instantUpload  data-max-files=\"4\" style=\"display:none\"><\/div><br\/><small>Bitte laden Sie Screenshots oder Konfigurationsdateien hoch, die uns helfen Ihre Anfrage besser zu verstehen. Erlaubte Dateiendungen sind: jpg, png, pdf, txt, json. (max. 10 MB). Bitte beachten Sie, dass Konfigurationsdateien oder Log-Dateien m\u00f6glicherweise pers\u00f6nliche Daten enthalten k\u00f6nnen. Gehen Sie damit also vorsichtig um und l\u00f6schen Sie diese gegebenenfalls wieder aus Ihrem Beitrag.<\/small><\/div><\/div><div class=\"row kali-form-field-row\"><div class=\"col-12\"><hr \/><\/div><\/div><div class=\"row kali-form-field-row\"><div class=\"col-12 col-md-12 \"><label class=\"checkbox-label\"><input  data-internal-id=\"gdpr16\" type=\"checkbox\" id=\"gdpr16\" name=\"ja, ich habe die Datenschutz\" required value=\"yes\" \/><span style=\"position:relative;bottom:3px\"><span class=\"kali-required-mark\">*<\/span> Ich habe die Datenschutzbestimmungen gelesen und erkenne diese ausdr\u00fccklich an.<\/span><\/label><\/div><\/div><div class=\"row kali-form-field-row\"><div class=\"col-12\"><hr \/><\/div><\/div><div class=\"row kali-form-field-row\"><div class=\"col-12 col-md-12 \"><input  data-internal-id=\"submitbutton3\" type=\"submit\" id=\"submitButton3\" data-style=\"default\"  name=\"submitButton3\" class=\"input\" value=\"Abschicken\" ><\/div><\/div><div class=\"row kali-form-field-row\"><div class=\"col-12 col-md-12 \"><span  data-internal-id=\"freetext14\" type=\"freeText\" id=\"freeText14\" name=\"freeText494\"><br><br>Alle Felder mit * sind Pflichtfelder | Lesen Sie unsere <a href=\"https:\/\/www.cfos-emobility.de\/de\/contact\/contact.htm#privacy\" target=\"_blank\">Datenschutzbestimmungen<\/a>.<br><br><\/span><\/div><\/div><label class=\"khpfield\" for=\"kf-name-field\"><input class=\"khpfield\" id=\"kf-name-field\" name=\"kf-name-field\" autocomplete=\"off\" type=\"textbox\" \/><\/label><label class=\"khpfield\" for=\"kf-email-field\"><input class=\"khpfield\" id=\"kf-email-field\" name=\"kf-email-field\" autocomplete=\"off\" type=\"textbox\" \/><\/label><!-- This form was built using Kali Forms --><\/form>[\/vc_column_text][\/vc_column][\/vc_row]<\/p>\n<\/div>","protected":false},"excerpt":{"rendered":"<p>[vc_row][vc_column][vc_column_text][\/vc_column_text][\/vc_column][\/vc_row]<\/p>\n","protected":false},"author":1,"featured_media":0,"parent":172,"menu_order":0,"comment_status":"closed","ping_status":"closed","template":"","meta":{"footnotes":""},"categories":[],"tags":[],"class_list":["post-1488","page","type-page","status-publish","hentry"],"yoast_head":"<!-- This site is optimized with the Yoast SEO plugin v27.3 - https:\/\/yoast.com\/product\/yoast-seo-wordpress\/ -->\n<title>Technisches Support Formular - cFos eMobility Network<\/title>\n<meta name=\"robots\" content=\"index, follow, max-snippet:-1, max-image-preview:large, max-video-preview:-1\" \/>\n<link rel=\"canonical\" href=\"https:\/\/www.cfos-emobility.de\/network\/service\/support-formular\/\" \/>\n<meta property=\"og:locale\" content=\"de_DE\" \/>\n<meta property=\"og:type\" content=\"article\" \/>\n<meta property=\"og:title\" content=\"Technisches Support Formular - cFos eMobility Network\" \/>\n<meta property=\"og:description\" content=\"[vc_row][vc_column][vc_column_text][\/vc_column_text][\/vc_column][\/vc_row]\" \/>\n<meta property=\"og:url\" content=\"https:\/\/www.cfos-emobility.de\/network\/service\/support-formular\/\" \/>\n<meta property=\"og:site_name\" content=\"cFos eMobility Network\" \/>\n<meta property=\"article:modified_time\" content=\"2023-06-22T15:08:56+00:00\" \/>\n<meta name=\"twitter:card\" content=\"summary_large_image\" \/>\n<meta name=\"twitter:site\" content=\"@cFosEmobility\" \/>\n<meta name=\"twitter:label1\" content=\"Gesch\u00e4tzte Lesezeit\" \/>\n\t<meta name=\"twitter:data1\" content=\"1\u00a0Minute\" \/>\n<script type=\"application\/ld+json\" class=\"yoast-schema-graph\">{\"@context\":\"https:\\\/\\\/schema.org\",\"@graph\":[{\"@type\":\"WebPage\",\"@id\":\"https:\\\/\\\/www.cfos-emobility.de\\\/network\\\/service\\\/support-formular\\\/\",\"url\":\"https:\\\/\\\/www.cfos-emobility.de\\\/network\\\/service\\\/support-formular\\\/\",\"name\":\"Technisches Support Formular - cFos eMobility Network\",\"isPartOf\":{\"@id\":\"https:\\\/\\\/www.cfos-emobility.de\\\/network\\\/#website\"},\"datePublished\":\"2023-05-11T09:25:05+00:00\",\"dateModified\":\"2023-06-22T15:08:56+00:00\",\"breadcrumb\":{\"@id\":\"https:\\\/\\\/www.cfos-emobility.de\\\/network\\\/service\\\/support-formular\\\/#breadcrumb\"},\"inLanguage\":\"de\",\"potentialAction\":[{\"@type\":\"ReadAction\",\"target\":[\"https:\\\/\\\/www.cfos-emobility.de\\\/network\\\/service\\\/support-formular\\\/\"]}]},{\"@type\":\"BreadcrumbList\",\"@id\":\"https:\\\/\\\/www.cfos-emobility.de\\\/network\\\/service\\\/support-formular\\\/#breadcrumb\",\"itemListElement\":[{\"@type\":\"ListItem\",\"position\":1,\"name\":\"Startseite\",\"item\":\"https:\\\/\\\/www.cfos-emobility.de\\\/network\\\/\"},{\"@type\":\"ListItem\",\"position\":2,\"name\":\"Service\",\"item\":\"https:\\\/\\\/www.cfos-emobility.de\\\/network\\\/service\\\/\"},{\"@type\":\"ListItem\",\"position\":3,\"name\":\"Technisches Support Formular\"}]},{\"@type\":\"WebSite\",\"@id\":\"https:\\\/\\\/www.cfos-emobility.de\\\/network\\\/#website\",\"url\":\"https:\\\/\\\/www.cfos-emobility.de\\\/network\\\/\",\"name\":\"cFos eMobility Network\",\"description\":\"Das cFos Power Brain Community Portal\",\"publisher\":{\"@id\":\"https:\\\/\\\/www.cfos-emobility.de\\\/network\\\/#organization\"},\"potentialAction\":[{\"@type\":\"SearchAction\",\"target\":{\"@type\":\"EntryPoint\",\"urlTemplate\":\"https:\\\/\\\/www.cfos-emobility.de\\\/network\\\/?s={search_term_string}\"},\"query-input\":{\"@type\":\"PropertyValueSpecification\",\"valueRequired\":true,\"valueName\":\"search_term_string\"}}],\"inLanguage\":\"de\"},{\"@type\":\"Organization\",\"@id\":\"https:\\\/\\\/www.cfos-emobility.de\\\/network\\\/#organization\",\"name\":\"cFos eMobility GmbH\",\"url\":\"https:\\\/\\\/www.cfos-emobility.de\\\/network\\\/\",\"logo\":{\"@type\":\"ImageObject\",\"inLanguage\":\"de\",\"@id\":\"https:\\\/\\\/www.cfos-emobility.de\\\/network\\\/#\\\/schema\\\/logo\\\/image\\\/\",\"url\":\"https:\\\/\\\/www.cfos-emobility.de\\\/network\\\/wp-content\\\/uploads\\\/2021\\\/12\\\/cfos-emobility-logo.jpg\",\"contentUrl\":\"https:\\\/\\\/www.cfos-emobility.de\\\/network\\\/wp-content\\\/uploads\\\/2021\\\/12\\\/cfos-emobility-logo.jpg\",\"width\":221,\"height\":80,\"caption\":\"cFos eMobility GmbH\"},\"image\":{\"@id\":\"https:\\\/\\\/www.cfos-emobility.de\\\/network\\\/#\\\/schema\\\/logo\\\/image\\\/\"},\"sameAs\":[\"https:\\\/\\\/x.com\\\/cFosEmobility\"]}]}<\/script>\n<!-- \/ Yoast SEO plugin. -->","yoast_head_json":{"title":"Technisches Support Formular - cFos eMobility Network","robots":{"index":"index","follow":"follow","max-snippet":"max-snippet:-1","max-image-preview":"max-image-preview:large","max-video-preview":"max-video-preview:-1"},"canonical":"https:\/\/www.cfos-emobility.de\/network\/service\/support-formular\/","og_locale":"de_DE","og_type":"article","og_title":"Technisches Support Formular - cFos eMobility Network","og_description":"[vc_row][vc_column][vc_column_text][\/vc_column_text][\/vc_column][\/vc_row]","og_url":"https:\/\/www.cfos-emobility.de\/network\/service\/support-formular\/","og_site_name":"cFos eMobility Network","article_modified_time":"2023-06-22T15:08:56+00:00","twitter_card":"summary_large_image","twitter_site":"@cFosEmobility","twitter_misc":{"Gesch\u00e4tzte Lesezeit":"1\u00a0Minute"},"schema":{"@context":"https:\/\/schema.org","@graph":[{"@type":"WebPage","@id":"https:\/\/www.cfos-emobility.de\/network\/service\/support-formular\/","url":"https:\/\/www.cfos-emobility.de\/network\/service\/support-formular\/","name":"Technisches Support Formular - cFos eMobility Network","isPartOf":{"@id":"https:\/\/www.cfos-emobility.de\/network\/#website"},"datePublished":"2023-05-11T09:25:05+00:00","dateModified":"2023-06-22T15:08:56+00:00","breadcrumb":{"@id":"https:\/\/www.cfos-emobility.de\/network\/service\/support-formular\/#breadcrumb"},"inLanguage":"de","potentialAction":[{"@type":"ReadAction","target":["https:\/\/www.cfos-emobility.de\/network\/service\/support-formular\/"]}]},{"@type":"BreadcrumbList","@id":"https:\/\/www.cfos-emobility.de\/network\/service\/support-formular\/#breadcrumb","itemListElement":[{"@type":"ListItem","position":1,"name":"Startseite","item":"https:\/\/www.cfos-emobility.de\/network\/"},{"@type":"ListItem","position":2,"name":"Service","item":"https:\/\/www.cfos-emobility.de\/network\/service\/"},{"@type":"ListItem","position":3,"name":"Technisches Support Formular"}]},{"@type":"WebSite","@id":"https:\/\/www.cfos-emobility.de\/network\/#website","url":"https:\/\/www.cfos-emobility.de\/network\/","name":"cFos eMobility Network","description":"Das cFos Power Brain Community Portal","publisher":{"@id":"https:\/\/www.cfos-emobility.de\/network\/#organization"},"potentialAction":[{"@type":"SearchAction","target":{"@type":"EntryPoint","urlTemplate":"https:\/\/www.cfos-emobility.de\/network\/?s={search_term_string}"},"query-input":{"@type":"PropertyValueSpecification","valueRequired":true,"valueName":"search_term_string"}}],"inLanguage":"de"},{"@type":"Organization","@id":"https:\/\/www.cfos-emobility.de\/network\/#organization","name":"cFos eMobility GmbH","url":"https:\/\/www.cfos-emobility.de\/network\/","logo":{"@type":"ImageObject","inLanguage":"de","@id":"https:\/\/www.cfos-emobility.de\/network\/#\/schema\/logo\/image\/","url":"https:\/\/www.cfos-emobility.de\/network\/wp-content\/uploads\/2021\/12\/cfos-emobility-logo.jpg","contentUrl":"https:\/\/www.cfos-emobility.de\/network\/wp-content\/uploads\/2021\/12\/cfos-emobility-logo.jpg","width":221,"height":80,"caption":"cFos eMobility GmbH"},"image":{"@id":"https:\/\/www.cfos-emobility.de\/network\/#\/schema\/logo\/image\/"},"sameAs":["https:\/\/x.com\/cFosEmobility"]}]}},"_links":{"self":[{"href":"https:\/\/www.cfos-emobility.de\/network\/wp-json\/wp\/v2\/pages\/1488","targetHints":{"allow":["GET"]}}],"collection":[{"href":"https:\/\/www.cfos-emobility.de\/network\/wp-json\/wp\/v2\/pages"}],"about":[{"href":"https:\/\/www.cfos-emobility.de\/network\/wp-json\/wp\/v2\/types\/page"}],"author":[{"embeddable":true,"href":"https:\/\/www.cfos-emobility.de\/network\/wp-json\/wp\/v2\/users\/1"}],"replies":[{"embeddable":true,"href":"https:\/\/www.cfos-emobility.de\/network\/wp-json\/wp\/v2\/comments?post=1488"}],"version-history":[{"count":0,"href":"https:\/\/www.cfos-emobility.de\/network\/wp-json\/wp\/v2\/pages\/1488\/revisions"}],"up":[{"embeddable":true,"href":"https:\/\/www.cfos-emobility.de\/network\/wp-json\/wp\/v2\/pages\/172"}],"wp:attachment":[{"href":"https:\/\/www.cfos-emobility.de\/network\/wp-json\/wp\/v2\/media?parent=1488"}],"wp:term":[{"taxonomy":"category","embeddable":true,"href":"https:\/\/www.cfos-emobility.de\/network\/wp-json\/wp\/v2\/categories?post=1488"},{"taxonomy":"post_tag","embeddable":true,"href":"https:\/\/www.cfos-emobility.de\/network\/wp-json\/wp\/v2\/tags?post=1488"}],"curies":[{"name":"wp","href":"https:\/\/api.w.org\/{rel}","templated":true}]}}