{"id":1347,"date":"2023-03-28T13:46:24","date_gmt":"2023-03-28T11:46:24","guid":{"rendered":"https:\/\/www.cfos-emobility.de\/network\/?page_id=1347"},"modified":"2025-02-21T09:30:55","modified_gmt":"2025-02-21T08:30:55","slug":"solares-ueberschussladen-mit-dem-cfos-charging-manager","status":"publish","type":"page","link":"https:\/\/www.cfos-emobility.de\/network\/service\/anleitungen\/solares-ueberschussladen-mit-dem-cfos-charging-manager\/","title":{"rendered":"Solares \u00dcberschussladen mit dem cFos Charging Manager"},"content":{"rendered":"<div class=\"wpb-content-wrapper\"><p>[vc_row][vc_column][vc_column_text]Hier eine Anleitung, die solares \u00dcberschussladen mit dem cFos Charging Manager erkl\u00e4rt:[\/vc_column_text][\/vc_column][\/vc_row][vc_row][vc_column width=&#8220;2\/3&#8243;][vc_column_text]<\/p>\n<h3>1. Messkonzept w\u00e4hlen<\/h3>\n<p>W\u00e4hlen Sie ein Messkonzept, entweder<br \/>\n1) Netzbezugsz\u00e4hler am Zweirichtungsz\u00e4hler und Z\u00e4hler in allen Wallboxen<br \/>\noder<br \/>\n2) Erzeugerz\u00e4hler und Hausverbrauchsz\u00e4hler (Verbrauch ohne Wallboxen)<\/p>\n<p>In den meisten F\u00e4llen liegt Messkonzept 1) vor, da viele Solaranlagen einen Netzbezugsz\u00e4hler verbaut haben (z.B. SMA Homemanager,\u00a0 Kostal KSEM, Fronius Smartmeter, etc.). Der Netzbezugsz\u00e4hler muss positive Str\u00f6me und Leistungen f\u00fcr Netzbezug und negative Werte f\u00fcr Einspeisung anzeigen.[\/vc_column_text][\/vc_column][vc_column width=&#8220;1\/3&#8243;][vc_single_image image=&#8220;1362&#8243; img_size=&#8220;medium&#8220; add_caption=&#8220;yes&#8220; onclick=&#8220;link_image&#8220;][\/vc_column][\/vc_row][vc_row][vc_column]\t<style>\r\n\t\t\t\t.porto-content-box079f55f076b4c33a2d93acc116c9b85b .featured-box .icon-featured {\r\n\t\t\t\t\t\t\t\t\tcolor: var(--porto-light-color);\r\n\t\t\t\t\t\t\t\t\t\t\t\t\tbackground-color: var(--porto-secondary-color);\r\n\t\t\t\t\t\t\t\t\t\t\t}\r\n\t\t\t\t<\/style>\r\n\t<div class=\"porto-content-box featured-boxes wpb_content_element  porto-content-box079f55f076b4c33a2d93acc116c9b85b\"><div class=\"featured-box \" style=\"\"><div class=\"box-content\" style=\"border-top-color:var(--porto-secondary-color);\"><i class=\"icon-featured fas fa-lightbulb\"><\/i>[vc_column_text css=&#8220;&#8220;]<\/p>\n<h3 style=\"text-align: left;\">PV-\u00dcberschuss ermitteln<\/h3>\n<p style=\"text-align: left;\">Mit dem cFos Charging Manager und einer Solaranlage k\u00f6nnen Sie daf\u00fcr sorgen, dass Ihr Auto (fast nur dann) geladen wird, wenn solare \u00dcberschussleistung zur Verf\u00fcgung steht.<\/p>\n<p style=\"text-align: left;\">Um den PV-\u00dcberschuss korrekt zu erfassen, wird der \u00dcberschuss als Netzbezug minus Ladeleistung der Elektroautos (mit umgekehrtem Vorzeichen) berechnet. Dieser Wert wird als das, was ins Netz eingespeist worden w\u00e4re, betrachtet, wenn kein Auto laden w\u00fcrde.<\/p>\n<p style=\"text-align: left;\">F\u00fcr eine pr\u00e4zise Ermittlung m\u00fcssen sowohl der Netzbezug als auch die Ladeleistung der Wallboxen erfasst werden. Sie k\u00f6nnen eine detaillierte Beschreibung dazu in der <a href=\"https:\/\/www.cfos-emobility.de\/de\/cfos-charging-manager\/documentation\/surplus-charging.htm\"><strong>PV-\u00dcberschuss Dokumentation<\/strong><\/a> finden.<\/p>\n<p>[\/vc_column_text]<\/div><\/div><\/div>[\/vc_column][\/vc_row][vc_row][vc_column][vc_column_text css=&#8220;&#8220;]<\/p>\n<h3>2. Z\u00e4hler einrichten<\/h3>\n<p>Richten Sie im cFos Charging Manager die entsprechenden Z\u00e4hlerkacheln ein. F\u00fcr das <strong>Netzbezugsz\u00e4hler<\/strong>-Setup (Messkonzept 1) oder f\u00fcr das <strong>Erzeugungs- und Verbrauchsz\u00e4hler<\/strong>-Setup (Messkonzept 2).<\/p>\n<p>F\u00fcr das PV-\u00dcberschussladen ist es notwendig, den Zweirichtungsz\u00e4hler als <strong>Netzbezug<\/strong>-Z\u00e4hler zu konfigurieren und eventuell auch die Wallbox als <strong>Ladez\u00e4hler<\/strong> einzurichten. Sie k\u00f6nnen ebenfalls die Werte des PV-Systems in den Manager integrieren, um den Ladeprozess zu optimieren.<\/p>\n<p>Viele Solaranlagen sprechen SunSpec, d.h. sie k\u00f6nnen als Z\u00e4hlertyp &#8222;SunSpec inverter meter&#8220; w\u00e4hlen.<br \/>\nWeitere Z\u00e4hlerdefinitionen finden Sie auf unserer <a href=\"https:\/\/www.cfos-emobility.de\/de\/cfos-charging-manager\/cfos-charging-manager-more.htm\" target=\"_blank\" rel=\"noopener\">Ger\u00e4te\u00fcbersichtsseite <\/a>und hier gibt es detailliertere <a href=\"https:\/\/www.cfos-emobility.de\/de\/cfos-charging-manager\/documentation\/wallbox-instructions.htm\" target=\"_blank\" rel=\"noopener\">Hinweise zu einzelnen Ger\u00e4ten<\/a>.<\/p>\n<h4>Hinweise:<\/h4>\n<ul>\n<li>Stellen Sie sicher, dass Ihre Z\u00e4hler plausible Werte anzeigen, insbesondere die Vorzeichen der Netzbezugswerte.<\/li>\n<li>Sie sollten Ihren &#8222;Verbrauch E-Auto&#8220;-Z\u00e4hler unbedingt an die Wallbox anheften.<\/li>\n<li>Der Netzbezugsz\u00e4hler muss direkt hinter dem Zweirichtungsz\u00e4hler installiert sein, so dass er das selbe misst.<br \/>\n<strong>Rolle &#8222;Netzbezug&#8220;.<\/strong> Dann pr\u00fcfen, ob dieser Z\u00e4hler sinnvolle Leitungswerte (kWh sind egal) anzeigt. Negative Leistung bei Einspeisung, positive bei Netzbezug.<\/li>\n<\/ul>\n<p>[\/vc_column_text][\/vc_column][\/vc_row][vc_row][vc_column][vc_column_text]<\/p>\n<h3>3. Angezeigte Werte pr\u00fcfen<\/h3>\n<p>Stellen Sie sicher, dass Ihre Z\u00e4hler plausible Werte anzeigen. Achten Sie auf das Vorzeichen des Netzbezugsz\u00e4hlers.<br \/>\nPr\u00fcfen Sie (ab Version 1.18.0) im dashboard des Charging Managers, ob die solare \u00dcberschussleistung stimmt:<\/p>\n<p>Als Solar\u00fcberschuss muss folgender Wert angezeigt werden: -(Netzbezug &#8211; Wallboxleistung), d.h. wenn z.B. der Netzbezug gerade -1000W und die Ladeleistung des Autos 5000W betr\u00e4gt, ist der \u00dcberschuss +6000W.[\/vc_column_text][vc_single_image image=&#8220;1354&#8243; img_size=&#8220;full&#8220; add_caption=&#8220;yes&#8220; css=&#8220;.vc_custom_1680004068636{padding-bottom: 50px !important;}&#8220;][\/vc_column][\/vc_row][vc_row][vc_column][vc_column_text css=&#8220;&#8220; css_params=&#8220;&#8220;]<\/p>\n<h4>Hinweis f\u00fcr Hybridwechselrichter:<\/h4>\n<p>Einige Hybridwechselrichter melden als Erzeugungsleistung einen Wert, der um die Speicherleistung verf\u00e4lscht ist. Um dies zu korrigieren, bietet der cFos Charging Manager eine Option &#8222;Hybridwechselrichter&#8220;. Achten Sie darauf, dass Hybridwechselrichter mit Rolle &#8222;Erzeugung&#8220; nur die Leistung der PV-Anlage anzeigen.<\/p>\n<p>Sie k\u00f6nnen die Speicherleistung mit der Option &#8222;&#8220;Hybridwechselrichter&#8220; korrigieren. Mit &#8222;Immer&#8220; wird die Speicherentladeleistung immer von der Leistung, die der Wechselrichter meldet, abgezogen, Mit &#8222;Wenn Speicher entl\u00e4dt&#8220;, nur wenn die Speicherleistung negativ ist (d.h. wenn er sich entl\u00e4dt).[\/vc_column_text][\/vc_column][\/vc_row][vc_row][vc_column][vc_column_text css=&#8220;&#8220; css_params=&#8220;&#8220;]<\/p>\n<h3>4. Laderegel setzen<\/h3>\n<p>Hinweis: Ab Version 2.4 gibt es eine vorgefertigte Laderegelsatz &#8222;PV Surplus&#8220;. Diesen k\u00f6nnen Sie oben in der Auswahlbox \u00fcber den Laderegeln w\u00e4hlen.<\/p>\n<p>Wenn alle Werte stimmen, k\u00f6nnen Sie z.B. f\u00fcr die Wallbox unter &#8222;Eigener Laderegelsatz&#8220; eine Laderegel anlegen:[\/vc_column_text][vc_single_image image=&#8220;4617&#8243; img_size=&#8220;full&#8220; add_caption=&#8220;yes&#8220; css=&#8220;&#8220; css_params=&#8220;&#8220;][vc_column_text]Alternativ k\u00f6nnen Sie diese Laderegel auch f\u00fcr einen Benutzer anlegen. Sobald der Strom pro Phase, mit dem Ihr Auto l\u00e4dt, \u00fcber 6,5A liegt wird mit dem solaren \u00dcberschuss geladen. Werden die 6,5A kurzzeitig unterschritten, wird trotzdem f\u00fcr 300 Sekunden geladen, damit nicht bei kleineren Wolken das Laden abbricht. Wenn die 6,5A an \u00dcberschussstrom wieder vorliegen, z\u00e4hlen die 300 Sekunden erneut.[\/vc_column_text][\/vc_column][\/vc_row][vc_row][vc_column][vc_column_text]<\/p>\n<h3>5. \u00dcberpr\u00fcfung der Phasen<\/h3>\n<p>Der cFos Charging Manager kann nicht (unbedingt) wissen, mit wievielen Phasen das Auto l\u00e4dt. Deshalb geht er standardm\u00e4\u00dfig von 1-phasigem Laden aus. Wenn er anhand der Stromwerte des Z\u00e4hlers der Wallbox sieht, dass mehr als eine Phase genutzt werden, merkt er sich dies bis zum Ausstecken des Fahrzeugs. Dadurch kann es bei 3-phasigem Laden dazu kommen, dass er schon bei ca. 1,4kW \u00dcberschuss anf\u00e4ngt zu laden, aber sofort wieder abschaltet, wenn das Auto mit 3 Phasen zieht. Um dies zu vermeiden, k\u00f6nnen Sie in der Wallbox-Kachel die Phasen von Ermitteln auf L1+L2+L3 stellen. Wenn Sie Autos mit verschiedener Phasennutzung laden, stellen Sie die Phasen auf &#8222;Ermitteln&#8220;. Meist ist dieses 1-2 malige kurze Starten des Ladevorgangs in diesem Fall unproblematisch. Die Phasen des Wallboxz\u00e4hlers sollten Sie nach M\u00f6glichkeit so einstellen, wie er angeschlossen ist, d.h. in fast allen F\u00e4llen auf &#8222;L1+L2+L3&#8220;.[\/vc_column_text][\/vc_column][\/vc_row][vc_row][vc_column][vc_column_text]<\/p>\n<h3>6. \u00dcberschreiben der Laderegel<\/h3>\n<p>Die solare \u00dcberschussladeregel sorgt daf\u00fcr dass Ihr Auto u.U. \u00fcber viele Stunden nicht geladen wird, wenn nicht gen\u00fcgend \u00dcberschuss vorliegt. Daf\u00fcr nutzen Sie aber Ihren Solarstrom perfekt aus. Wenn Sie aber doch einmal eilig haben, k\u00f6nnen Sie die Laderegel f\u00fcr den aktuellen Ladevorgang tempor\u00e4r deaktivieren. Klicken Sie hierzu auf das gelbe Zahnrad der Wallbox-Kachel und w\u00e4hlen &#8222;Laderegel der Wallbox deaktiveren&#8220; bzw. &#8222;Laderegel des Benutzers deaktivieren&#8220;. Dann l\u00e4ft der cFos Charging Manager das Auto mit maximal zur Verf\u00fcgung stehenden Leistung. Sie k\u00f6nnen auch eine RFID Karte anlernen mit der Funktion &#8222;Laderegeln (de-)aktivieren. Damit k\u00f6nnen Sie dann zwischen \u00dcberschussladen und normalem Laden hin und her schalten.[\/vc_column_text][\/vc_column][\/vc_row][vc_row][vc_column][vc_column_text css=&#8220;&#8220;]<\/p>\n<h3>Weitere links auf www.cfos-emobility.de :<\/h3>\n<ul>\n<li><a href=\"https:\/\/www.cfos-emobility.de\/de\/cfos-charging-manager\/documentation\/surplus-charging.htm\" target=\"_blank\" rel=\"noopener\">\u00dcberschussladen<\/a><\/li>\n<li><a href=\"https:\/\/www.cfos-emobility.de\/de\/cfos-charging-manager\/documentation\/documentation-links.htm\" target=\"_blank\" rel=\"noopener\">cFos Charging Manager Dokumentation<\/a><\/li>\n<\/ul>\n<p>[\/vc_column_text][\/vc_column][\/vc_row]<\/p>\n<\/div>","protected":false},"excerpt":{"rendered":"<p>[vc_row][vc_column][vc_column_text]Hier eine Anleitung, die solares \u00dcberschussladen mit dem cFos Charging Manager erkl\u00e4rt:[\/vc_column_text][\/vc_column][\/vc_row][vc_row][vc_column width=&#8220;2\/3&#8243;][vc_column_text] 1. Messkonzept w\u00e4hlen W\u00e4hlen Sie ein Messkonzept, entweder 1) Netzbezugsz\u00e4hler am Zweirichtungsz\u00e4hler und Z\u00e4hler in allen Wallboxen oder 2) Erzeugerz\u00e4hler und Hausverbrauchsz\u00e4hler (Verbrauch ohne Wallboxen) In den meisten F\u00e4llen liegt Messkonzept 1) vor, da viele Solaranlagen einen Netzbezugsz\u00e4hler verbaut haben (z.B. SMA [&hellip;]<\/p>\n","protected":false},"author":1,"featured_media":0,"parent":1337,"menu_order":0,"comment_status":"closed","ping_status":"closed","template":"","meta":{"footnotes":""},"categories":[123],"tags":[],"class_list":["post-1347","page","type-page","status-publish","hentry","category-anleitung"],"yoast_head":"<!-- This site is optimized with the Yoast SEO plugin v27.3 - https:\/\/yoast.com\/product\/yoast-seo-wordpress\/ -->\n<title>Solares \u00dcberschussladen mit dem cFos Charging Manager - cFos eMobility Network<\/title>\n<meta name=\"robots\" content=\"index, follow, max-snippet:-1, max-image-preview:large, max-video-preview:-1\" \/>\n<link rel=\"canonical\" href=\"https:\/\/www.cfos-emobility.de\/network\/service\/anleitungen\/solares-ueberschussladen-mit-dem-cfos-charging-manager\/\" \/>\n<meta property=\"og:locale\" content=\"de_DE\" \/>\n<meta property=\"og:type\" content=\"article\" \/>\n<meta property=\"og:title\" content=\"Solares \u00dcberschussladen mit dem cFos Charging Manager - cFos eMobility Network\" \/>\n<meta property=\"og:description\" content=\"[vc_row][vc_column][vc_column_text]Hier eine Anleitung, die solares \u00dcberschussladen mit dem cFos Charging Manager erkl\u00e4rt:[\/vc_column_text][\/vc_column][\/vc_row][vc_row][vc_column width=&#8220;2\/3&#8243;][vc_column_text] 1. Messkonzept w\u00e4hlen W\u00e4hlen Sie ein Messkonzept, entweder 1) Netzbezugsz\u00e4hler am Zweirichtungsz\u00e4hler und Z\u00e4hler in allen Wallboxen oder 2) Erzeugerz\u00e4hler und Hausverbrauchsz\u00e4hler (Verbrauch ohne Wallboxen) In den meisten F\u00e4llen liegt Messkonzept 1) vor, da viele Solaranlagen einen Netzbezugsz\u00e4hler verbaut haben (z.B. SMA [&hellip;]\" \/>\n<meta property=\"og:url\" content=\"https:\/\/www.cfos-emobility.de\/network\/service\/anleitungen\/solares-ueberschussladen-mit-dem-cfos-charging-manager\/\" \/>\n<meta property=\"og:site_name\" content=\"cFos eMobility Network\" \/>\n<meta property=\"article:modified_time\" content=\"2025-02-21T08:30:55+00:00\" \/>\n<meta name=\"twitter:card\" content=\"summary_large_image\" \/>\n<meta name=\"twitter:site\" content=\"@cFosEmobility\" \/>\n<meta name=\"twitter:label1\" content=\"Gesch\u00e4tzte Lesezeit\" \/>\n\t<meta name=\"twitter:data1\" content=\"6\u00a0Minuten\" \/>\n<script type=\"application\/ld+json\" class=\"yoast-schema-graph\">{\"@context\":\"https:\\\/\\\/schema.org\",\"@graph\":[{\"@type\":\"WebPage\",\"@id\":\"https:\\\/\\\/www.cfos-emobility.de\\\/network\\\/service\\\/anleitungen\\\/solares-ueberschussladen-mit-dem-cfos-charging-manager\\\/\",\"url\":\"https:\\\/\\\/www.cfos-emobility.de\\\/network\\\/service\\\/anleitungen\\\/solares-ueberschussladen-mit-dem-cfos-charging-manager\\\/\",\"name\":\"Solares \u00dcberschussladen mit dem cFos Charging Manager - cFos eMobility Network\",\"isPartOf\":{\"@id\":\"https:\\\/\\\/www.cfos-emobility.de\\\/network\\\/#website\"},\"datePublished\":\"2023-03-28T11:46:24+00:00\",\"dateModified\":\"2025-02-21T08:30:55+00:00\",\"breadcrumb\":{\"@id\":\"https:\\\/\\\/www.cfos-emobility.de\\\/network\\\/service\\\/anleitungen\\\/solares-ueberschussladen-mit-dem-cfos-charging-manager\\\/#breadcrumb\"},\"inLanguage\":\"de\",\"potentialAction\":[{\"@type\":\"ReadAction\",\"target\":[\"https:\\\/\\\/www.cfos-emobility.de\\\/network\\\/service\\\/anleitungen\\\/solares-ueberschussladen-mit-dem-cfos-charging-manager\\\/\"]}]},{\"@type\":\"BreadcrumbList\",\"@id\":\"https:\\\/\\\/www.cfos-emobility.de\\\/network\\\/service\\\/anleitungen\\\/solares-ueberschussladen-mit-dem-cfos-charging-manager\\\/#breadcrumb\",\"itemListElement\":[{\"@type\":\"ListItem\",\"position\":1,\"name\":\"Startseite\",\"item\":\"https:\\\/\\\/www.cfos-emobility.de\\\/network\\\/\"},{\"@type\":\"ListItem\",\"position\":2,\"name\":\"Service\",\"item\":\"https:\\\/\\\/www.cfos-emobility.de\\\/network\\\/service\\\/\"},{\"@type\":\"ListItem\",\"position\":3,\"name\":\"Anleitungen\",\"item\":\"https:\\\/\\\/www.cfos-emobility.de\\\/network\\\/service\\\/anleitungen\\\/\"},{\"@type\":\"ListItem\",\"position\":4,\"name\":\"Solares \u00dcberschussladen mit dem cFos Charging Manager\"}]},{\"@type\":\"WebSite\",\"@id\":\"https:\\\/\\\/www.cfos-emobility.de\\\/network\\\/#website\",\"url\":\"https:\\\/\\\/www.cfos-emobility.de\\\/network\\\/\",\"name\":\"cFos eMobility Network\",\"description\":\"Das cFos Power Brain Community Portal\",\"publisher\":{\"@id\":\"https:\\\/\\\/www.cfos-emobility.de\\\/network\\\/#organization\"},\"potentialAction\":[{\"@type\":\"SearchAction\",\"target\":{\"@type\":\"EntryPoint\",\"urlTemplate\":\"https:\\\/\\\/www.cfos-emobility.de\\\/network\\\/?s={search_term_string}\"},\"query-input\":{\"@type\":\"PropertyValueSpecification\",\"valueRequired\":true,\"valueName\":\"search_term_string\"}}],\"inLanguage\":\"de\"},{\"@type\":\"Organization\",\"@id\":\"https:\\\/\\\/www.cfos-emobility.de\\\/network\\\/#organization\",\"name\":\"cFos eMobility GmbH\",\"url\":\"https:\\\/\\\/www.cfos-emobility.de\\\/network\\\/\",\"logo\":{\"@type\":\"ImageObject\",\"inLanguage\":\"de\",\"@id\":\"https:\\\/\\\/www.cfos-emobility.de\\\/network\\\/#\\\/schema\\\/logo\\\/image\\\/\",\"url\":\"https:\\\/\\\/www.cfos-emobility.de\\\/network\\\/wp-content\\\/uploads\\\/2021\\\/12\\\/cfos-emobility-logo.jpg\",\"contentUrl\":\"https:\\\/\\\/www.cfos-emobility.de\\\/network\\\/wp-content\\\/uploads\\\/2021\\\/12\\\/cfos-emobility-logo.jpg\",\"width\":221,\"height\":80,\"caption\":\"cFos eMobility GmbH\"},\"image\":{\"@id\":\"https:\\\/\\\/www.cfos-emobility.de\\\/network\\\/#\\\/schema\\\/logo\\\/image\\\/\"},\"sameAs\":[\"https:\\\/\\\/x.com\\\/cFosEmobility\"]}]}<\/script>\n<!-- \/ Yoast SEO plugin. -->","yoast_head_json":{"title":"Solares \u00dcberschussladen mit dem cFos Charging Manager - cFos eMobility Network","robots":{"index":"index","follow":"follow","max-snippet":"max-snippet:-1","max-image-preview":"max-image-preview:large","max-video-preview":"max-video-preview:-1"},"canonical":"https:\/\/www.cfos-emobility.de\/network\/service\/anleitungen\/solares-ueberschussladen-mit-dem-cfos-charging-manager\/","og_locale":"de_DE","og_type":"article","og_title":"Solares \u00dcberschussladen mit dem cFos Charging Manager - cFos eMobility Network","og_description":"[vc_row][vc_column][vc_column_text]Hier eine Anleitung, die solares \u00dcberschussladen mit dem cFos Charging Manager erkl\u00e4rt:[\/vc_column_text][\/vc_column][\/vc_row][vc_row][vc_column width=&#8220;2\/3&#8243;][vc_column_text] 1. Messkonzept w\u00e4hlen W\u00e4hlen Sie ein Messkonzept, entweder 1) Netzbezugsz\u00e4hler am Zweirichtungsz\u00e4hler und Z\u00e4hler in allen Wallboxen oder 2) Erzeugerz\u00e4hler und Hausverbrauchsz\u00e4hler (Verbrauch ohne Wallboxen) In den meisten F\u00e4llen liegt Messkonzept 1) vor, da viele Solaranlagen einen Netzbezugsz\u00e4hler verbaut haben (z.B. SMA [&hellip;]","og_url":"https:\/\/www.cfos-emobility.de\/network\/service\/anleitungen\/solares-ueberschussladen-mit-dem-cfos-charging-manager\/","og_site_name":"cFos eMobility Network","article_modified_time":"2025-02-21T08:30:55+00:00","twitter_card":"summary_large_image","twitter_site":"@cFosEmobility","twitter_misc":{"Gesch\u00e4tzte Lesezeit":"6\u00a0Minuten"},"schema":{"@context":"https:\/\/schema.org","@graph":[{"@type":"WebPage","@id":"https:\/\/www.cfos-emobility.de\/network\/service\/anleitungen\/solares-ueberschussladen-mit-dem-cfos-charging-manager\/","url":"https:\/\/www.cfos-emobility.de\/network\/service\/anleitungen\/solares-ueberschussladen-mit-dem-cfos-charging-manager\/","name":"Solares \u00dcberschussladen mit dem cFos Charging Manager - cFos eMobility Network","isPartOf":{"@id":"https:\/\/www.cfos-emobility.de\/network\/#website"},"datePublished":"2023-03-28T11:46:24+00:00","dateModified":"2025-02-21T08:30:55+00:00","breadcrumb":{"@id":"https:\/\/www.cfos-emobility.de\/network\/service\/anleitungen\/solares-ueberschussladen-mit-dem-cfos-charging-manager\/#breadcrumb"},"inLanguage":"de","potentialAction":[{"@type":"ReadAction","target":["https:\/\/www.cfos-emobility.de\/network\/service\/anleitungen\/solares-ueberschussladen-mit-dem-cfos-charging-manager\/"]}]},{"@type":"BreadcrumbList","@id":"https:\/\/www.cfos-emobility.de\/network\/service\/anleitungen\/solares-ueberschussladen-mit-dem-cfos-charging-manager\/#breadcrumb","itemListElement":[{"@type":"ListItem","position":1,"name":"Startseite","item":"https:\/\/www.cfos-emobility.de\/network\/"},{"@type":"ListItem","position":2,"name":"Service","item":"https:\/\/www.cfos-emobility.de\/network\/service\/"},{"@type":"ListItem","position":3,"name":"Anleitungen","item":"https:\/\/www.cfos-emobility.de\/network\/service\/anleitungen\/"},{"@type":"ListItem","position":4,"name":"Solares \u00dcberschussladen mit dem cFos Charging Manager"}]},{"@type":"WebSite","@id":"https:\/\/www.cfos-emobility.de\/network\/#website","url":"https:\/\/www.cfos-emobility.de\/network\/","name":"cFos eMobility Network","description":"Das cFos Power Brain Community Portal","publisher":{"@id":"https:\/\/www.cfos-emobility.de\/network\/#organization"},"potentialAction":[{"@type":"SearchAction","target":{"@type":"EntryPoint","urlTemplate":"https:\/\/www.cfos-emobility.de\/network\/?s={search_term_string}"},"query-input":{"@type":"PropertyValueSpecification","valueRequired":true,"valueName":"search_term_string"}}],"inLanguage":"de"},{"@type":"Organization","@id":"https:\/\/www.cfos-emobility.de\/network\/#organization","name":"cFos eMobility GmbH","url":"https:\/\/www.cfos-emobility.de\/network\/","logo":{"@type":"ImageObject","inLanguage":"de","@id":"https:\/\/www.cfos-emobility.de\/network\/#\/schema\/logo\/image\/","url":"https:\/\/www.cfos-emobility.de\/network\/wp-content\/uploads\/2021\/12\/cfos-emobility-logo.jpg","contentUrl":"https:\/\/www.cfos-emobility.de\/network\/wp-content\/uploads\/2021\/12\/cfos-emobility-logo.jpg","width":221,"height":80,"caption":"cFos eMobility GmbH"},"image":{"@id":"https:\/\/www.cfos-emobility.de\/network\/#\/schema\/logo\/image\/"},"sameAs":["https:\/\/x.com\/cFosEmobility"]}]}},"_links":{"self":[{"href":"https:\/\/www.cfos-emobility.de\/network\/wp-json\/wp\/v2\/pages\/1347","targetHints":{"allow":["GET"]}}],"collection":[{"href":"https:\/\/www.cfos-emobility.de\/network\/wp-json\/wp\/v2\/pages"}],"about":[{"href":"https:\/\/www.cfos-emobility.de\/network\/wp-json\/wp\/v2\/types\/page"}],"author":[{"embeddable":true,"href":"https:\/\/www.cfos-emobility.de\/network\/wp-json\/wp\/v2\/users\/1"}],"replies":[{"embeddable":true,"href":"https:\/\/www.cfos-emobility.de\/network\/wp-json\/wp\/v2\/comments?post=1347"}],"version-history":[{"count":0,"href":"https:\/\/www.cfos-emobility.de\/network\/wp-json\/wp\/v2\/pages\/1347\/revisions"}],"up":[{"embeddable":true,"href":"https:\/\/www.cfos-emobility.de\/network\/wp-json\/wp\/v2\/pages\/1337"}],"wp:attachment":[{"href":"https:\/\/www.cfos-emobility.de\/network\/wp-json\/wp\/v2\/media?parent=1347"}],"wp:term":[{"taxonomy":"category","embeddable":true,"href":"https:\/\/www.cfos-emobility.de\/network\/wp-json\/wp\/v2\/categories?post=1347"},{"taxonomy":"post_tag","embeddable":true,"href":"https:\/\/www.cfos-emobility.de\/network\/wp-json\/wp\/v2\/tags?post=1347"}],"curies":[{"name":"wp","href":"https:\/\/api.w.org\/{rel}","templated":true}]}}